{"id":421,"date":"2018-06-07T05:37:15","date_gmt":"2018-06-07T05:37:15","guid":{"rendered":"http:\/\/rpdieselonline.com.br\/index.php\/services\/"},"modified":"2021-11-06T19:07:31","modified_gmt":"2021-11-06T19:07:31","slug":"servicos","status":"publish","type":"page","link":"http:\/\/techsulbrasil.com.br\/index.php\/servicos\/","title":{"rendered":"Servi\u00e7os"},"content":{"rendered":"\t\t<div data-elementor-type=\"wp-post\" data-elementor-id=\"421\" class=\"elementor elementor-421\" data-elementor-settings=\"[]\">\n\t\t\t\t\t\t<div class=\"elementor-inner\">\n\t\t\t\t\t\t\t<div class=\"elementor-section-wrap\">\n\t\t\t\t\t\t\t<section class=\"elementor-section elementor-top-section elementor-element elementor-element-f756a8f elementor-section-boxed elementor-section-height-default elementor-section-height-default\" data-id=\"f756a8f\" data-element_type=\"section\" data-settings=\"{&quot;background_background&quot;:&quot;classic&quot;}\">\n\t\t\t\t\t\t\t<div class=\"elementor-background-overlay\"><\/div>\n\t\t\t\t\t\t\t<div class=\"elementor-container elementor-column-gap-default\">\n\t\t\t\t\t\t\t<div class=\"elementor-row\">\n\t\t\t\t\t<div class=\"elementor-column elementor-col-100 elementor-top-column elementor-element elementor-element-0817830\" data-id=\"0817830\" data-element_type=\"column\">\n\t\t\t<div class=\"elementor-column-wrap elementor-element-populated\">\n\t\t\t\t\t\t\t<div class=\"elementor-widget-wrap\">\n\t\t\t\t\t\t<div class=\"elementor-element elementor-element-0e707d2 elementor-widget elementor-widget-heading\" data-id=\"0e707d2\" data-element_type=\"widget\" data-widget_type=\"heading.default\">\n\t\t\t\t<div class=\"elementor-widget-container\">\n\t\t\t<h1 class=\"elementor-heading-title elementor-size-default\">Produtos<\/h1>\t\t<\/div>\n\t\t\t\t<\/div>\n\t\t\t\t\t\t<\/div>\n\t\t\t\t\t<\/div>\n\t\t<\/div>\n\t\t\t\t\t\t\t\t<\/div>\n\t\t\t\t\t<\/div>\n\t\t<\/section>\n\t\t\t\t<section class=\"elementor-section elementor-top-section elementor-element elementor-element-a09835b elementor-section-boxed elementor-section-height-default elementor-section-height-default\" data-id=\"a09835b\" data-element_type=\"section\">\n\t\t\t\t\t\t<div class=\"elementor-container elementor-column-gap-default\">\n\t\t\t\t\t\t\t<div class=\"elementor-row\">\n\t\t\t\t\t<div class=\"elementor-column elementor-col-100 elementor-top-column elementor-element elementor-element-3d6b135\" data-id=\"3d6b135\" data-element_type=\"column\">\n\t\t\t<div class=\"elementor-column-wrap elementor-element-populated\">\n\t\t\t\t\t\t\t<div class=\"elementor-widget-wrap\">\n\t\t\t\t\t\t<div class=\"elementor-element elementor-element-c3f2d4a elementor-grid-3 elementor-grid-tablet-2 elementor-grid-mobile-1 eael-fg-hoverer-content-align-left elementor-widget elementor-widget-eael-filterable-gallery\" data-id=\"c3f2d4a\" data-element_type=\"widget\" data-settings=\"{&quot;columns&quot;:&quot;3&quot;,&quot;columns_tablet&quot;:&quot;2&quot;,&quot;columns_mobile&quot;:&quot;1&quot;,&quot;photo_gallery&quot;:&quot;yes&quot;}\" data-widget_type=\"eael-filterable-gallery.default\">\n\t\t\t\t<div class=\"elementor-widget-container\">\n\t\t\t        <div id=\"eael-filter-gallery-wrapper-c3f2d4a\" class=\"eael-filter-gallery-wrapper\" data-layout-mode=\"hoverer\" data-mfp_caption=\"\">\n            \n                        <div class=\"eael-filter-gallery-control\">\n                <ul><li data-load-more-status=\"0\" data-first-init=\"1\" class=\"control all-control active\" data-filter=\"*\">All<\/li><li data-load-more-status=\"0\" data-first-init=\"0\" class=\"control \" data-filter=\".eael-cf-gallery-item\">Gallery Item<\/li><\/ul>\n            <\/div>\n            \n            <div class=\"eael-filter-gallery-container eael-filter-gallery-grid\" data-images-per-page=\"\" data-total-gallery-items=\"6\" data-nomore-item-text=\"\" data-settings=\"{&quot;grid_style&quot;:&quot;grid&quot;,&quot;popup&quot;:&quot;buttons&quot;,&quot;duration&quot;:500,&quot;gallery_enabled&quot;:&quot;yes&quot;,&quot;post_id&quot;:421,&quot;widget_id&quot;:&quot;c3f2d4a&quot;}\" data-gallery-items=\"[&quot;\\u003Cdiv class=\\u0022eael-filterable-gallery-item-wrap\\u0022\\u003E\\n\\t\\t\\t\\t\\u003Cdiv class=\\u0022eael-gallery-grid-item\\u0022\\u003E\\u003Cdiv class=\\u0022gallery-item-thumbnail-wrap\\u0022\\u003E\\u003Cimg src=\\u0022http:\\\/\\\/techsulbrasil.com.br\\\/wp-content\\\/uploads\\\/2021\\\/10\\\/valvula-borboleta.jpg\\u0022 data-lazy-src=\\u0022http:\\\/\\\/techsulbrasil.com.br\\\/wp-content\\\/uploads\\\/2021\\\/10\\\/valvula-borboleta.jpg\\u0022 alt=\\u0022\\u0022 class=\\u0022gallery-item-thumbnail\\u0022\\u003E\\u003C\\\/div\\u003E\\u003Cdiv class=\\u0022gallery-item-caption-wrap caption-style-hoverer eael-slide-up\\u0022\\u003E\\u003Cdiv class=\\u0022gallery-item-hoverer-bg\\u0022\\u003E\\u003C\\\/div\\u003E\\u003Cdiv class=\\u0022gallery-item-caption-over\\u0022\\u003E\\u003Ch5 class=\\u0022fg-item-title\\u0022\\u003EV\u00e1lvulas Borboleta\\u003C\\\/h5\\u003E\\u003Cdiv class=\\u0022fg-item-content\\u0022\\u003E\\u003Cp\\u003EA V\u00e1lvula borboleta monobloco tem a constru\u00e7\u00e3o conforme a norma API 609 e \u00e9 compativel com os flanges.\\u003C\\\/p\\u003E\\n\\u003C\\\/div\\u003E\\u003Cdiv class=\\u0022gallery-item-buttons\\u0022\\u003E\\u003Ca href=\\u0022http:\\\/\\\/techsulbrasil.com.br\\\/wp-content\\\/uploads\\\/2021\\\/10\\\/valvula-borboleta.jpg\\u0022 class=\\u0022eael-magnific-link active\\u0022 data-elementor-open-lightbox=\\u0022no\\u0022\\u003E\\u003Cspan class=\\u0022fg-item-icon-inner\\u0022\\u003E\\u003Ci class=\\u0022fas fa-search-plus\\u0022 aria-hidden=\\u0022true\\u0022\\u003E\\u003C\\\/i\\u003E\\u003C\\\/span\\u003E\\n            \\u003C\\\/a\\u003E\\u003Ca href=\\u0022http:\\\/\\\/techsulbrasil.com.br\\\/index.php\\\/elementor-561\\\/\\u0022\\u003E\\u003Cspan class=\\u0022fg-item-icon-inner\\u0022\\u003E\\u003Ci class=\\u0022fas fa-link\\u0022 aria-hidden=\\u0022true\\u0022\\u003E\\u003C\\\/i\\u003E\\u003C\\\/span\\u003E\\u003C\\\/a\\u003E\\u003C\\\/div\\u003E\\u003C\\\/div\\u003E\\u003C\\\/div\\u003E\\u003C\\\/div\\u003E\\u003C\\\/div\\u003E&quot;,&quot;\\u003Cdiv class=\\u0022eael-filterable-gallery-item-wrap\\u0022\\u003E\\n\\t\\t\\t\\t\\u003Cdiv class=\\u0022eael-gallery-grid-item\\u0022\\u003E\\u003Cdiv class=\\u0022gallery-item-thumbnail-wrap\\u0022\\u003E\\u003Cimg src=\\u0022http:\\\/\\\/techsulbrasil.com.br\\\/wp-content\\\/uploads\\\/2021\\\/10\\\/valvula-de-esfera.jpg\\u0022 data-lazy-src=\\u0022http:\\\/\\\/techsulbrasil.com.br\\\/wp-content\\\/uploads\\\/2021\\\/10\\\/valvula-de-esfera.jpg\\u0022 alt=\\u0022\\u0022 class=\\u0022gallery-item-thumbnail\\u0022\\u003E\\u003C\\\/div\\u003E\\u003Cdiv class=\\u0022gallery-item-caption-wrap caption-style-hoverer eael-slide-up\\u0022\\u003E\\u003Cdiv class=\\u0022gallery-item-hoverer-bg\\u0022\\u003E\\u003C\\\/div\\u003E\\u003Cdiv class=\\u0022gallery-item-caption-over\\u0022\\u003E\\u003Ch5 class=\\u0022fg-item-title\\u0022\\u003EV\u00e1lvula de Esfera Bipartida Passagem Plena\\u003C\\\/h5\\u003E\\u003Cdiv class=\\u0022gallery-item-buttons\\u0022\\u003E\\u003Ca href=\\u0022http:\\\/\\\/techsulbrasil.com.br\\\/wp-content\\\/uploads\\\/2021\\\/10\\\/valvula-de-esfera.jpg\\u0022 class=\\u0022eael-magnific-link active\\u0022 data-elementor-open-lightbox=\\u0022no\\u0022\\u003E\\u003Cspan class=\\u0022fg-item-icon-inner\\u0022\\u003E\\u003Ci class=\\u0022fas fa-search-plus\\u0022 aria-hidden=\\u0022true\\u0022\\u003E\\u003C\\\/i\\u003E\\u003C\\\/span\\u003E\\n            \\u003C\\\/a\\u003E\\u003Ca href=\\u0022http:\\\/\\\/techsulbrasil.com.br\\\/index.php\\\/valvula-esfera\\\/\\u0022\\u003E\\u003Cspan class=\\u0022fg-item-icon-inner\\u0022\\u003E\\u003Ci class=\\u0022fas fa-link\\u0022 aria-hidden=\\u0022true\\u0022\\u003E\\u003C\\\/i\\u003E\\u003C\\\/span\\u003E\\u003C\\\/a\\u003E\\u003C\\\/div\\u003E\\u003C\\\/div\\u003E\\u003C\\\/div\\u003E\\u003C\\\/div\\u003E\\u003C\\\/div\\u003E&quot;,&quot;\\u003Cdiv class=\\u0022eael-filterable-gallery-item-wrap\\u0022\\u003E\\n\\t\\t\\t\\t\\u003Cdiv class=\\u0022eael-gallery-grid-item\\u0022\\u003E\\u003Cdiv class=\\u0022gallery-item-thumbnail-wrap\\u0022\\u003E\\u003Cimg src=\\u0022http:\\\/\\\/techsulbrasil.com.br\\\/wp-content\\\/uploads\\\/2021\\\/10\\\/capa-valvula-globo-150lbs.png\\u0022 data-lazy-src=\\u0022http:\\\/\\\/techsulbrasil.com.br\\\/wp-content\\\/uploads\\\/2021\\\/10\\\/capa-valvula-globo-150lbs.png\\u0022 alt=\\u0022\\u0022 class=\\u0022gallery-item-thumbnail\\u0022\\u003E\\u003C\\\/div\\u003E\\u003Cdiv class=\\u0022gallery-item-caption-wrap caption-style-hoverer eael-slide-up\\u0022\\u003E\\u003Cdiv class=\\u0022gallery-item-hoverer-bg\\u0022\\u003E\\u003C\\\/div\\u003E\\u003Cdiv class=\\u0022gallery-item-caption-over\\u0022\\u003E\\u003Ch5 class=\\u0022fg-item-title\\u0022\\u003EV\u00e1lvula Globo Classe 150 \\u003C\\\/h5\\u003E\\u003Cdiv class=\\u0022gallery-item-buttons\\u0022\\u003E\\u003Ca href=\\u0022http:\\\/\\\/techsulbrasil.com.br\\\/wp-content\\\/uploads\\\/2021\\\/10\\\/capa-valvula-globo-150lbs.png\\u0022 class=\\u0022eael-magnific-link active\\u0022 data-elementor-open-lightbox=\\u0022no\\u0022\\u003E\\u003Cspan class=\\u0022fg-item-icon-inner\\u0022\\u003E\\u003Ci class=\\u0022fas fa-search-plus\\u0022 aria-hidden=\\u0022true\\u0022\\u003E\\u003C\\\/i\\u003E\\u003C\\\/span\\u003E\\n            \\u003C\\\/a\\u003E\\u003Ca href=\\u0022http:\\\/\\\/techsulbrasil.com.br\\\/index.php\\\/valvulas-globo\\\/\\u0022\\u003E\\u003Cspan class=\\u0022fg-item-icon-inner\\u0022\\u003E\\u003Ci class=\\u0022fas fa-link\\u0022 aria-hidden=\\u0022true\\u0022\\u003E\\u003C\\\/i\\u003E\\u003C\\\/span\\u003E\\u003C\\\/a\\u003E\\u003C\\\/div\\u003E\\u003C\\\/div\\u003E\\u003C\\\/div\\u003E\\u003C\\\/div\\u003E\\u003C\\\/div\\u003E&quot;,&quot;\\u003Cdiv class=\\u0022eael-filterable-gallery-item-wrap\\u0022\\u003E\\n\\t\\t\\t\\t\\u003Cdiv class=\\u0022eael-gallery-grid-item\\u0022\\u003E\\u003Cdiv class=\\u0022gallery-item-thumbnail-wrap\\u0022\\u003E\\u003Cimg src=\\u0022http:\\\/\\\/techsulbrasil.com.br\\\/wp-content\\\/uploads\\\/2021\\\/10\\\/valvula-de-gaveta.jpg\\u0022 data-lazy-src=\\u0022http:\\\/\\\/techsulbrasil.com.br\\\/wp-content\\\/uploads\\\/2021\\\/10\\\/valvula-de-gaveta.jpg\\u0022 alt=\\u0022\\u0022 class=\\u0022gallery-item-thumbnail\\u0022\\u003E\\u003C\\\/div\\u003E\\u003Cdiv class=\\u0022gallery-item-caption-wrap caption-style-hoverer eael-slide-up\\u0022\\u003E\\u003Cdiv class=\\u0022gallery-item-hoverer-bg\\u0022\\u003E\\u003C\\\/div\\u003E\\u003Cdiv class=\\u0022gallery-item-caption-over\\u0022\\u003E\\u003Ch5 class=\\u0022fg-item-title\\u0022\\u003EV\u00e1lvula Gaveta Classe 150\\u003C\\\/h5\\u003E\\u003Cdiv class=\\u0022gallery-item-buttons\\u0022\\u003E\\u003Ca href=\\u0022http:\\\/\\\/techsulbrasil.com.br\\\/wp-content\\\/uploads\\\/2021\\\/10\\\/valvula-de-gaveta.jpg\\u0022 class=\\u0022eael-magnific-link active\\u0022 data-elementor-open-lightbox=\\u0022no\\u0022\\u003E\\u003Cspan class=\\u0022fg-item-icon-inner\\u0022\\u003E\\u003Ci class=\\u0022fas fa-search-plus\\u0022 aria-hidden=\\u0022true\\u0022\\u003E\\u003C\\\/i\\u003E\\u003C\\\/span\\u003E\\n            \\u003C\\\/a\\u003E\\u003Ca href=\\u0022http:\\\/\\\/techsulbrasil.com.br\\\/index.php\\\/valvulas-gaveta\\\/\\u0022\\u003E\\u003Cspan class=\\u0022fg-item-icon-inner\\u0022\\u003E\\u003Ci class=\\u0022fas fa-link\\u0022 aria-hidden=\\u0022true\\u0022\\u003E\\u003C\\\/i\\u003E\\u003C\\\/span\\u003E\\u003C\\\/a\\u003E\\u003C\\\/div\\u003E\\u003C\\\/div\\u003E\\u003C\\\/div\\u003E\\u003C\\\/div\\u003E\\u003C\\\/div\\u003E&quot;,&quot;\\u003Cdiv class=\\u0022eael-filterable-gallery-item-wrap\\u0022\\u003E\\n\\t\\t\\t\\t\\u003Cdiv class=\\u0022eael-gallery-grid-item\\u0022\\u003E\\u003Cdiv class=\\u0022gallery-item-thumbnail-wrap\\u0022\\u003E\\u003Cimg src=\\u0022http:\\\/\\\/techsulbrasil.com.br\\\/wp-content\\\/uploads\\\/2021\\\/10\\\/flanges-de-aco.jpg\\u0022 data-lazy-src=\\u0022http:\\\/\\\/techsulbrasil.com.br\\\/wp-content\\\/uploads\\\/2021\\\/10\\\/flanges-de-aco.jpg\\u0022 alt=\\u0022\\u0022 class=\\u0022gallery-item-thumbnail\\u0022\\u003E\\u003C\\\/div\\u003E\\u003Cdiv class=\\u0022gallery-item-caption-wrap caption-style-hoverer eael-slide-up\\u0022\\u003E\\u003Cdiv class=\\u0022gallery-item-hoverer-bg\\u0022\\u003E\\u003C\\\/div\\u003E\\u003Cdiv class=\\u0022gallery-item-caption-over\\u0022\\u003E\\u003Ch5 class=\\u0022fg-item-title\\u0022\\u003EFlanges de a\u00e7o carbono\\u003C\\\/h5\\u003E\\u003Cdiv class=\\u0022fg-item-content\\u0022\\u003E\\u003Cp\\u003EFlanges de a\u00e7o carbono\\u003C\\\/p\\u003E\\n\\u003C\\\/div\\u003E\\u003Cdiv class=\\u0022gallery-item-buttons\\u0022\\u003E\\u003Ca href=\\u0022http:\\\/\\\/techsulbrasil.com.br\\\/wp-content\\\/uploads\\\/2021\\\/10\\\/flanges-de-aco.jpg\\u0022 class=\\u0022eael-magnific-link active\\u0022 data-elementor-open-lightbox=\\u0022no\\u0022\\u003E\\u003Cspan class=\\u0022fg-item-icon-inner\\u0022\\u003E\\u003Ci class=\\u0022fas fa-search-plus\\u0022 aria-hidden=\\u0022true\\u0022\\u003E\\u003C\\\/i\\u003E\\u003C\\\/span\\u003E\\n            \\u003C\\\/a\\u003E\\u003Ca href=\\u0022http:\\\/\\\/techsulbrasil.com.br\\\/index.php\\\/flanges-2\\\/\\u0022\\u003E\\u003Cspan class=\\u0022fg-item-icon-inner\\u0022\\u003E\\u003Ci class=\\u0022fas fa-link\\u0022 aria-hidden=\\u0022true\\u0022\\u003E\\u003C\\\/i\\u003E\\u003C\\\/span\\u003E\\u003C\\\/a\\u003E\\u003C\\\/div\\u003E\\u003C\\\/div\\u003E\\u003C\\\/div\\u003E\\u003C\\\/div\\u003E\\u003C\\\/div\\u003E&quot;,&quot;\\u003Cdiv class=\\u0022eael-filterable-gallery-item-wrap eael-cf-atuador-pneumatico\\u0022\\u003E\\n\\t\\t\\t\\t\\u003Cdiv class=\\u0022eael-gallery-grid-item\\u0022\\u003E\\u003Cdiv class=\\u0022gallery-item-thumbnail-wrap\\u0022\\u003E\\u003Cimg src=\\u0022http:\\\/\\\/techsulbrasil.com.br\\\/wp-content\\\/uploads\\\/2021\\\/10\\\/atuador-pneumatico.gif\\u0022 data-lazy-src=\\u0022http:\\\/\\\/techsulbrasil.com.br\\\/wp-content\\\/uploads\\\/2021\\\/10\\\/atuador-pneumatico.gif\\u0022 alt=\\u0022\\u0022 class=\\u0022gallery-item-thumbnail\\u0022\\u003E\\u003C\\\/div\\u003E\\u003Cdiv class=\\u0022gallery-item-caption-wrap caption-style-hoverer eael-slide-up\\u0022\\u003E\\u003Cdiv class=\\u0022gallery-item-hoverer-bg\\u0022\\u003E\\u003C\\\/div\\u003E\\u003Cdiv class=\\u0022gallery-item-caption-over\\u0022\\u003E\\u003Ch5 class=\\u0022fg-item-title\\u0022\\u003EAtuador pneumatico\\u003C\\\/h5\\u003E\\u003Cdiv class=\\u0022gallery-item-buttons\\u0022\\u003E\\u003Ca href=\\u0022http:\\\/\\\/techsulbrasil.com.br\\\/wp-content\\\/uploads\\\/2021\\\/10\\\/atuador-pneumatico.gif\\u0022 class=\\u0022eael-magnific-link active\\u0022 data-elementor-open-lightbox=\\u0022no\\u0022\\u003E\\u003Cspan class=\\u0022fg-item-icon-inner\\u0022\\u003E\\u003Ci class=\\u0022fas fa-search-plus\\u0022 aria-hidden=\\u0022true\\u0022\\u003E\\u003C\\\/i\\u003E\\u003C\\\/span\\u003E\\n            \\u003C\\\/a\\u003E\\u003Ca href=\\u0022http:\\\/\\\/techsulbrasil.com.br\\\/index.php\\\/atuador-pneumatico\\\/\\u0022\\u003E\\u003Cspan class=\\u0022fg-item-icon-inner\\u0022\\u003E\\u003Ci class=\\u0022fas fa-link\\u0022 aria-hidden=\\u0022true\\u0022\\u003E\\u003C\\\/i\\u003E\\u003C\\\/span\\u003E\\u003C\\\/a\\u003E\\u003C\\\/div\\u003E\\u003C\\\/div\\u003E\\u003C\\\/div\\u003E\\u003C\\\/div\\u003E\\u003C\\\/div\\u003E&quot;]\" data-init-show=\"6\">\n                <div class=\"eael-filterable-gallery-item-wrap\">\n\t\t\t\t<div class=\"eael-gallery-grid-item\"><div class=\"gallery-item-thumbnail-wrap\"><img decoding=\"async\" src=\"http:\/\/techsulbrasil.com.br\/wp-content\/uploads\/2021\/10\/valvula-borboleta.jpg\" data-lazy-src=\"http:\/\/techsulbrasil.com.br\/wp-content\/uploads\/2021\/10\/valvula-borboleta.jpg\" alt=\"\" class=\"gallery-item-thumbnail\"><\/div><div class=\"gallery-item-caption-wrap caption-style-hoverer eael-slide-up\"><div class=\"gallery-item-hoverer-bg\"><\/div><div class=\"gallery-item-caption-over\"><h5 class=\"fg-item-title\">V\u00e1lvulas Borboleta<\/h5><div class=\"fg-item-content\"><p>A V\u00e1lvula borboleta monobloco tem a constru\u00e7\u00e3o conforme a norma API 609 e \u00e9 compativel com os flanges.<\/p>\n<\/div><div class=\"gallery-item-buttons\"><a href=\"http:\/\/techsulbrasil.com.br\/wp-content\/uploads\/2021\/10\/valvula-borboleta.jpg\" class=\"eael-magnific-link active\" data-elementor-open-lightbox=\"no\"><span class=\"fg-item-icon-inner\"><i class=\"fas fa-search-plus\" aria-hidden=\"true\"><\/i><\/span>\n            <\/a><a href=\"http:\/\/techsulbrasil.com.br\/index.php\/elementor-561\/\"><span class=\"fg-item-icon-inner\"><i class=\"fas fa-link\" aria-hidden=\"true\"><\/i><\/span><\/a><\/div><\/div><\/div><\/div><\/div><div class=\"eael-filterable-gallery-item-wrap\">\n\t\t\t\t<div class=\"eael-gallery-grid-item\"><div class=\"gallery-item-thumbnail-wrap\"><img decoding=\"async\" src=\"http:\/\/techsulbrasil.com.br\/wp-content\/uploads\/2021\/10\/valvula-de-esfera.jpg\" data-lazy-src=\"http:\/\/techsulbrasil.com.br\/wp-content\/uploads\/2021\/10\/valvula-de-esfera.jpg\" alt=\"\" class=\"gallery-item-thumbnail\"><\/div><div class=\"gallery-item-caption-wrap caption-style-hoverer eael-slide-up\"><div class=\"gallery-item-hoverer-bg\"><\/div><div class=\"gallery-item-caption-over\"><h5 class=\"fg-item-title\">V\u00e1lvula de Esfera Bipartida Passagem Plena<\/h5><div class=\"gallery-item-buttons\"><a href=\"http:\/\/techsulbrasil.com.br\/wp-content\/uploads\/2021\/10\/valvula-de-esfera.jpg\" class=\"eael-magnific-link active\" data-elementor-open-lightbox=\"no\"><span class=\"fg-item-icon-inner\"><i class=\"fas fa-search-plus\" aria-hidden=\"true\"><\/i><\/span>\n            <\/a><a href=\"http:\/\/techsulbrasil.com.br\/index.php\/valvula-esfera\/\"><span class=\"fg-item-icon-inner\"><i class=\"fas fa-link\" aria-hidden=\"true\"><\/i><\/span><\/a><\/div><\/div><\/div><\/div><\/div><div class=\"eael-filterable-gallery-item-wrap\">\n\t\t\t\t<div class=\"eael-gallery-grid-item\"><div class=\"gallery-item-thumbnail-wrap\"><img decoding=\"async\" src=\"http:\/\/techsulbrasil.com.br\/wp-content\/uploads\/2021\/10\/capa-valvula-globo-150lbs.png\" data-lazy-src=\"http:\/\/techsulbrasil.com.br\/wp-content\/uploads\/2021\/10\/capa-valvula-globo-150lbs.png\" alt=\"\" class=\"gallery-item-thumbnail\"><\/div><div class=\"gallery-item-caption-wrap caption-style-hoverer eael-slide-up\"><div class=\"gallery-item-hoverer-bg\"><\/div><div class=\"gallery-item-caption-over\"><h5 class=\"fg-item-title\">V\u00e1lvula Globo Classe 150 <\/h5><div class=\"gallery-item-buttons\"><a href=\"http:\/\/techsulbrasil.com.br\/wp-content\/uploads\/2021\/10\/capa-valvula-globo-150lbs.png\" class=\"eael-magnific-link active\" data-elementor-open-lightbox=\"no\"><span class=\"fg-item-icon-inner\"><i class=\"fas fa-search-plus\" aria-hidden=\"true\"><\/i><\/span>\n            <\/a><a href=\"http:\/\/techsulbrasil.com.br\/index.php\/valvulas-globo\/\"><span class=\"fg-item-icon-inner\"><i class=\"fas fa-link\" aria-hidden=\"true\"><\/i><\/span><\/a><\/div><\/div><\/div><\/div><\/div><div class=\"eael-filterable-gallery-item-wrap\">\n\t\t\t\t<div class=\"eael-gallery-grid-item\"><div class=\"gallery-item-thumbnail-wrap\"><img decoding=\"async\" src=\"http:\/\/techsulbrasil.com.br\/wp-content\/uploads\/2021\/10\/valvula-de-gaveta.jpg\" data-lazy-src=\"http:\/\/techsulbrasil.com.br\/wp-content\/uploads\/2021\/10\/valvula-de-gaveta.jpg\" alt=\"\" class=\"gallery-item-thumbnail\"><\/div><div class=\"gallery-item-caption-wrap caption-style-hoverer eael-slide-up\"><div class=\"gallery-item-hoverer-bg\"><\/div><div class=\"gallery-item-caption-over\"><h5 class=\"fg-item-title\">V\u00e1lvula Gaveta Classe 150<\/h5><div class=\"gallery-item-buttons\"><a href=\"http:\/\/techsulbrasil.com.br\/wp-content\/uploads\/2021\/10\/valvula-de-gaveta.jpg\" class=\"eael-magnific-link active\" data-elementor-open-lightbox=\"no\"><span class=\"fg-item-icon-inner\"><i class=\"fas fa-search-plus\" aria-hidden=\"true\"><\/i><\/span>\n            <\/a><a href=\"http:\/\/techsulbrasil.com.br\/index.php\/valvulas-gaveta\/\"><span class=\"fg-item-icon-inner\"><i class=\"fas fa-link\" aria-hidden=\"true\"><\/i><\/span><\/a><\/div><\/div><\/div><\/div><\/div><div class=\"eael-filterable-gallery-item-wrap\">\n\t\t\t\t<div class=\"eael-gallery-grid-item\"><div class=\"gallery-item-thumbnail-wrap\"><img decoding=\"async\" src=\"http:\/\/techsulbrasil.com.br\/wp-content\/uploads\/2021\/10\/flanges-de-aco.jpg\" data-lazy-src=\"http:\/\/techsulbrasil.com.br\/wp-content\/uploads\/2021\/10\/flanges-de-aco.jpg\" alt=\"\" class=\"gallery-item-thumbnail\"><\/div><div class=\"gallery-item-caption-wrap caption-style-hoverer eael-slide-up\"><div class=\"gallery-item-hoverer-bg\"><\/div><div class=\"gallery-item-caption-over\"><h5 class=\"fg-item-title\">Flanges de a\u00e7o carbono<\/h5><div class=\"fg-item-content\"><p>Flanges de a\u00e7o carbono<\/p>\n<\/div><div class=\"gallery-item-buttons\"><a href=\"http:\/\/techsulbrasil.com.br\/wp-content\/uploads\/2021\/10\/flanges-de-aco.jpg\" class=\"eael-magnific-link active\" data-elementor-open-lightbox=\"no\"><span class=\"fg-item-icon-inner\"><i class=\"fas fa-search-plus\" aria-hidden=\"true\"><\/i><\/span>\n            <\/a><a href=\"http:\/\/techsulbrasil.com.br\/index.php\/flanges-2\/\"><span class=\"fg-item-icon-inner\"><i class=\"fas fa-link\" aria-hidden=\"true\"><\/i><\/span><\/a><\/div><\/div><\/div><\/div><\/div><div class=\"eael-filterable-gallery-item-wrap eael-cf-atuador-pneumatico\">\n\t\t\t\t<div class=\"eael-gallery-grid-item\"><div class=\"gallery-item-thumbnail-wrap\"><img decoding=\"async\" src=\"http:\/\/techsulbrasil.com.br\/wp-content\/uploads\/2021\/10\/atuador-pneumatico.gif\" data-lazy-src=\"http:\/\/techsulbrasil.com.br\/wp-content\/uploads\/2021\/10\/atuador-pneumatico.gif\" alt=\"\" class=\"gallery-item-thumbnail\"><\/div><div class=\"gallery-item-caption-wrap caption-style-hoverer eael-slide-up\"><div class=\"gallery-item-hoverer-bg\"><\/div><div class=\"gallery-item-caption-over\"><h5 class=\"fg-item-title\">Atuador pneumatico<\/h5><div class=\"gallery-item-buttons\"><a href=\"http:\/\/techsulbrasil.com.br\/wp-content\/uploads\/2021\/10\/atuador-pneumatico.gif\" class=\"eael-magnific-link active\" data-elementor-open-lightbox=\"no\"><span class=\"fg-item-icon-inner\"><i class=\"fas fa-search-plus\" aria-hidden=\"true\"><\/i><\/span>\n            <\/a><a href=\"http:\/\/techsulbrasil.com.br\/index.php\/atuador-pneumatico\/\"><span class=\"fg-item-icon-inner\"><i class=\"fas fa-link\" aria-hidden=\"true\"><\/i><\/span><\/a><\/div><\/div><\/div><\/div><\/div>            <\/div>\n            \n                    <\/div>\n        \n        \t\t<\/div>\n\t\t\t\t<\/div>\n\t\t\t\t\t\t<\/div>\n\t\t\t\t\t<\/div>\n\t\t<\/div>\n\t\t\t\t\t\t\t\t<\/div>\n\t\t\t\t\t<\/div>\n\t\t<\/section>\n\t\t\t\t\t\t<\/div>\n\t\t\t\t\t\t<\/div>\n\t\t\t\t\t<\/div>\n\t\t","protected":false},"excerpt":{"rendered":"<p>Produtos All Gallery Item V\u00e1lvulas Borboleta A V\u00e1lvula borboleta monobloco tem a constru\u00e7\u00e3o conforme a norma API 609 e \u00e9 compativel com os flanges. V\u00e1lvula de Esfera Bipartida Passagem Plena V\u00e1lvula Globo Classe 150 V\u00e1lvula Gaveta Classe 150 Flanges de a\u00e7o carbono Flanges de a\u00e7o carbono Atuador pneumatico<\/p>\n","protected":false},"author":1,"featured_media":0,"parent":0,"menu_order":0,"comment_status":"closed","ping_status":"closed","template":"","meta":{"footnotes":""},"class_list":["post-421","page","type-page","status-publish","hentry"],"_links":{"self":[{"href":"http:\/\/techsulbrasil.com.br\/index.php\/wp-json\/wp\/v2\/pages\/421","targetHints":{"allow":["GET"]}}],"collection":[{"href":"http:\/\/techsulbrasil.com.br\/index.php\/wp-json\/wp\/v2\/pages"}],"about":[{"href":"http:\/\/techsulbrasil.com.br\/index.php\/wp-json\/wp\/v2\/types\/page"}],"author":[{"embeddable":true,"href":"http:\/\/techsulbrasil.com.br\/index.php\/wp-json\/wp\/v2\/users\/1"}],"replies":[{"embeddable":true,"href":"http:\/\/techsulbrasil.com.br\/index.php\/wp-json\/wp\/v2\/comments?post=421"}],"version-history":[{"count":37,"href":"http:\/\/techsulbrasil.com.br\/index.php\/wp-json\/wp\/v2\/pages\/421\/revisions"}],"predecessor-version":[{"id":806,"href":"http:\/\/techsulbrasil.com.br\/index.php\/wp-json\/wp\/v2\/pages\/421\/revisions\/806"}],"wp:attachment":[{"href":"http:\/\/techsulbrasil.com.br\/index.php\/wp-json\/wp\/v2\/media?parent=421"}],"curies":[{"name":"wp","href":"https:\/\/api.w.org\/{rel}","templated":true}]}}