{"id":561,"date":"2021-10-30T18:10:46","date_gmt":"2021-10-30T18:10:46","guid":{"rendered":"http:\/\/rpdieselonline.com.br\/?page_id=561"},"modified":"2021-10-30T18:18:42","modified_gmt":"2021-10-30T18:18:42","slug":"elementor-561","status":"publish","type":"page","link":"http:\/\/techsulbrasil.com.br\/index.php\/elementor-561\/","title":{"rendered":"Elementor #561"},"content":{"rendered":"\t\t<div data-elementor-type=\"wp-page\" data-elementor-id=\"561\" class=\"elementor elementor-561\" data-elementor-settings=\"[]\">\n\t\t\t\t\t\t<div class=\"elementor-inner\">\n\t\t\t\t\t\t\t<div class=\"elementor-section-wrap\">\n\t\t\t\t\t\t\t<section class=\"elementor-section elementor-top-section elementor-element elementor-element-e2f7aab elementor-section-boxed elementor-section-height-default elementor-section-height-default\" data-id=\"e2f7aab\" data-element_type=\"section\">\n\t\t\t\t\t\t<div class=\"elementor-container elementor-column-gap-default\">\n\t\t\t\t\t\t\t<div class=\"elementor-row\">\n\t\t\t\t\t<div class=\"elementor-column elementor-col-100 elementor-top-column elementor-element elementor-element-5099000\" data-id=\"5099000\" data-element_type=\"column\">\n\t\t\t<div class=\"elementor-column-wrap elementor-element-populated\">\n\t\t\t\t\t\t\t<div class=\"elementor-widget-wrap\">\n\t\t\t\t\t\t<div class=\"elementor-element elementor-element-cc2b33a elementor-widget elementor-widget-heading\" data-id=\"cc2b33a\" data-element_type=\"widget\" data-widget_type=\"heading.default\">\n\t\t\t\t<div class=\"elementor-widget-container\">\n\t\t\t<h2 class=\"elementor-heading-title elementor-size-default\">V\u00e1lvula de borboleta<\/h2>\t\t<\/div>\n\t\t\t\t<\/div>\n\t\t\t\t\t\t<\/div>\n\t\t\t\t\t<\/div>\n\t\t<\/div>\n\t\t\t\t\t\t\t\t<\/div>\n\t\t\t\t\t<\/div>\n\t\t<\/section>\n\t\t\t\t<section class=\"elementor-section elementor-top-section elementor-element elementor-element-9ccb1de elementor-section-boxed elementor-section-height-default elementor-section-height-default\" data-id=\"9ccb1de\" data-element_type=\"section\">\n\t\t\t\t\t\t<div class=\"elementor-container elementor-column-gap-default\">\n\t\t\t\t\t\t\t<div class=\"elementor-row\">\n\t\t\t\t\t<div class=\"elementor-column elementor-col-100 elementor-top-column elementor-element elementor-element-b6e05ad\" data-id=\"b6e05ad\" data-element_type=\"column\">\n\t\t\t<div class=\"elementor-column-wrap elementor-element-populated\">\n\t\t\t\t\t\t\t<div class=\"elementor-widget-wrap\">\n\t\t\t\t\t\t<div class=\"elementor-element elementor-element-2061a4a elementor-widget elementor-widget-image\" data-id=\"2061a4a\" data-element_type=\"widget\" data-widget_type=\"image.default\">\n\t\t\t\t<div class=\"elementor-widget-container\">\n\t\t\t\t\t\t\t\t<div class=\"elementor-image\">\n\t\t\t\t\t\t\t\t\t\t\t\t<img loading=\"lazy\" decoding=\"async\" width=\"500\" height=\"500\" src=\"http:\/\/techsulbrasil.com.br\/wp-content\/uploads\/2021\/10\/valvula-borboleta.jpg\" class=\"attachment-large size-large\" alt=\"\" srcset=\"http:\/\/techsulbrasil.com.br\/wp-content\/uploads\/2021\/10\/valvula-borboleta.jpg 500w, http:\/\/techsulbrasil.com.br\/wp-content\/uploads\/2021\/10\/valvula-borboleta-300x300.jpg 300w, http:\/\/techsulbrasil.com.br\/wp-content\/uploads\/2021\/10\/valvula-borboleta-150x150.jpg 150w\" sizes=\"auto, (max-width: 500px) 100vw, 500px\" \/>\t\t\t\t\t\t\t\t\t\t\t\t\t\t<\/div>\n\t\t\t\t\t\t<\/div>\n\t\t\t\t<\/div>\n\t\t\t\t<div class=\"elementor-element elementor-element-daed3c7 elementor-widget elementor-widget-text-editor\" data-id=\"daed3c7\" data-element_type=\"widget\" data-widget_type=\"text-editor.default\">\n\t\t\t\t<div class=\"elementor-widget-container\">\n\t\t\t\t\t\t\t\t<div class=\"elementor-text-editor elementor-clearfix\">\n\t\t\t\t<p>A V\u00e1lvula borboleta monobloco tem a constru\u00e7\u00e3o conforme a norma API 609 e \u00e9 compativel com os flanges Ansi B 16.5 classe 150# e NBR 7675 PN 10. A haste inteiri\u00e7a em a\u00e7o inox 410 proporciona perfeita resist\u00eancia e controle seguro do disco.<\/p><p><strong>Padr\u00f5es de constru\u00e7\u00e3o e caracter\u00edsticas gerais<\/strong><br \/>\u00a0<br \/>\u2022 A v\u00e1lvula borboleta Techsul monobloco \u00e9 fabricada conforme norma API 609,\u00a0<br \/>compat\u00edvel com os flanges ANSI B16.5 Classe 150 lbs e NBR 7675 PN 10.<br \/>\u2022 A sede de veda\u00e7\u00e3o isola o corpo e a haste do contato com o fluido e um anel\u00a0<br \/>moldado na face elimina a necessidade de juntas e assegura a veda\u00e7\u00e3o com flange.<br \/>\u2022 A flange de topo constru\u00edda conforme ISO 5211, facilita a intercambilidade de atuadores.<br \/>\u2022 A ponta quadrada do eixo segue a norma DIN 3337 com total intercambiabilidade com a montagem de atuadores.<\/p>\t\t\t\t\t<\/div>\n\t\t\t\t\t\t<\/div>\n\t\t\t\t<\/div>\n\t\t\t\t\t\t<\/div>\n\t\t\t\t\t<\/div>\n\t\t<\/div>\n\t\t\t\t\t\t\t\t<\/div>\n\t\t\t\t\t<\/div>\n\t\t<\/section>\n\t\t\t\t<section class=\"elementor-section elementor-top-section elementor-element elementor-element-2f7c548 elementor-section-boxed elementor-section-height-default elementor-section-height-default\" data-id=\"2f7c548\" data-element_type=\"section\">\n\t\t\t\t\t\t<div class=\"elementor-container elementor-column-gap-default\">\n\t\t\t\t\t\t\t<div class=\"elementor-row\">\n\t\t\t\t\t<div class=\"elementor-column elementor-col-100 elementor-top-column elementor-element elementor-element-025bea4\" data-id=\"025bea4\" data-element_type=\"column\">\n\t\t\t<div class=\"elementor-column-wrap elementor-element-populated\">\n\t\t\t\t\t\t\t<div class=\"elementor-widget-wrap\">\n\t\t\t\t\t\t<div class=\"elementor-element elementor-element-8ad35be elementor-widget elementor-widget-text-editor\" data-id=\"8ad35be\" data-element_type=\"widget\" data-widget_type=\"text-editor.default\">\n\t\t\t\t<div class=\"elementor-widget-container\">\n\t\t\t\t\t\t\t\t<div class=\"elementor-text-editor elementor-clearfix\">\n\t\t\t\t<table border=\"0\" width=\"730\" cellspacing=\"0\" cellpadding=\"0\"><tbody><tr><td colspan=\"2\" align=\"left\" valign=\"top\"><div align=\"center\"><p>\u00a0<\/p><table border=\"0\" width=\"728\" cellspacing=\"3\" cellpadding=\"3\"><tbody><tr><td class=\"titulo1\" rowspan=\"7\" align=\"center\" width=\"281\"><img loading=\"lazy\" decoding=\"async\" class=\"alignnone size-full wp-image-566\" src=\"http:\/\/techsulbrasil.com.br\/wp-content\/uploads\/2021\/10\/val7.jpg\" alt=\"\" width=\"281\" height=\"300\" \/><\/td><td class=\"titulo1\" align=\"center\" bgcolor=\"#096D9C\" width=\"117\"><div align=\"center\"><strong>Componente da V\u00e1lvula<\/strong><\/div><\/td><td class=\"titulo1\" align=\"center\" bgcolor=\"#096D9C\" width=\"300\"><div align=\"center\"><strong>Materiais de Constru\u00e7\u00e3o<\/strong><\/div><\/td><\/tr><tr><td class=\"normalbold\" align=\"center\" bgcolor=\"#D7E8F1\" width=\"117\" height=\"44\">Corpo<\/td><td class=\"normal\" align=\"center\" bgcolor=\"#D7E8F1\" width=\"300\"><div align=\"left\">Ferro fundido cinzento, Ferro fundido nodular, A\u00e7o inoxid\u00e1vel CF8M, A\u00e7o carbono<\/div><\/td><\/tr><tr><td class=\"normalbold\" align=\"center\" width=\"117\" height=\"46\">Disco<\/td><td class=\"normal\" align=\"center\" width=\"300\"><div align=\"left\">Ferro fundido nodular, A\u00e7o inoxid\u00e1vel CF8, A\u00e7o inoxid\u00e1vel CF8M<\/div><\/td><\/tr><tr><td class=\"normalbold\" align=\"center\" bgcolor=\"#D7E8F1\" width=\"117\" height=\"34\">Haste<\/td><td class=\"normal\" align=\"center\" bgcolor=\"#D7E8F1\" width=\"300\"><div align=\"left\">A\u00e7o Inoxid\u00e1vel 410<\/div><\/td><\/tr><tr><td class=\"normalbold\" align=\"center\" width=\"117\" height=\"53\">Sede<\/td><td class=\"normal\" align=\"center\" width=\"300\"><div align=\"left\">EPDM, BUNA-N, VITON, TEFLON, SILICONE, SBR, NBR, HYPALON, NEOPRENE<\/div><\/td><\/tr><tr><td class=\"normalbold\" align=\"center\" bgcolor=\"#D7E8F1\" width=\"117\" height=\"32\">Bucha<\/td><td class=\"normal\" align=\"center\" bgcolor=\"#D7E8F1\" width=\"300\"><div align=\"left\">Acetal<\/div><\/td><\/tr><tr><td class=\"normalbold\" align=\"center\" width=\"117\">Gaxeta da Haste<\/td><td class=\"normal\" align=\"center\" width=\"300\"><div align=\"left\">NBR<\/div><\/td><\/tr><\/tbody><\/table><p>\u00a0<\/p><\/div><div align=\"center\"><p>\u00a0<\/p><table border=\"0\" width=\"99%\" cellspacing=\"0\" cellpadding=\"0\"><tbody><tr><td class=\"normal\" bgcolor=\"#D7E8F1\" width=\"50%\">Limites de press\u00e3o m\u00e1xima de trabalho:\u00a0<br \/>150 psi (montagem entre flanges).<\/td><td class=\"normal\" bgcolor=\"#D7E8F1\" width=\"50%\">Limite de temperatura:<br \/>0 \u00e0 100 &#8211; Bruna-N<br \/>-40 \u00e0 120 &#8211; EPDM<\/td><\/tr><\/tbody><\/table><p>\u00a0<\/p><\/div><\/td><\/tr><tr><td align=\"left\" valign=\"top\" height=\"19\">\u00a0<\/td><td align=\"left\" valign=\"top\">\u00a0<\/td><\/tr><tr><td colspan=\"2\" align=\"center\" valign=\"top\" height=\"19\"><img loading=\"lazy\" decoding=\"async\" class=\" wp-image-570 aligncenter\" src=\"http:\/\/techsulbrasil.com.br\/wp-content\/uploads\/2021\/10\/valborb5-300x138.gif\" alt=\"\" width=\"486\" height=\"224\" \/><\/td><\/tr><tr><td align=\"left\" valign=\"top\" height=\"19\">\u00a0<\/td><td align=\"left\" valign=\"top\">\u00a0<\/td><\/tr><tr><td colspan=\"2\" align=\"left\" valign=\"top\" height=\"19\"><table border=\"0\" width=\"730\" cellspacing=\"3\" cellpadding=\"0\"><tbody><tr><td class=\"titulo1\" colspan=\"2\" bgcolor=\"#096D9C\"><div align=\"center\">Di\u00e2metro<\/div><\/td><td class=\"titulo1\" colspan=\"10\" bgcolor=\"#096D9C\"><div align=\"center\">Dimens\u00f5es(mm)<\/div><\/td><td class=\"titulo1\" rowspan=\"2\" bgcolor=\"#096D9C\" width=\"128\"><p align=\"center\">Peso Aprox. (Kg)<\/p><\/td><\/tr><tr><td class=\"titulo1\" bgcolor=\"#096D9C\" width=\"33\"><div align=\"center\">Pol.<\/div><\/td><td class=\"titulo1\" bgcolor=\"#096D9C\" width=\"55\"><div align=\"center\">mm<\/div><\/td><td class=\"titulo1\" bgcolor=\"#096D9C\" width=\"33\"><div align=\"center\">A<\/div><\/td><td class=\"titulo1\" bgcolor=\"#096D9C\" width=\"33\"><div align=\"center\">B<\/div><\/td><td class=\"titulo1\" bgcolor=\"#096D9C\" width=\"55\"><div align=\"center\">C<\/div><\/td><td class=\"titulo1\" bgcolor=\"#096D9C\" width=\"55\"><div align=\"center\">D<\/div><\/td><td class=\"titulo1\" bgcolor=\"#096D9C\" width=\"56\"><div align=\"center\">E<\/div><\/td><td class=\"titulo1\" bgcolor=\"#096D9C\" width=\"48\"><div align=\"center\">F<\/div><\/td><td class=\"titulo1\" bgcolor=\"#096D9C\" width=\"48\"><div align=\"center\">G<\/div><\/td><td class=\"titulo1\" bgcolor=\"#096D9C\" width=\"48\"><div align=\"center\">Q<\/div><\/td><td class=\"titulo1\" bgcolor=\"#096D9C\" width=\"48\"><div align=\"center\">L<\/div><\/td><td class=\"titulo1\" bgcolor=\"#096D9C\" width=\"48\"><div align=\"center\">M<\/div><\/td><\/tr><tr><td class=\"normal\">2<\/td><td class=\"normal\">50<\/td><td class=\"normal\">50<\/td><td class=\"normal\">98<\/td><td class=\"normal\">139,5<\/td><td class=\"normal\">41<\/td><td class=\"normal\">104<\/td><td class=\"normal\">33<\/td><td class=\"normal\">11<\/td><td class=\"normal\">35<\/td><td class=\"normal\">70<\/td><td class=\"normal\">10<\/td><td class=\"normal\">3,5<\/td><\/tr><tr><td class=\"normal\" bgcolor=\"#D7E8F1\">2,5<\/td><td class=\"normal\" bgcolor=\"#D7E8F1\">65<\/td><td class=\"normal\" bgcolor=\"#D7E8F1\">63<\/td><td class=\"normal\" bgcolor=\"#D7E8F1\">112<\/td><td class=\"normal\" bgcolor=\"#D7E8F1\">152<\/td><td class=\"normal\" bgcolor=\"#D7E8F1\">44<\/td><td class=\"normal\" bgcolor=\"#D7E8F1\">104<\/td><td class=\"normal\" bgcolor=\"#D7E8F1\">33<\/td><td class=\"normal\" bgcolor=\"#D7E8F1\">11<\/td><td class=\"normal\" bgcolor=\"#D7E8F1\">52<\/td><td class=\"normal\" bgcolor=\"#D7E8F1\">70<\/td><td class=\"normal\" bgcolor=\"#D7E8F1\">10<\/td><td class=\"normal\" bgcolor=\"#D7E8F1\">5,0<\/td><\/tr><tr><td class=\"normal\">3<\/td><td class=\"normal\">80<\/td><td class=\"normal\">78<\/td><td class=\"normal\">126<\/td><td class=\"normal\">159<\/td><td class=\"normal\">44<\/td><td class=\"normal\">104<\/td><td class=\"normal\">33<\/td><td class=\"normal\">11<\/td><td class=\"normal\">65<\/td><td class=\"normal\">70<\/td><td class=\"normal\">10<\/td><td class=\"normal\">5,5<\/td><\/tr><tr><td class=\"normal\" bgcolor=\"#D7E8F1\">4<\/td><td class=\"normal\" bgcolor=\"#D7E8F1\">100<\/td><td class=\"normal\" bgcolor=\"#D7E8F1\">100<\/td><td class=\"normal\" bgcolor=\"#D7E8F1\">160<\/td><td class=\"normal\" bgcolor=\"#D7E8F1\">178<\/td><td class=\"normal\" bgcolor=\"#D7E8F1\">51<\/td><td class=\"normal\" bgcolor=\"#D7E8F1\">104<\/td><td class=\"normal\" bgcolor=\"#D7E8F1\">33<\/td><td class=\"normal\" bgcolor=\"#D7E8F1\">11<\/td><td class=\"normal\" bgcolor=\"#D7E8F1\">92<\/td><td class=\"normal\" bgcolor=\"#D7E8F1\">70<\/td><td class=\"normal\" bgcolor=\"#D7E8F1\">10<\/td><td class=\"normal\" bgcolor=\"#D7E8F1\">8,0<\/td><\/tr><tr><td class=\"normal\">5<\/td><td class=\"normal\">125<\/td><td class=\"normal\">125<\/td><td class=\"normal\">185<\/td><td class=\"normal\">191<\/td><td class=\"normal\">54<\/td><td class=\"normal\">104<\/td><td class=\"normal\">33<\/td><td class=\"normal\">14<\/td><td class=\"normal\">121<\/td><td class=\"normal\">70<\/td><td class=\"normal\">10<\/td><td class=\"normal\">10,0<\/td><\/tr><tr><td class=\"normal\" bgcolor=\"#D7E8F1\">6<\/td><td class=\"normal\" bgcolor=\"#D7E8F1\">150<\/td><td class=\"normal\" bgcolor=\"#D7E8F1\">150<\/td><td class=\"normal\" bgcolor=\"#D7E8F1\">210<\/td><td class=\"normal\" bgcolor=\"#D7E8F1\">202<\/td><td class=\"normal\" bgcolor=\"#D7E8F1\">54<\/td><td class=\"normal\" bgcolor=\"#D7E8F1\">104<\/td><td class=\"normal\" bgcolor=\"#D7E8F1\">33<\/td><td class=\"normal\" bgcolor=\"#D7E8F1\">14<\/td><td class=\"normal\" bgcolor=\"#D7E8F1\">140<\/td><td class=\"normal\" bgcolor=\"#D7E8F1\">70<\/td><td class=\"normal\" bgcolor=\"#D7E8F1\">10<\/td><td class=\"normal\" bgcolor=\"#D7E8F1\">12,5<\/td><\/tr><tr><td class=\"normal\">8<\/td><td class=\"normal\">200<\/td><td class=\"normal\">200<\/td><td class=\"normal\">265<\/td><td class=\"normal\">242,5<\/td><td class=\"normal\">64<\/td><td class=\"normal\">155<\/td><td class=\"normal\">33<\/td><td class=\"normal\">17<\/td><td class=\"normal\">191<\/td><td class=\"normal\">102<\/td><td class=\"normal\">12<\/td><td class=\"normal\">20,0<\/td><\/tr><tr><td class=\"normal\" bgcolor=\"#D7E8F1\">10<\/td><td class=\"normal\" bgcolor=\"#D7E8F1\">250<\/td><td class=\"normal\" bgcolor=\"#D7E8F1\">250<\/td><td class=\"normal\" bgcolor=\"#D7E8F1\">325<\/td><td class=\"normal\" bgcolor=\"#D7E8F1\">274,5<\/td><td class=\"normal\" bgcolor=\"#D7E8F1\">64<\/td><td class=\"normal\" bgcolor=\"#D7E8F1\">155<\/td><td class=\"normal\" bgcolor=\"#D7E8F1\">33<\/td><td class=\"normal\" bgcolor=\"#D7E8F1\">22<\/td><td class=\"normal\" bgcolor=\"#D7E8F1\">244<\/td><td class=\"normal\" bgcolor=\"#D7E8F1\">102<\/td><td class=\"normal\" bgcolor=\"#D7E8F1\">12<\/td><td class=\"normal\" bgcolor=\"#D7E8F1\">22,0<\/td><\/tr><tr><td class=\"normal\">12<\/td><td class=\"normal\">300<\/td><td class=\"normal\">300<\/td><td class=\"normal\">370<\/td><td class=\"normal\">311<\/td><td class=\"normal\">76<\/td><td class=\"normal\">155<\/td><td class=\"normal\">33<\/td><td class=\"normal\">22<\/td><td class=\"normal\">294<\/td><td class=\"normal\">102<\/td><td class=\"normal\">12<\/td><td class=\"normal\">31,0<\/td><\/tr><tr><td class=\"normal\" bgcolor=\"#D7E8F1\">14<\/td><td class=\"normal\" bgcolor=\"#D7E8F1\">350<\/td><td class=\"normal\" bgcolor=\"#D7E8F1\">337<\/td><td class=\"normal\" bgcolor=\"#D7E8F1\">415<\/td><td class=\"normal\" bgcolor=\"#D7E8F1\">309<\/td><td class=\"normal\" bgcolor=\"#D7E8F1\">76<\/td><td class=\"normal\" bgcolor=\"#D7E8F1\">155<\/td><td class=\"normal\" bgcolor=\"#D7E8F1\">76<\/td><td class=\"normal\" bgcolor=\"#D7E8F1\">27<\/td><td class=\"normal\" bgcolor=\"#D7E8F1\">333<\/td><td class=\"normal\" bgcolor=\"#D7E8F1\">125<\/td><td class=\"normal\" bgcolor=\"#D7E8F1\">14<\/td><td class=\"normal\" bgcolor=\"#D7E8F1\">52,0<\/td><\/tr><tr><td class=\"normal\">16<\/td><td class=\"normal\">400<\/td><td class=\"normal\">387<\/td><td class=\"normal\">485<\/td><td class=\"normal\">340<\/td><td class=\"normal\">102<\/td><td class=\"normal\">150<\/td><td class=\"normal\">76<\/td><td class=\"normal\">27<\/td><td class=\"normal\">381<\/td><td class=\"normal\">125<\/td><td class=\"normal\">14<\/td><td class=\"normal\">95,0<\/td><\/tr><tr><td class=\"normal\" bgcolor=\"#D7E8F1\">18<\/td><td class=\"normal\" bgcolor=\"#D7E8F1\">450<\/td><td class=\"normal\" bgcolor=\"#D7E8F1\">438<\/td><td class=\"normal\" bgcolor=\"#D7E8F1\">538<\/td><td class=\"normal\" bgcolor=\"#D7E8F1\">370,5<\/td><td class=\"normal\" bgcolor=\"#D7E8F1\">108<\/td><td class=\"normal\" bgcolor=\"#D7E8F1\">206<\/td><td class=\"normal\" bgcolor=\"#D7E8F1\">112<\/td><td class=\"normal\" bgcolor=\"#D7E8F1\">36<\/td><td class=\"normal\" bgcolor=\"#D7E8F1\">492<\/td><td class=\"normal\" bgcolor=\"#D7E8F1\">165<\/td><td class=\"normal\" bgcolor=\"#D7E8F1\">22<\/td><td class=\"normal\" bgcolor=\"#D7E8F1\">109,0<\/td><\/tr><tr><td class=\"normal\">20<\/td><td class=\"normal\">500<\/td><td class=\"normal\">492<\/td><td class=\"normal\">585<\/td><td class=\"normal\">405<\/td><td class=\"normal\">127<\/td><td class=\"normal\">206<\/td><td class=\"normal\">112<\/td><td class=\"normal\">36<\/td><td class=\"normal\">476<\/td><td class=\"normal\">165<\/td><td class=\"normal\">22<\/td><td class=\"normal\">143,5<\/td><\/tr><tr><td class=\"normal\" bgcolor=\"#D7E8F1\">24<\/td><td class=\"normal\" bgcolor=\"#D7E8F1\">600<\/td><td class=\"normal\" bgcolor=\"#D7E8F1\">577<\/td><td class=\"normal\" bgcolor=\"#D7E8F1\">690<\/td><td class=\"normal\" bgcolor=\"#D7E8F1\">494,5<\/td><td class=\"normal\" bgcolor=\"#D7E8F1\">151<\/td><td class=\"normal\" bgcolor=\"#D7E8F1\">206<\/td><td class=\"normal\" bgcolor=\"#D7E8F1\">112<\/td><td class=\"normal\" bgcolor=\"#D7E8F1\">46<\/td><td class=\"normal\" bgcolor=\"#D7E8F1\">557<\/td><td class=\"normal\" bgcolor=\"#D7E8F1\">165<\/td><td class=\"normal\" bgcolor=\"#D7E8F1\">22<\/td><td class=\"normal\" bgcolor=\"#D7E8F1\">150,0<\/td><\/tr><\/tbody><\/table><\/td><\/tr><tr><td align=\"left\" valign=\"top\" height=\"19\">\u00a0<\/td><td align=\"left\" valign=\"top\">\u00a0<\/td><\/tr><tr><td colspan=\"2\" align=\"left\" valign=\"top\" height=\"124\"><table border=\"0\" width=\"100%\" cellspacing=\"0\" cellpadding=\"0\"><tbody><tr><td align=\"center\" valign=\"top\" width=\"48%\"><p><img loading=\"lazy\" decoding=\"async\" class=\"alignnone size-full wp-image-572\" src=\"http:\/\/techsulbrasil.com.br\/wp-content\/uploads\/2021\/10\/acio1.jpg\" alt=\"\" width=\"233\" height=\"137\" \/><\/p><table border=\"0\" width=\"66%\" cellspacing=\"3\" cellpadding=\"0\"><tbody><tr><td class=\"normalbold\" colspan=\"7\" bgcolor=\"#096D9C\"><div class=\"titulo1\" align=\"center\">CAIXA REDUTORA<br \/>TABELA DE DIMENS\u00d5ES<\/div><\/td><\/tr><tr><td class=\"normalbold\"><div align=\"center\">Pol.<\/div><\/td><td class=\"normalbold\"><div align=\"center\">A<\/div><\/td><td class=\"normalbold\"><div align=\"center\">B<\/div><\/td><td class=\"normalbold\"><div align=\"center\">C<\/div><\/td><td class=\"normalbold\"><div align=\"center\">D<\/div><\/td><td class=\"normalbold\"><div align=\"center\">Peso(Hg)<\/div><\/td><td class=\"normalbold\"><div align=\"center\">Peso(Lb)<\/div><\/td><\/tr><tr bgcolor=\"#999999\"><td class=\"normal\" bgcolor=\"#D7E8F1\" height=\"19\"><div align=\"center\">2&#8221;a 6&#8221;<\/div><\/td><td class=\"normal\" bgcolor=\"#D7E8F1\"><div align=\"center\">45<\/div><\/td><td class=\"normal\" bgcolor=\"#D7E8F1\"><div align=\"center\">73<\/div><\/td><td class=\"normal\" bgcolor=\"#D7E8F1\"><div align=\"center\">187<\/div><\/td><td class=\"normal\" bgcolor=\"#D7E8F1\"><div align=\"center\">\u00d8152<\/div><\/td><td class=\"normal\" bgcolor=\"#D7E8F1\"><div align=\"center\">6<\/div><\/td><td class=\"normal\" bgcolor=\"#D7E8F1\"><div align=\"center\">13<\/div><\/td><\/tr><tr><td class=\"normal\" height=\"19\"><div align=\"center\">8&#8221;a12&#8221;<\/div><\/td><td class=\"normal\"><div align=\"center\">66<\/div><\/td><td class=\"normal\"><div align=\"center\">100<\/div><\/td><td class=\"normal\"><div align=\"center\">320<\/div><\/td><td class=\"normal\"><div align=\"center\">\u00d8305<\/div><\/td><td class=\"normal\"><div align=\"center\">12<\/div><\/td><td class=\"normal\"><div align=\"center\">26<\/div><\/td><\/tr><tr bgcolor=\"#999999\"><td class=\"normal\" bgcolor=\"#D7E8F1\" height=\"19\"><div align=\"center\">14&#8221;a16&#8221;<\/div><\/td><td class=\"normal\" bgcolor=\"#D7E8F1\"><div align=\"center\">78<\/div><\/td><td class=\"normal\" bgcolor=\"#D7E8F1\"><div align=\"center\">112<\/div><\/td><td class=\"normal\" bgcolor=\"#D7E8F1\"><div align=\"center\">310<\/div><\/td><td class=\"normal\" bgcolor=\"#D7E8F1\"><div align=\"center\">\u00d8305<\/div><\/td><td class=\"normal\" bgcolor=\"#D7E8F1\"><div align=\"center\">16<\/div><\/td><td class=\"normal\" bgcolor=\"#D7E8F1\"><div align=\"center\">35<\/div><\/td><\/tr><tr><td class=\"normal\" height=\"19\"><div align=\"center\">18&#8221;a20&#8221;<\/div><\/td><td class=\"normal\"><div align=\"center\">105<\/div><\/td><td class=\"normal\"><div align=\"center\">143<\/div><\/td><td class=\"normal\"><div align=\"center\">325<\/div><\/td><td class=\"normal\"><div align=\"center\">\u00d8305<\/div><\/td><td class=\"normal\"><div align=\"center\">30<\/div><\/td><td class=\"normal\"><div align=\"center\">66<\/div><\/td><\/tr><tr bgcolor=\"#999999\"><td class=\"normal\" bgcolor=\"#D7E8F1\" height=\"12\"><div align=\"center\">24&#8221;<\/div><\/td><td class=\"normal\" bgcolor=\"#D7E8F1\"><div align=\"center\">105<\/div><\/td><td class=\"normal\" bgcolor=\"#D7E8F1\"><div align=\"center\">143<\/div><\/td><td class=\"normal\" bgcolor=\"#D7E8F1\"><div align=\"center\">330<\/div><\/td><td class=\"normal\" bgcolor=\"#D7E8F1\"><div align=\"center\">\u00d8450<\/div><\/td><td class=\"normal\" bgcolor=\"#D7E8F1\"><div align=\"center\">41<\/div><\/td><td class=\"normal\" bgcolor=\"#D7E8F1\"><div align=\"center\">90<\/div><\/td><\/tr><\/tbody><\/table><\/td><td align=\"left\" valign=\"top\" width=\"52%\"><div align=\"center\"><img loading=\"lazy\" decoding=\"async\" class=\"alignnone size-full wp-image-573\" src=\"http:\/\/techsulbrasil.com.br\/wp-content\/uploads\/2021\/10\/acio2.jpg\" alt=\"\" width=\"249\" height=\"137\" \/><\/div><table border=\"0\" width=\"78%\" cellspacing=\"3\" cellpadding=\"0\" align=\"center\"><tbody><tr align=\"center\"><td class=\"normalbold\" colspan=\"17\" bgcolor=\"#096D9C\" height=\"19\"><div class=\"titulo1\" align=\"center\">ALAVANCA <br \/>TABELA DE DIMENS\u00d5ES<\/div><\/td><\/tr><tr><td class=\"normalbold\" width=\"24%\" height=\"12\"><div align=\"center\">Pol.<\/div><\/td><td class=\"normalbold\" width=\"17%\"><div align=\"center\">E<\/div><\/td><td class=\"normalbold\" width=\"15%\"><div align=\"center\">F<\/div><\/td><td class=\"normalbold\" width=\"22%\"><p align=\"center\">Peso (Hg)<\/p><\/td><td class=\"normalbold\" width=\"22%\"><p align=\"center\">Peso (Lb)<\/p><\/td><\/tr><tr bgcolor=\"#999999\"><td class=\"normal\" bgcolor=\"#D7E8F1\" height=\"19\"><div align=\"center\">2&#8221;a 3&#8221;<\/div><\/td><td class=\"normal\" bgcolor=\"#D7E8F1\"><div align=\"center\">267<\/div><\/td><td class=\"normal\" bgcolor=\"#D7E8F1\"><div align=\"center\">27<\/div><\/td><td class=\"normal\" bgcolor=\"#D7E8F1\"><div align=\"center\">1.1<\/div><\/td><td class=\"normal\" bgcolor=\"#D7E8F1\"><div align=\"center\">2.5<\/div><\/td><\/tr><tr><td class=\"normal\" height=\"19\"><p align=\"center\">4&#8221;<\/p><\/td><td class=\"normal\"><div align=\"center\">267<\/div><\/td><td class=\"normal\"><div align=\"center\">27<\/div><\/td><td class=\"normal\"><div align=\"center\">1.1<\/div><\/td><td class=\"normal\"><div align=\"center\">2.5<\/div><\/td><\/tr><tr bgcolor=\"#999999\"><td class=\"normal\" bgcolor=\"#D7E8F1\" height=\"19\"><div align=\"center\">5&#8221;e6&#8221;<\/div><\/td><td class=\"normal\" bgcolor=\"#D7E8F1\"><div align=\"center\">267<\/div><\/td><td class=\"normal\" bgcolor=\"#D7E8F1\"><div align=\"center\">27<\/div><\/td><td class=\"normal\" bgcolor=\"#D7E8F1\"><div align=\"center\">1.1<\/div><\/td><td class=\"normal\" bgcolor=\"#D7E8F1\"><div align=\"center\">2.5<\/div><\/td><\/tr><tr><td class=\"normal\" height=\"19\"><div align=\"center\">8&#8221;<\/div><\/td><td class=\"normal\"><div align=\"center\">356<\/div><\/td><td class=\"normal\"><div align=\"center\">35<\/div><\/td><td class=\"normal\"><div align=\"center\">1.7<\/div><\/td><td class=\"normal\"><div align=\"center\">3.75<\/div><\/td><\/tr><tr align=\"center\" bgcolor=\"#999999\"><td class=\"normal\" bgcolor=\"#D7E8F1\" height=\"12\"><div align=\"center\">10&#8221;e12&#8221;<\/div><\/td><td class=\"normal\" bgcolor=\"#D7E8F1\"><div align=\"center\">356<\/div><\/td><td class=\"normal\" bgcolor=\"#D7E8F1\"><div align=\"center\">35<\/div><\/td><td class=\"normal\" bgcolor=\"#D7E8F1\"><div align=\"center\">1.7<\/div><\/td><td class=\"normal\" bgcolor=\"#D7E8F1\"><div align=\"center\">3.75<\/div><\/td><\/tr><\/tbody><\/table><\/td><\/tr><\/tbody><\/table><\/td><\/tr><\/tbody><\/table>\t\t\t\t\t<\/div>\n\t\t\t\t\t\t<\/div>\n\t\t\t\t<\/div>\n\t\t\t\t\t\t<\/div>\n\t\t\t\t\t<\/div>\n\t\t<\/div>\n\t\t\t\t\t\t\t\t<\/div>\n\t\t\t\t\t<\/div>\n\t\t<\/section>\n\t\t\t\t\t\t<\/div>\n\t\t\t\t\t\t<\/div>\n\t\t\t\t\t<\/div>\n\t\t","protected":false},"excerpt":{"rendered":"<p>V\u00e1lvula de borboleta A V\u00e1lvula borboleta monobloco tem a constru\u00e7\u00e3o conforme a norma API 609 e \u00e9 compativel com os flanges Ansi B 16.5 classe 150# e NBR 7675 PN 10. A haste inteiri\u00e7a em a\u00e7o inox 410 proporciona perfeita resist\u00eancia e controle seguro do disco. Padr\u00f5es de constru\u00e7\u00e3o e caracter\u00edsticas gerais\u00a0\u2022 A v\u00e1lvula borboleta &hellip;<\/p>\n<p class=\"read-more\"> <a class=\"\" href=\"http:\/\/techsulbrasil.com.br\/index.php\/elementor-561\/\"> <span class=\"screen-reader-text\">Elementor #561<\/span> Leia mais &raquo;<\/a><\/p>\n","protected":false},"author":1,"featured_media":0,"parent":0,"menu_order":0,"comment_status":"closed","ping_status":"closed","template":"","meta":{"footnotes":""},"class_list":["post-561","page","type-page","status-publish","hentry"],"_links":{"self":[{"href":"http:\/\/techsulbrasil.com.br\/index.php\/wp-json\/wp\/v2\/pages\/561","targetHints":{"allow":["GET"]}}],"collection":[{"href":"http:\/\/techsulbrasil.com.br\/index.php\/wp-json\/wp\/v2\/pages"}],"about":[{"href":"http:\/\/techsulbrasil.com.br\/index.php\/wp-json\/wp\/v2\/types\/page"}],"author":[{"embeddable":true,"href":"http:\/\/techsulbrasil.com.br\/index.php\/wp-json\/wp\/v2\/users\/1"}],"replies":[{"embeddable":true,"href":"http:\/\/techsulbrasil.com.br\/index.php\/wp-json\/wp\/v2\/comments?post=561"}],"version-history":[{"count":7,"href":"http:\/\/techsulbrasil.com.br\/index.php\/wp-json\/wp\/v2\/pages\/561\/revisions"}],"predecessor-version":[{"id":576,"href":"http:\/\/techsulbrasil.com.br\/index.php\/wp-json\/wp\/v2\/pages\/561\/revisions\/576"}],"wp:attachment":[{"href":"http:\/\/techsulbrasil.com.br\/index.php\/wp-json\/wp\/v2\/media?parent=561"}],"curies":[{"name":"wp","href":"https:\/\/api.w.org\/{rel}","templated":true}]}}