{"id":581,"date":"2021-11-04T00:02:04","date_gmt":"2021-11-04T00:02:04","guid":{"rendered":"http:\/\/rpdieselonline.com.br\/?page_id=581"},"modified":"2021-11-06T18:15:31","modified_gmt":"2021-11-06T18:15:31","slug":"valvula-esfera","status":"publish","type":"page","link":"http:\/\/techsulbrasil.com.br\/index.php\/valvula-esfera\/","title":{"rendered":"V\u00e1lvula esfera"},"content":{"rendered":"\t\t<div data-elementor-type=\"wp-page\" data-elementor-id=\"581\" class=\"elementor elementor-581\" data-elementor-settings=\"[]\">\n\t\t\t\t\t\t<div class=\"elementor-inner\">\n\t\t\t\t\t\t\t<div class=\"elementor-section-wrap\">\n\t\t\t\t\t\t\t<section class=\"elementor-section elementor-top-section elementor-element elementor-element-0c201a7 elementor-section-boxed elementor-section-height-default elementor-section-height-default\" data-id=\"0c201a7\" data-element_type=\"section\">\n\t\t\t\t\t\t<div class=\"elementor-container elementor-column-gap-default\">\n\t\t\t\t\t\t\t<div class=\"elementor-row\">\n\t\t\t\t\t<div class=\"elementor-column elementor-col-100 elementor-top-column elementor-element elementor-element-7a6d3dd\" data-id=\"7a6d3dd\" data-element_type=\"column\">\n\t\t\t<div class=\"elementor-column-wrap elementor-element-populated\">\n\t\t\t\t\t\t\t<div class=\"elementor-widget-wrap\">\n\t\t\t\t\t\t<div class=\"elementor-element elementor-element-7060720 elementor-widget elementor-widget-text-editor\" data-id=\"7060720\" data-element_type=\"widget\" data-widget_type=\"text-editor.default\">\n\t\t\t\t<div class=\"elementor-widget-container\">\n\t\t\t\t\t\t\t\t<div class=\"elementor-text-editor elementor-clearfix\">\n\t\t\t\t<table border=\"0\" width=\"744\" cellspacing=\"0\" cellpadding=\"0\"><tbody><tr><td align=\"left\" valign=\"top\" width=\"730\" height=\"166\"><table border=\"0\" width=\"100%\" cellspacing=\"0\" cellpadding=\"0\"><tbody><tr><td align=\"left\" valign=\"top\" width=\"78%\"><table border=\"0\" width=\"100%\" cellspacing=\"0\" cellpadding=\"0\"><tbody><tr><td align=\"left\" valign=\"top\" bgcolor=\"#096D9C\" width=\"52%\" height=\"19\"><strong>V\u00e1lvula de Esfera Bipartida Passagem Plena Classe 300 <\/strong><\/td><td align=\"left\" valign=\"top\" bgcolor=\"#096D9C\" width=\"48%\"><strong>V\u00e1lvula de Esfera Tripartida Flange Classe 300<\/strong><\/td><\/tr><tr><td align=\"left\" valign=\"top\"><div align=\"center\"><a href=\"http:\/\/techsulbrasil.com.br\/index.php\/valvula-de-esfera-bipartida-passagem-plena-classe-300\/\"><img loading=\"lazy\" decoding=\"async\" class=\"alignnone size-full wp-image-583\" src=\"http:\/\/techsulbrasil.com.br\/wp-content\/uploads\/2021\/11\/valvula-de-esfera.jpg\" alt=\"\" width=\"225\" height=\"211\" \/><\/a><\/div><\/td><td align=\"left\" valign=\"top\" width=\"48%\"><div align=\"center\"><a href=\"http:\/\/techsulbrasil.com.br\/index.php\/valvula-de-esfera-tripartida-flange-classe-300\/\"><img loading=\"lazy\" decoding=\"async\" class=\"alignnone size-full wp-image-584\" src=\"http:\/\/techsulbrasil.com.br\/wp-content\/uploads\/2021\/11\/tri300flange.jpg\" alt=\"\" width=\"226\" height=\"240\" \/><\/a><\/div><\/td><\/tr><tr><td align=\"left\" valign=\"top\" bgcolor=\"#096D9C\">V\u00e1lvula de Esfera Bipartida Passagem Plena Classe 150<\/td><td align=\"left\" valign=\"top\" bgcolor=\"#096D9C\"><strong>V\u00e1lvula Direcional de Fluxo Diversora Classe 300<\/strong><\/td><\/tr><tr><td align=\"left\" valign=\"top\"><div align=\"center\"><a href=\"http:\/\/techsulbrasil.com.br\/index.php\/valvula-de-esfera-bipartida-passagem-plena-classe-150\/\"><img loading=\"lazy\" decoding=\"async\" class=\"alignnone size-full wp-image-585\" src=\"http:\/\/techsulbrasil.com.br\/wp-content\/uploads\/2021\/11\/bi150.jpg\" alt=\"\" width=\"219\" height=\"214\" \/><\/a><\/div><\/td><td align=\"left\" valign=\"top\"><div align=\"center\"><a href=\"http:\/\/techsulbrasil.com.br\/index.php\/valvula-de-esfera-bipartida-passagem-plena-classe-150\/\"><img loading=\"lazy\" decoding=\"async\" class=\"alignnone size-full wp-image-586\" src=\"http:\/\/techsulbrasil.com.br\/wp-content\/uploads\/2021\/11\/direc.jpg\" alt=\"\" width=\"225\" height=\"206\" \/><\/a><\/div><\/td><\/tr><\/tbody><\/table><\/td><\/tr><\/tbody><\/table><\/td><td align=\"left\" valign=\"top\" width=\"10\"><table border=\"0\" width=\"10\" cellspacing=\"0\" cellpadding=\"0\"><tbody><tr><td align=\"left\" valign=\"top\" width=\"10\"><img loading=\"lazy\" decoding=\"async\" src=\"file:\/\/\/C:\/Users\/crist\/Documents\/net2ftp-1635013629\/imagens\/l2.gif\" width=\"10\" height=\"546\" \/><\/td><\/tr><\/tbody><\/table><\/td><\/tr><\/tbody><\/table>\t\t\t\t\t<\/div>\n\t\t\t\t\t\t<\/div>\n\t\t\t\t<\/div>\n\t\t\t\t\t\t<\/div>\n\t\t\t\t\t<\/div>\n\t\t<\/div>\n\t\t\t\t\t\t\t\t<\/div>\n\t\t\t\t\t<\/div>\n\t\t<\/section>\n\t\t\t\t\t\t<\/div>\n\t\t\t\t\t\t<\/div>\n\t\t\t\t\t<\/div>\n\t\t","protected":false},"excerpt":{"rendered":"<p>V\u00e1lvula de Esfera Bipartida Passagem Plena Classe 300 V\u00e1lvula de Esfera Tripartida Flange Classe 300 V\u00e1lvula de Esfera Bipartida Passagem Plena Classe 150 V\u00e1lvula Direcional de Fluxo Diversora Classe 300<\/p>\n","protected":false},"author":1,"featured_media":0,"parent":0,"menu_order":0,"comment_status":"closed","ping_status":"closed","template":"","meta":{"footnotes":""},"class_list":["post-581","page","type-page","status-publish","hentry"],"_links":{"self":[{"href":"http:\/\/techsulbrasil.com.br\/index.php\/wp-json\/wp\/v2\/pages\/581","targetHints":{"allow":["GET"]}}],"collection":[{"href":"http:\/\/techsulbrasil.com.br\/index.php\/wp-json\/wp\/v2\/pages"}],"about":[{"href":"http:\/\/techsulbrasil.com.br\/index.php\/wp-json\/wp\/v2\/types\/page"}],"author":[{"embeddable":true,"href":"http:\/\/techsulbrasil.com.br\/index.php\/wp-json\/wp\/v2\/users\/1"}],"replies":[{"embeddable":true,"href":"http:\/\/techsulbrasil.com.br\/index.php\/wp-json\/wp\/v2\/comments?post=581"}],"version-history":[{"count":7,"href":"http:\/\/techsulbrasil.com.br\/index.php\/wp-json\/wp\/v2\/pages\/581\/revisions"}],"predecessor-version":[{"id":752,"href":"http:\/\/techsulbrasil.com.br\/index.php\/wp-json\/wp\/v2\/pages\/581\/revisions\/752"}],"wp:attachment":[{"href":"http:\/\/techsulbrasil.com.br\/index.php\/wp-json\/wp\/v2\/media?parent=581"}],"curies":[{"name":"wp","href":"https:\/\/api.w.org\/{rel}","templated":true}]}}