{"id":600,"date":"2021-11-04T00:18:13","date_gmt":"2021-11-04T00:18:13","guid":{"rendered":"http:\/\/rpdieselonline.com.br\/?page_id=600"},"modified":"2021-11-06T19:00:13","modified_gmt":"2021-11-06T19:00:13","slug":"valvulas-globo","status":"publish","type":"page","link":"http:\/\/techsulbrasil.com.br\/index.php\/valvulas-globo\/","title":{"rendered":"V\u00e1lvulas Globo"},"content":{"rendered":"\t\t<div data-elementor-type=\"wp-page\" data-elementor-id=\"600\" class=\"elementor elementor-600\" data-elementor-settings=\"[]\">\n\t\t\t\t\t\t<div class=\"elementor-inner\">\n\t\t\t\t\t\t\t<div class=\"elementor-section-wrap\">\n\t\t\t\t\t\t\t<section class=\"elementor-section elementor-top-section elementor-element elementor-element-a860581 elementor-section-boxed elementor-section-height-default elementor-section-height-default\" data-id=\"a860581\" data-element_type=\"section\">\n\t\t\t\t\t\t<div class=\"elementor-container elementor-column-gap-default\">\n\t\t\t\t\t\t\t<div class=\"elementor-row\">\n\t\t\t\t\t<div class=\"elementor-column elementor-col-100 elementor-top-column elementor-element elementor-element-d45177c\" data-id=\"d45177c\" data-element_type=\"column\">\n\t\t\t<div class=\"elementor-column-wrap elementor-element-populated\">\n\t\t\t\t\t\t\t<div class=\"elementor-widget-wrap\">\n\t\t\t\t\t\t<div class=\"elementor-element elementor-element-b9a5518 elementor-widget elementor-widget-text-editor\" data-id=\"b9a5518\" data-element_type=\"widget\" data-widget_type=\"text-editor.default\">\n\t\t\t\t<div class=\"elementor-widget-container\">\n\t\t\t\t\t\t\t\t<div class=\"elementor-text-editor elementor-clearfix\">\n\t\t\t\t<table border=\"0\" width=\"100%\" cellspacing=\"0\" cellpadding=\"0\"><tbody><tr><td width=\"79%\"><table border=\"1\" width=\"98%\" cellspacing=\"0\" cellpadding=\"0\"><tbody><tr><td bgcolor=\"#096D9C\" width=\"33%\"><div align=\"center\"><span class=\"titulo1\"><strong>V\u00e1lvula Globo Classe 125<\/strong> <\/span><\/div><\/td><td bgcolor=\"#096D9C\" width=\"35%\"><div align=\"center\"><span class=\"titulo1\"><strong>V\u00e1lvula Globo Classe 150<\/strong> <\/span><\/div><\/td><td bgcolor=\"#096D9C\" width=\"32%\"><div align=\"center\"><span class=\"titulo1\"><strong>V\u00e1lvula Globo Classe 300<\/strong> <\/span><\/div><\/td><\/tr><tr><td><p><a href=\"http:\/\/rpdieselonline.com.br\/index.php\/valvula-globo-classe-125\/\"><img loading=\"lazy\" decoding=\"async\" class=\"size-full wp-image-791 aligncenter\" src=\"http:\/\/techsulbrasil.com.br\/wp-content\/uploads\/2021\/11\/globo125-4.gif\" alt=\"\" width=\"177\" height=\"300\" \/><\/a><\/p><div align=\"center\">\u00a0<\/div><\/td><td><div align=\"center\"><a href=\"http:\/\/techsulbrasil.com.br\/index.php\/valvula-globo-classe-150\/\"><img loading=\"lazy\" decoding=\"async\" class=\"alignnone size-medium wp-image-603\" src=\"http:\/\/techsulbrasil.com.br\/wp-content\/uploads\/2021\/11\/globo150.gif\" alt=\"\" width=\"190\" height=\"300\" \/><\/a><\/div><\/td><td><div align=\"center\"><a href=\"http:\/\/techsulbrasil.com.br\/index.php\/valvula-globo-classe-300\/\"><img loading=\"lazy\" decoding=\"async\" class=\"alignnone size-full wp-image-604\" src=\"http:\/\/techsulbrasil.com.br\/wp-content\/uploads\/2021\/11\/globo300.gif\" alt=\"\" width=\"208\" height=\"300\" \/><\/a><\/div><\/td><\/tr><\/tbody><\/table><\/td><\/tr><tr><td>\u00a0<\/td><td>\u00a0<\/td><\/tr><\/tbody><\/table>\t\t\t\t\t<\/div>\n\t\t\t\t\t\t<\/div>\n\t\t\t\t<\/div>\n\t\t\t\t\t\t<\/div>\n\t\t\t\t\t<\/div>\n\t\t<\/div>\n\t\t\t\t\t\t\t\t<\/div>\n\t\t\t\t\t<\/div>\n\t\t<\/section>\n\t\t\t\t\t\t<\/div>\n\t\t\t\t\t\t<\/div>\n\t\t\t\t\t<\/div>\n\t\t","protected":false},"excerpt":{"rendered":"<p>V\u00e1lvula Globo Classe 125 V\u00e1lvula Globo Classe 150 V\u00e1lvula Globo Classe 300 \u00a0 \u00a0 \u00a0<\/p>\n","protected":false},"author":1,"featured_media":0,"parent":0,"menu_order":0,"comment_status":"closed","ping_status":"closed","template":"","meta":{"footnotes":""},"class_list":["post-600","page","type-page","status-publish","hentry"],"_links":{"self":[{"href":"http:\/\/techsulbrasil.com.br\/index.php\/wp-json\/wp\/v2\/pages\/600","targetHints":{"allow":["GET"]}}],"collection":[{"href":"http:\/\/techsulbrasil.com.br\/index.php\/wp-json\/wp\/v2\/pages"}],"about":[{"href":"http:\/\/techsulbrasil.com.br\/index.php\/wp-json\/wp\/v2\/types\/page"}],"author":[{"embeddable":true,"href":"http:\/\/techsulbrasil.com.br\/index.php\/wp-json\/wp\/v2\/users\/1"}],"replies":[{"embeddable":true,"href":"http:\/\/techsulbrasil.com.br\/index.php\/wp-json\/wp\/v2\/comments?post=600"}],"version-history":[{"count":28,"href":"http:\/\/techsulbrasil.com.br\/index.php\/wp-json\/wp\/v2\/pages\/600\/revisions"}],"predecessor-version":[{"id":800,"href":"http:\/\/techsulbrasil.com.br\/index.php\/wp-json\/wp\/v2\/pages\/600\/revisions\/800"}],"wp:attachment":[{"href":"http:\/\/techsulbrasil.com.br\/index.php\/wp-json\/wp\/v2\/media?parent=600"}],"curies":[{"name":"wp","href":"https:\/\/api.w.org\/{rel}","templated":true}]}}