{"id":614,"date":"2021-11-04T00:24:19","date_gmt":"2021-11-04T00:24:19","guid":{"rendered":"http:\/\/rpdieselonline.com.br\/?page_id=614"},"modified":"2021-11-06T19:22:54","modified_gmt":"2021-11-06T19:22:54","slug":"valvulas-gaveta","status":"publish","type":"page","link":"http:\/\/techsulbrasil.com.br\/index.php\/valvulas-gaveta\/","title":{"rendered":"V\u00e1lvulas gaveta"},"content":{"rendered":"\t\t<div data-elementor-type=\"wp-page\" data-elementor-id=\"614\" class=\"elementor elementor-614\" data-elementor-settings=\"[]\">\n\t\t\t\t\t\t<div class=\"elementor-inner\">\n\t\t\t\t\t\t\t<div class=\"elementor-section-wrap\">\n\t\t\t\t\t\t\t<section class=\"elementor-section elementor-top-section elementor-element elementor-element-e2167f2 elementor-section-boxed elementor-section-height-default elementor-section-height-default\" data-id=\"e2167f2\" data-element_type=\"section\">\n\t\t\t\t\t\t<div class=\"elementor-container elementor-column-gap-default\">\n\t\t\t\t\t\t\t<div class=\"elementor-row\">\n\t\t\t\t\t<div class=\"elementor-column elementor-col-100 elementor-top-column elementor-element elementor-element-8afb941\" data-id=\"8afb941\" data-element_type=\"column\">\n\t\t\t<div class=\"elementor-column-wrap elementor-element-populated\">\n\t\t\t\t\t\t\t<div class=\"elementor-widget-wrap\">\n\t\t\t\t\t\t<div class=\"elementor-element elementor-element-973b75f elementor-widget elementor-widget-text-editor\" data-id=\"973b75f\" data-element_type=\"widget\" data-widget_type=\"text-editor.default\">\n\t\t\t\t<div class=\"elementor-widget-container\">\n\t\t\t\t\t\t\t\t<div class=\"elementor-text-editor elementor-clearfix\">\n\t\t\t\t<table border=\"0\" width=\"100%\" cellspacing=\"0\" cellpadding=\"0\"><tbody><tr><td align=\"left\" valign=\"top\" width=\"79%\"><table border=\"1\" width=\"100%\" cellspacing=\"0\" cellpadding=\"0\"><tbody><tr><td bgcolor=\"#096D9C\" width=\"33%\"><div align=\"center\"><span class=\"titulo1\">V\u00e1lvula Gaveta Classe 125 <\/span><\/div><\/td><td bgcolor=\"#096D9C\" width=\"35%\"><div align=\"center\"><span class=\"titulo1\">V\u00e1lvula Gaveta Classe 150 <\/span><\/div><\/td><td bgcolor=\"#096D9C\" width=\"32%\"><div align=\"center\"><span class=\"titulo1\">V\u00e1lvula Gaveta Classe 300 <\/span><\/div><\/td><\/tr><tr><td><div align=\"center\"><a href=\"http:\/\/techsulbrasil.com.br\/index.php\/valvula-gaveta-classe-125\/\"><img loading=\"lazy\" decoding=\"async\" class=\"alignnone size-full wp-image-616\" src=\"http:\/\/techsulbrasil.com.br\/wp-content\/uploads\/2021\/11\/gaveta125b.gif\" alt=\"\" width=\"148\" height=\"300\" \/><\/a><\/div><\/td><td><div align=\"center\"><a href=\"http:\/\/techsulbrasil.com.br\/index.php\/valvula-gaveta-classe-150\/\"><img loading=\"lazy\" decoding=\"async\" class=\"alignnone size-full wp-image-617\" src=\"http:\/\/techsulbrasil.com.br\/wp-content\/uploads\/2021\/11\/gaveta150.gif\" alt=\"\" width=\"142\" height=\"300\" \/><\/a><\/div><\/td><td><div align=\"center\"><a href=\"http:\/\/techsulbrasil.com.br\/index.php\/valvula-gaveta-classe-300\/\"><img loading=\"lazy\" decoding=\"async\" class=\"alignnone size-full wp-image-618\" src=\"http:\/\/techsulbrasil.com.br\/wp-content\/uploads\/2021\/11\/gaveta300.gif\" alt=\"\" width=\"184\" height=\"300\" \/><\/a><\/div><\/td><\/tr><\/tbody><\/table><\/td><\/tr><tr><td align=\"left\" valign=\"top\">\u00a0<\/td><td align=\"left\" valign=\"top\">\u00a0<\/td><\/tr><\/tbody><\/table>\t\t\t\t\t<\/div>\n\t\t\t\t\t\t<\/div>\n\t\t\t\t<\/div>\n\t\t\t\t\t\t<\/div>\n\t\t\t\t\t<\/div>\n\t\t<\/div>\n\t\t\t\t\t\t\t\t<\/div>\n\t\t\t\t\t<\/div>\n\t\t<\/section>\n\t\t\t\t\t\t<\/div>\n\t\t\t\t\t\t<\/div>\n\t\t\t\t\t<\/div>\n\t\t","protected":false},"excerpt":{"rendered":"<p>V\u00e1lvula Gaveta Classe 125 V\u00e1lvula Gaveta Classe 150 V\u00e1lvula Gaveta Classe 300 \u00a0 \u00a0<\/p>\n","protected":false},"author":1,"featured_media":0,"parent":0,"menu_order":0,"comment_status":"closed","ping_status":"closed","template":"","meta":{"footnotes":""},"class_list":["post-614","page","type-page","status-publish","hentry"],"_links":{"self":[{"href":"http:\/\/techsulbrasil.com.br\/index.php\/wp-json\/wp\/v2\/pages\/614","targetHints":{"allow":["GET"]}}],"collection":[{"href":"http:\/\/techsulbrasil.com.br\/index.php\/wp-json\/wp\/v2\/pages"}],"about":[{"href":"http:\/\/techsulbrasil.com.br\/index.php\/wp-json\/wp\/v2\/types\/page"}],"author":[{"embeddable":true,"href":"http:\/\/techsulbrasil.com.br\/index.php\/wp-json\/wp\/v2\/users\/1"}],"replies":[{"embeddable":true,"href":"http:\/\/techsulbrasil.com.br\/index.php\/wp-json\/wp\/v2\/comments?post=614"}],"version-history":[{"count":7,"href":"http:\/\/techsulbrasil.com.br\/index.php\/wp-json\/wp\/v2\/pages\/614\/revisions"}],"predecessor-version":[{"id":845,"href":"http:\/\/techsulbrasil.com.br\/index.php\/wp-json\/wp\/v2\/pages\/614\/revisions\/845"}],"wp:attachment":[{"href":"http:\/\/techsulbrasil.com.br\/index.php\/wp-json\/wp\/v2\/media?parent=614"}],"curies":[{"name":"wp","href":"https:\/\/api.w.org\/{rel}","templated":true}]}}