{"id":669,"date":"2021-11-04T00:46:53","date_gmt":"2021-11-04T00:46:53","guid":{"rendered":"http:\/\/rpdieselonline.com.br\/?page_id=669"},"modified":"2021-11-04T00:51:28","modified_gmt":"2021-11-04T00:51:28","slug":"atuador-pneumatico","status":"publish","type":"page","link":"http:\/\/techsulbrasil.com.br\/index.php\/atuador-pneumatico\/","title":{"rendered":"Atuador Pneum\u00e1tico"},"content":{"rendered":"\t\t<div data-elementor-type=\"wp-page\" data-elementor-id=\"669\" class=\"elementor elementor-669\" data-elementor-settings=\"[]\">\n\t\t\t\t\t\t<div class=\"elementor-inner\">\n\t\t\t\t\t\t\t<div class=\"elementor-section-wrap\">\n\t\t\t\t\t\t\t<section class=\"elementor-section elementor-top-section elementor-element elementor-element-7bf31aa elementor-section-boxed elementor-section-height-default elementor-section-height-default\" data-id=\"7bf31aa\" data-element_type=\"section\">\n\t\t\t\t\t\t<div class=\"elementor-container elementor-column-gap-default\">\n\t\t\t\t\t\t\t<div class=\"elementor-row\">\n\t\t\t\t\t<div class=\"elementor-column elementor-col-100 elementor-top-column elementor-element elementor-element-a2d56bd\" data-id=\"a2d56bd\" data-element_type=\"column\">\n\t\t\t<div class=\"elementor-column-wrap elementor-element-populated\">\n\t\t\t\t\t\t\t<div class=\"elementor-widget-wrap\">\n\t\t\t\t\t\t<div class=\"elementor-element elementor-element-b2064cd elementor-widget elementor-widget-image\" data-id=\"b2064cd\" data-element_type=\"widget\" data-widget_type=\"image.default\">\n\t\t\t\t<div class=\"elementor-widget-container\">\n\t\t\t\t\t\t\t\t<div class=\"elementor-image\">\n\t\t\t\t\t\t\t\t\t\t\t\t<img loading=\"lazy\" decoding=\"async\" width=\"569\" height=\"119\" src=\"http:\/\/techsulbrasil.com.br\/wp-content\/uploads\/2021\/10\/atuador-pneumatico.gif\" class=\"attachment-large size-large\" alt=\"\" \/>\t\t\t\t\t\t\t\t\t\t\t\t\t\t<\/div>\n\t\t\t\t\t\t<\/div>\n\t\t\t\t<\/div>\n\t\t\t\t\t\t<\/div>\n\t\t\t\t\t<\/div>\n\t\t<\/div>\n\t\t\t\t\t\t\t\t<\/div>\n\t\t\t\t\t<\/div>\n\t\t<\/section>\n\t\t\t\t<section class=\"elementor-section elementor-top-section elementor-element elementor-element-162137b elementor-section-boxed elementor-section-height-default elementor-section-height-default\" data-id=\"162137b\" data-element_type=\"section\">\n\t\t\t\t\t\t<div class=\"elementor-container elementor-column-gap-default\">\n\t\t\t\t\t\t\t<div class=\"elementor-row\">\n\t\t\t\t\t<div class=\"elementor-column elementor-col-100 elementor-top-column elementor-element elementor-element-9544627\" data-id=\"9544627\" data-element_type=\"column\">\n\t\t\t<div class=\"elementor-column-wrap elementor-element-populated\">\n\t\t\t\t\t\t\t<div class=\"elementor-widget-wrap\">\n\t\t\t\t\t\t<div class=\"elementor-element elementor-element-ed74d4d elementor-widget elementor-widget-text-editor\" data-id=\"ed74d4d\" data-element_type=\"widget\" data-widget_type=\"text-editor.default\">\n\t\t\t\t<div class=\"elementor-widget-container\">\n\t\t\t\t\t\t\t\t<div class=\"elementor-text-editor elementor-clearfix\">\n\t\t\t\t<table border=\"0\" width=\"100%\" cellspacing=\"0\" cellpadding=\"0\"><tbody><tr><td><img loading=\"lazy\" decoding=\"async\" class=\"alignnone size-full wp-image-671\" src=\"http:\/\/techsulbrasil.com.br\/wp-content\/uploads\/2021\/11\/atu2.gif\" alt=\"\" width=\"300\" height=\"299\" \/><\/td><td><img loading=\"lazy\" decoding=\"async\" class=\"alignnone size-full wp-image-672\" src=\"http:\/\/techsulbrasil.com.br\/wp-content\/uploads\/2021\/11\/atu4.gif\" alt=\"\" width=\"300\" height=\"163\" \/><\/td><\/tr><tr><td><img loading=\"lazy\" decoding=\"async\" class=\"alignnone size-medium wp-image-673\" src=\"http:\/\/techsulbrasil.com.br\/wp-content\/uploads\/2021\/11\/atu3-250x300.gif\" alt=\"\" width=\"250\" height=\"300\" \/><\/td><td><img loading=\"lazy\" decoding=\"async\" class=\"alignnone size-full wp-image-675\" src=\"http:\/\/techsulbrasil.com.br\/wp-content\/uploads\/2021\/11\/atu2-1.gif\" alt=\"\" width=\"300\" height=\"299\" \/><\/td><\/tr><tr><td class=\"titulo1\" colspan=\"2\" bgcolor=\"#096D9C\"><strong>Atuadores Pneum\u00e1ticos de Dupla A\u00e7\u00e3o e Simples A\u00e7\u00e3o<\/strong><\/td><\/tr><tr><td colspan=\"2\">\u00a0<\/td><\/tr><tr><td colspan=\"2\" align=\"center\" valign=\"top\"><table border=\"0\" width=\"100%\" cellspacing=\"2\" cellpadding=\"0\"><tbody><tr><td class=\"titulo1\" rowspan=\"2\" align=\"center\" bgcolor=\"#096D9C\">Modelo<\/td><td class=\"titulo1\" colspan=\"2\" align=\"center\" bgcolor=\"#096D9C\">A<\/td><td class=\"titulo1\" rowspan=\"2\" align=\"center\" bgcolor=\"#096D9C\" width=\"7%\">B<\/td><td class=\"titulo1\" rowspan=\"2\" align=\"center\" bgcolor=\"#096D9C\" width=\"7%\">C<\/td><td class=\"titulo1\" rowspan=\"2\" align=\"center\" bgcolor=\"#096D9C\" width=\"8%\">D<\/td><td class=\"titulo1\" rowspan=\"2\" align=\"center\" bgcolor=\"#096D9C\" width=\"7%\">R<\/td><td class=\"titulo1\" rowspan=\"2\" align=\"center\" bgcolor=\"#096D9C\" width=\"8%\">\u00d8F<\/td><td class=\"titulo1\" rowspan=\"2\" align=\"center\" bgcolor=\"#096D9C\" width=\"9%\">G<\/td><td class=\"titulo1\" rowspan=\"2\" align=\"center\" bgcolor=\"#096D9C\" width=\"9%\">I<\/td><td class=\"titulo1\" rowspan=\"2\" align=\"center\" bgcolor=\"#096D9C\" width=\"13%\">Peso Kg<\/td><\/tr><tr><td class=\"titulo1\" align=\"center\" bgcolor=\"#096D9C\" width=\"9%\">ADA<\/td><td class=\"titulo1\" align=\"center\" bgcolor=\"#096D9C\" width=\"8%\">ASR<\/td><\/tr><tr><td class=\"normal\" align=\"center\" width=\"15%\">ADA \/ ASR 20<\/td><td class=\"normal\" align=\"center\">130<\/td><td class=\"normal\" align=\"center\">215<\/td><td class=\"normal\" align=\"center\">96<\/td><td class=\"normal\" align=\"center\">76<\/td><td class=\"normal\" align=\"center\">48<\/td><td class=\"normal\" align=\"center\">34<\/td><td class=\"normal\" align=\"center\">14<\/td><td class=\"normal\" align=\"center\">10<\/td><td class=\"normal\" align=\"center\">6<\/td><td class=\"normal\" align=\"center\">1.1\/1.5<\/td><\/tr><tr><td class=\"normal\" align=\"center\">ADA \/ ASR 40<\/td><td class=\"normal\" align=\"center\">144<\/td><td class=\"normal\" align=\"center\">232<\/td><td class=\"normal\" align=\"center\">115<\/td><td class=\"normal\" align=\"center\">90<\/td><td class=\"normal\" align=\"center\">56<\/td><td class=\"normal\" align=\"center\">45<\/td><td class=\"normal\" align=\"center\">14<\/td><td class=\"normal\" align=\"center\">10<\/td><td class=\"normal\" align=\"center\">6<\/td><td class=\"normal\" align=\"center\">1.7\/2.3<\/td><\/tr><tr><td class=\"normal\" align=\"center\">ADA \/ ASR 80<\/td><td class=\"normal\" align=\"center\">162<\/td><td class=\"normal\" align=\"center\">270<\/td><td class=\"normal\" align=\"center\">137<\/td><td class=\"normal\" align=\"center\">111<\/td><td class=\"normal\" align=\"center\">66<\/td><td class=\"normal\" align=\"center\">55<\/td><td class=\"normal\" align=\"center\">18<\/td><td class=\"normal\" align=\"center\">11<\/td><td class=\"normal\" align=\"center\">8<\/td><td class=\"normal\" align=\"center\">2.6 \/ 4<\/td><\/tr><tr><td class=\"normal\" align=\"center\">ADA \/ ASR 130<\/td><td class=\"normal\" align=\"center\">182<\/td><td class=\"normal\" align=\"center\">297<\/td><td class=\"normal\" align=\"center\">146<\/td><td class=\"normal\" align=\"center\">121<\/td><td class=\"normal\" align=\"center\">71<\/td><td class=\"normal\" align=\"center\">60<\/td><td class=\"normal\" align=\"center\">28<\/td><td class=\"normal\" align=\"center\">13<\/td><td class=\"normal\" align=\"center\">8<\/td><td class=\"normal\" align=\"center\">3.4 \/ 5.5<\/td><\/tr><tr><td class=\"normal\" align=\"center\">ADA \/ ASR 200<\/td><td class=\"normal\" align=\"center\">211<\/td><td class=\"normal\" align=\"center\">332<\/td><td class=\"normal\" align=\"center\">165<\/td><td class=\"normal\" align=\"center\">135<\/td><td class=\"normal\" align=\"center\">78<\/td><td class=\"normal\" align=\"center\">70<\/td><td class=\"normal\" align=\"center\">28<\/td><td class=\"normal\" align=\"center\">15<\/td><td class=\"normal\" align=\"center\">10<\/td><td class=\"normal\" align=\"center\">5.1 \/ 8.4<\/td><\/tr><tr><td class=\"normal\" align=\"center\">ADA \/ ASR 300<\/td><td class=\"normal\" align=\"center\">245<\/td><td class=\"normal\" align=\"center\">371<\/td><td class=\"normal\" align=\"center\">182<\/td><td class=\"normal\" align=\"center\">151<\/td><td class=\"normal\" align=\"center\">86<\/td><td class=\"normal\" align=\"center\">80<\/td><td class=\"normal\" align=\"center\">36<\/td><td class=\"normal\" align=\"center\">20<\/td><td class=\"normal\" align=\"center\">12<\/td><td class=\"normal\" align=\"center\">7.6 \/ 12.1<\/td><\/tr><tr><td class=\"normal\" align=\"center\">ADA \/ ASR 500<\/td><td class=\"normal\" align=\"center\">275<\/td><td class=\"normal\" align=\"center\">420<\/td><td class=\"normal\" align=\"center\">199<\/td><td class=\"normal\" align=\"center\">172<\/td><td class=\"normal\" align=\"center\">96<\/td><td class=\"normal\" align=\"center\">85<\/td><td class=\"normal\" align=\"center\">40<\/td><td class=\"normal\" align=\"center\">22<\/td><td class=\"normal\" align=\"center\">15<\/td><td class=\"normal\" align=\"center\">10.5 \/ 16.5<\/td><\/tr><tr><td class=\"normal\" align=\"center\">ADA \/ ASR 850<\/td><td class=\"normal\" align=\"center\">336<\/td><td class=\"normal\" align=\"center\">474<\/td><td class=\"normal\" align=\"center\">217<\/td><td class=\"normal\" align=\"center\">192<\/td><td class=\"normal\" align=\"center\">106<\/td><td class=\"normal\" align=\"center\">98<\/td><td class=\"normal\" align=\"center\">45<\/td><td class=\"normal\" align=\"center\">22<\/td><td class=\"normal\" align=\"center\">15<\/td><td class=\"normal\" align=\"center\">16 \/ 24<\/td><\/tr><tr><td class=\"normal\" align=\"center\">ADA \/ ASR 1200<\/td><td class=\"normal\" align=\"center\">420<\/td><td class=\"normal\" align=\"center\">578<\/td><td class=\"normal\" align=\"center\">249<\/td><td class=\"normal\" align=\"center\">212<\/td><td class=\"normal\" align=\"center\">116<\/td><td class=\"normal\" align=\"center\">114<\/td><td class=\"normal\" align=\"center\">60<\/td><td class=\"normal\" align=\"center\">22<\/td><td class=\"normal\" align=\"center\">15<\/td><td class=\"normal\" align=\"center\">26 \/ 38<\/td><\/tr><tr><td class=\"normal\" align=\"center\">ADA \/ ASR 1750<\/td><td class=\"normal\" align=\"center\">462<\/td><td class=\"normal\" align=\"center\">614<\/td><td class=\"normal\" align=\"center\">280<\/td><td class=\"normal\" align=\"center\">242<\/td><td class=\"normal\" align=\"center\">131<\/td><td class=\"normal\" align=\"center\">131<\/td><td class=\"normal\" align=\"center\">60<\/td><td class=\"normal\" align=\"center\">25<\/td><td class=\"normal\" align=\"center\">15<\/td><td class=\"normal\" align=\"center\">36.5 \/ 52<\/td><\/tr><tr><td class=\"normal\" align=\"center\">ADA \/ ASR 2500<\/td><td class=\"normal\" align=\"center\">374.3<\/td><td class=\"normal\" align=\"center\">568.3<\/td><td class=\"normal\" align=\"center\">387<\/td><td class=\"normal\" align=\"center\">356<\/td><td class=\"normal\" align=\"center\">177.5<\/td><td class=\"normal\" align=\"center\">180.5<\/td><td class=\"normal\" align=\"center\">60<\/td><td class=\"normal\" align=\"center\">25<\/td><td class=\"normal\" align=\"center\">15<\/td><td class=\"normal\" align=\"center\">64.7\/97.9<\/td><\/tr><\/tbody><\/table><\/td><\/tr><tr><td colspan=\"2\"><div align=\"center\">\u00a0<\/div><\/td><\/tr><tr><td colspan=\"2\">\u00a0<\/td><\/tr><tr><td class=\"titulo1\" colspan=\"2\" bgcolor=\"#096D9C\"><strong>Torque de Atuadores Dupla A\u00e7\u00e3o em Nm<\/strong><\/td><\/tr><tr><td colspan=\"2\">\u00a0<\/td><\/tr><tr><td colspan=\"2\" align=\"center\" valign=\"top\"><table border=\"0\" width=\"100%\" cellspacing=\"2\" cellpadding=\"0\"><tbody><tr><td class=\"titulo1\" align=\"center\" bgcolor=\"#096D9C\" width=\"149\"><p>PRES\u00c3O DO AR (bar) Modelo<\/p><\/td><td class=\"titulo1\" align=\"center\" bgcolor=\"#096D9C\" width=\"53\">2<\/td><td class=\"titulo1\" align=\"center\" bgcolor=\"#096D9C\" width=\"49\">3<\/td><td class=\"titulo1\" align=\"center\" bgcolor=\"#096D9C\" width=\"53\">4<\/td><td class=\"titulo1\" align=\"center\" bgcolor=\"#096D9C\" width=\"51\">5<\/td><td class=\"titulo1\" align=\"center\" bgcolor=\"#096D9C\" width=\"56\">5.5<\/td><td class=\"titulo1\" align=\"center\" bgcolor=\"#096D9C\" width=\"59\">6<\/td><td class=\"titulo1\" align=\"center\" bgcolor=\"#096D9C\" width=\"56\">7<\/td><td class=\"titulo1\" align=\"center\" bgcolor=\"#096D9C\" width=\"59\">8<\/td><td class=\"titulo1\" align=\"center\" bgcolor=\"#096D9C\" width=\"51\">9<\/td><td class=\"titulo1\" align=\"center\" bgcolor=\"#096D9C\" width=\"58\">10<\/td><\/tr><tr><td class=\"normal\" align=\"center\">ADA &#8211; 20<\/td><td class=\"normal\" align=\"center\">5.7<\/td><td class=\"normal\" align=\"center\">9.0<\/td><td class=\"normal\" align=\"center\">12.5<\/td><td class=\"normal\" align=\"center\">16.0<\/td><td class=\"normal\" align=\"center\">17.5<\/td><td class=\"normal\" align=\"center\">19.0<\/td><td class=\"normal\" align=\"center\">22.2<\/td><td class=\"normal\" align=\"center\">26.0<\/td><td class=\"normal\" align=\"center\">29.0<\/td><td class=\"normal\" align=\"center\">32.0<\/td><\/tr><tr><td class=\"normal\" align=\"center\">ADA &#8211; 40<\/td><td class=\"normal\" align=\"center\">11.6<\/td><td class=\"normal\" align=\"center\">17.6<\/td><td class=\"normal\" align=\"center\">24.4<\/td><td class=\"normal\" align=\"center\">31.0<\/td><td class=\"normal\" align=\"center\">35.0<\/td><td class=\"normal\" align=\"center\">38.4<\/td><td class=\"normal\" align=\"center\">45.0<\/td><td class=\"normal\" align=\"center\">52.0<\/td><td class=\"normal\" align=\"center\">58.3<\/td><td class=\"normal\" align=\"center\">65.0<\/td><\/tr><tr><td class=\"normal\" align=\"center\">ADA &#8211; 80<\/td><td class=\"normal\" align=\"center\">23.0<\/td><td class=\"normal\" align=\"center\">35.3<\/td><td class=\"normal\" align=\"center\">49.0<\/td><td class=\"normal\" align=\"center\">63.0<\/td><td class=\"normal\" align=\"center\">70.0<\/td><td class=\"normal\" align=\"center\">77.0<\/td><td class=\"normal\" align=\"center\">90.0<\/td><td class=\"normal\" align=\"center\">101.0<\/td><td class=\"normal\" align=\"center\">114.0<\/td><td class=\"normal\" align=\"center\">125.0<\/td><\/tr><tr><td class=\"normal\" align=\"center\">ADA &#8211; 130<\/td><td class=\"normal\" align=\"center\">38.0<\/td><td class=\"normal\" align=\"center\">58.0<\/td><td class=\"normal\" align=\"center\">77.0<\/td><td class=\"normal\" align=\"center\">96.0<\/td><td class=\"normal\" align=\"center\">105.0<\/td><td class=\"normal\" align=\"center\">115.0<\/td><td class=\"normal\" align=\"center\">136.0<\/td><td class=\"normal\" align=\"center\">157.0<\/td><td class=\"normal\" align=\"center\">175.0<\/td><td class=\"normal\" align=\"center\">195.0<\/td><\/tr><tr><td class=\"normal\" align=\"center\">ADA &#8211; 200<\/td><td class=\"normal\" align=\"center\">53.0<\/td><td class=\"normal\" align=\"center\">82.0<\/td><td class=\"normal\" align=\"center\">111.0<\/td><td class=\"normal\" align=\"center\">140.0<\/td><td class=\"normal\" align=\"center\">154.0<\/td><td class=\"normal\" align=\"center\">168.0<\/td><td class=\"normal\" align=\"center\">199.0<\/td><td class=\"normal\" align=\"center\">227.0<\/td><td class=\"normal\" align=\"center\">256.0<\/td><td class=\"normal\" align=\"center\">284.0<\/td><\/tr><tr><td class=\"normal\" align=\"center\">ADA &#8211; 300<\/td><td class=\"normal\" align=\"center\">82.0<\/td><td class=\"normal\" align=\"center\">130.0<\/td><td class=\"normal\" align=\"center\">182.0<\/td><td class=\"normal\" align=\"center\">231.0<\/td><td class=\"normal\" align=\"center\">256.0<\/td><td class=\"normal\" align=\"center\">281.0<\/td><td class=\"normal\" align=\"center\">327.0<\/td><td class=\"normal\" align=\"center\">370.0<\/td><td class=\"normal\" align=\"center\">416.0<\/td><td class=\"normal\" align=\"center\">462.0<\/td><\/tr><tr><td class=\"normal\" align=\"center\">ADA &#8211; 500<\/td><td class=\"normal\" align=\"center\">119.0<\/td><td class=\"normal\" align=\"center\">185.0<\/td><td class=\"normal\" align=\"center\">261.0<\/td><td class=\"normal\" align=\"center\">326.0<\/td><td class=\"normal\" align=\"center\">358.0<\/td><td class=\"normal\" align=\"center\">391.0<\/td><td class=\"normal\" align=\"center\">468.0<\/td><td class=\"normal\" align=\"center\">542.0<\/td><td class=\"normal\" align=\"center\">625.0<\/td><td class=\"normal\" align=\"center\">6944.0<\/td><\/tr><tr><td class=\"normal\" align=\"center\">ADA &#8211; 850<\/td><td class=\"normal\" align=\"center\">211.0<\/td><td class=\"normal\" align=\"center\">329.0<\/td><td class=\"normal\" align=\"center\">456.0<\/td><td class=\"normal\" align=\"center\">563.0<\/td><td class=\"normal\" align=\"center\">615.0<\/td><td class=\"normal\" align=\"center\">667.0<\/td><td class=\"normal\" align=\"center\">778.0<\/td><td class=\"normal\" align=\"center\">901.0<\/td><td class=\"normal\" align=\"center\">1013.0<\/td><td class=\"normal\" align=\"center\">1140.0<\/td><\/tr><tr><td class=\"normal\" align=\"center\">ADA &#8211; 1200<\/td><td class=\"normal\" align=\"center\">305.0<\/td><td class=\"normal\" align=\"center\">476.0<\/td><td class=\"normal\" align=\"center\">660.0<\/td><td class=\"normal\" align=\"center\">814.0<\/td><td class=\"normal\" align=\"center\">889.0<\/td><td class=\"normal\" align=\"center\">965.0<\/td><td class=\"normal\" align=\"center\">1126.0<\/td><td class=\"normal\" align=\"center\">1303.0<\/td><td class=\"normal\" align=\"center\">1466.0<\/td><td class=\"normal\" align=\"center\">1649.0<\/td><\/tr><tr><td class=\"normal\" align=\"center\">ADA &#8211; 1750<\/td><td class=\"normal\" align=\"center\">437.0<\/td><td class=\"normal\" align=\"center\">681.0<\/td><td class=\"normal\" align=\"center\">943.0<\/td><td class=\"normal\" align=\"center\">1164.0<\/td><td class=\"normal\" align=\"center\">1271.0<\/td><td class=\"normal\" align=\"center\">1379.0<\/td><td class=\"normal\" align=\"center\">1609.0<\/td><td class=\"normal\" align=\"center\">1862.0<\/td><td class=\"normal\" align=\"center\">2095.0<\/td><td class=\"normal\" align=\"center\">2357.0<\/td><\/tr><tr><td class=\"normal\" align=\"center\">ADA &#8211; 2500<\/td><td class=\"normal\" align=\"center\">972.0<\/td><td class=\"normal\" align=\"center\">1461.0<\/td><td class=\"normal\" align=\"center\">1962.0<\/td><td class=\"normal\" align=\"center\">2479.0<\/td><td class=\"normal\" align=\"center\">2693.0<\/td><td class=\"normal\" align=\"center\">2948.0<\/td><td class=\"normal\" align=\"center\">3440.0<\/td><td class=\"normal\" align=\"center\">3980.0<\/td><td class=\"normal\" align=\"center\">\u00a0<\/td><td class=\"normal\" align=\"center\">\u00a0<\/td><\/tr><\/tbody><\/table><\/td><\/tr><tr><td colspan=\"2\"><div align=\"center\">\u00a0<\/div><\/td><\/tr><tr><td colspan=\"2\">\u00a0<\/td><\/tr><tr><td class=\"titulo1\" colspan=\"2\" bgcolor=\"#096D9C\"><strong>Torque de Atuadores Simples A\u00e7\u00e3o em Nm<\/strong><\/td><\/tr><tr><td colspan=\"2\" align=\"center\" valign=\"top\"><div align=\"center\"><img loading=\"lazy\" decoding=\"async\" class=\"alignnone wp-image-676 size-full\" src=\"http:\/\/techsulbrasil.com.br\/wp-content\/uploads\/2021\/11\/atu7.gif\" alt=\"\" width=\"700\" height=\"673\" \/><\/div><\/td><\/tr><tr><td class=\"titulo1\" colspan=\"2\">\u00a0<\/td><\/tr><tr><td class=\"titulo1\" colspan=\"2\" bgcolor=\"#096D9C\"><strong>Tempo de Manobra Obtidos om Atuadores Funcionando em Vazio<\/strong><\/td><\/tr><tr><td class=\"normal\" colspan=\"2\">\u00a0<\/td><\/tr><tr><td class=\"normal\" colspan=\"2\">PRESS\u00c3O DE ALIMENTA\u00c7\u00c3O: 6 bar. Tempo: milisegundos. Molas 2-2-2<\/td><\/tr><tr><td colspan=\"2\" align=\"center\" valign=\"top\"><table border=\"0\" width=\"730\" cellspacing=\"2\" cellpadding=\"0\"><tbody><tr><td class=\"titulo1\" align=\"center\" bgcolor=\"#096D9C\" width=\"114\">ADA<\/td><td class=\"titulo1\" align=\"center\" bgcolor=\"#096D9C\" width=\"34\">20<\/td><td class=\"titulo1\" align=\"center\" bgcolor=\"#096D9C\" width=\"41\">40<\/td><td class=\"titulo1\" align=\"center\" bgcolor=\"#096D9C\" width=\"56\">80<\/td><td class=\"titulo1\" align=\"center\" bgcolor=\"#096D9C\" width=\"56\">130<\/td><td class=\"titulo1\" align=\"center\" bgcolor=\"#096D9C\" width=\"56\">200<\/td><td class=\"titulo1\" align=\"center\" bgcolor=\"#096D9C\" width=\"56\">300<\/td><td class=\"titulo1\" align=\"center\" bgcolor=\"#096D9C\" width=\"56\">500<\/td><td class=\"titulo1\" align=\"center\" bgcolor=\"#096D9C\" width=\"57\">850<\/td><td class=\"titulo1\" align=\"center\" bgcolor=\"#096D9C\" width=\"57\">1200<\/td><td class=\"titulo1\" align=\"center\" bgcolor=\"#096D9C\" width=\"57\">1750<\/td><td class=\"titulo1\" align=\"center\" bgcolor=\"#096D9C\" width=\"64\">2500<\/td><\/tr><tr><td class=\"normal\" align=\"center\">Abertura em ms<\/td><td class=\"normal\" align=\"center\">45<\/td><td class=\"normal\" align=\"center\">80<\/td><td class=\"normal\" align=\"center\">110<\/td><td class=\"normal\" align=\"center\">150<\/td><td class=\"normal\" align=\"center\">180<\/td><td class=\"normal\" align=\"center\">300<\/td><td class=\"normal\" align=\"center\">400<\/td><td class=\"normal\" align=\"center\">800<\/td><td class=\"normal\" align=\"center\">1200<\/td><td class=\"normal\" align=\"center\">1800<\/td><td class=\"normal\" align=\"center\">1900<\/td><\/tr><tr><td class=\"normal\" align=\"center\">Fechamento em ms<\/td><td class=\"normal\" align=\"center\">45<\/td><td class=\"normal\" align=\"center\">80<\/td><td class=\"normal\" align=\"center\">110<\/td><td class=\"normal\" align=\"center\">150<\/td><td class=\"normal\" align=\"center\">220<\/td><td class=\"normal\" align=\"center\">400<\/td><td class=\"normal\" align=\"center\">500<\/td><td class=\"normal\" align=\"center\">900<\/td><td class=\"normal\" align=\"center\">1500<\/td><td class=\"normal\" align=\"center\">2000<\/td><td class=\"normal\" align=\"center\">2100<\/td><\/tr><tr><td class=\"titulo1\" align=\"center\" bgcolor=\"#096D9C\">ASR<\/td><td class=\"titulo1\" align=\"center\" bgcolor=\"#096D9C\">20<\/td><td class=\"titulo1\" align=\"center\" bgcolor=\"#096D9C\">40<\/td><td class=\"titulo1\" align=\"center\" bgcolor=\"#096D9C\">80<\/td><td class=\"titulo1\" align=\"center\" bgcolor=\"#096D9C\">130<\/td><td class=\"titulo1\" align=\"center\" bgcolor=\"#096D9C\">200<\/td><td class=\"titulo1\" align=\"center\" bgcolor=\"#096D9C\">300<\/td><td class=\"titulo1\" align=\"center\" bgcolor=\"#096D9C\">500<\/td><td class=\"titulo1\" align=\"center\" bgcolor=\"#096D9C\">850<\/td><td class=\"titulo1\" align=\"center\" bgcolor=\"#096D9C\">1200<\/td><td class=\"titulo1\" align=\"center\" bgcolor=\"#096D9C\">1750<\/td><td class=\"titulo1\" align=\"center\" bgcolor=\"#096D9C\">2500<\/td><\/tr><tr><td class=\"normal\" align=\"center\">Abertura em ms<\/td><td class=\"normal\" align=\"center\">115<\/td><td class=\"normal\" align=\"center\">200<\/td><td class=\"normal\" align=\"center\">275<\/td><td class=\"normal\" align=\"center\">325<\/td><td class=\"normal\" align=\"center\">500<\/td><td class=\"normal\" align=\"center\">700<\/td><td class=\"normal\" align=\"center\">900<\/td><td class=\"normal\" align=\"center\">2200<\/td><td class=\"normal\" align=\"center\">2300<\/td><td class=\"normal\" align=\"center\">2800<\/td><td class=\"normal\" align=\"center\">2950<\/td><\/tr><tr><td class=\"normal\" align=\"center\">Fechamento em ms<\/td><td class=\"normal\" align=\"center\">175<\/td><td class=\"normal\" align=\"center\">290<\/td><td class=\"normal\" align=\"center\">400<\/td><td class=\"normal\" align=\"center\">500<\/td><td class=\"normal\" align=\"center\">600<\/td><td class=\"normal\" align=\"center\">850<\/td><td class=\"normal\" align=\"center\">1100<\/td><td class=\"normal\" align=\"center\">2600<\/td><td class=\"normal\" align=\"center\">2800<\/td><td class=\"normal\" align=\"center\">3200<\/td><td class=\"normal\" align=\"center\">3150<\/td><\/tr><\/tbody><\/table><\/td><\/tr><\/tbody><\/table>\t\t\t\t\t<\/div>\n\t\t\t\t\t\t<\/div>\n\t\t\t\t<\/div>\n\t\t\t\t\t\t<\/div>\n\t\t\t\t\t<\/div>\n\t\t<\/div>\n\t\t\t\t\t\t\t\t<\/div>\n\t\t\t\t\t<\/div>\n\t\t<\/section>\n\t\t\t\t\t\t<\/div>\n\t\t\t\t\t\t<\/div>\n\t\t\t\t\t<\/div>\n\t\t","protected":false},"excerpt":{"rendered":"<p>Atuadores Pneum\u00e1ticos de Dupla A\u00e7\u00e3o e Simples A\u00e7\u00e3o \u00a0 Modelo A B C D R \u00d8F G I Peso Kg ADA ASR ADA \/ ASR 20 130 215 96 76 48 34 14 10 6 1.1\/1.5 ADA \/ ASR 40 144 232 115 90 56 45 14 10 6 1.7\/2.3 ADA \/ ASR 80 162 &hellip;<\/p>\n<p class=\"read-more\"> <a class=\"\" href=\"http:\/\/techsulbrasil.com.br\/index.php\/atuador-pneumatico\/\"> <span class=\"screen-reader-text\">Atuador Pneum\u00e1tico<\/span> Leia mais &raquo;<\/a><\/p>\n","protected":false},"author":1,"featured_media":0,"parent":0,"menu_order":0,"comment_status":"closed","ping_status":"closed","template":"","meta":{"footnotes":""},"class_list":["post-669","page","type-page","status-publish","hentry"],"_links":{"self":[{"href":"http:\/\/techsulbrasil.com.br\/index.php\/wp-json\/wp\/v2\/pages\/669","targetHints":{"allow":["GET"]}}],"collection":[{"href":"http:\/\/techsulbrasil.com.br\/index.php\/wp-json\/wp\/v2\/pages"}],"about":[{"href":"http:\/\/techsulbrasil.com.br\/index.php\/wp-json\/wp\/v2\/types\/page"}],"author":[{"embeddable":true,"href":"http:\/\/techsulbrasil.com.br\/index.php\/wp-json\/wp\/v2\/users\/1"}],"replies":[{"embeddable":true,"href":"http:\/\/techsulbrasil.com.br\/index.php\/wp-json\/wp\/v2\/comments?post=669"}],"version-history":[{"count":4,"href":"http:\/\/techsulbrasil.com.br\/index.php\/wp-json\/wp\/v2\/pages\/669\/revisions"}],"predecessor-version":[{"id":679,"href":"http:\/\/techsulbrasil.com.br\/index.php\/wp-json\/wp\/v2\/pages\/669\/revisions\/679"}],"wp:attachment":[{"href":"http:\/\/techsulbrasil.com.br\/index.php\/wp-json\/wp\/v2\/media?parent=669"}],"curies":[{"name":"wp","href":"https:\/\/api.w.org\/{rel}","templated":true}]}}