{"id":683,"date":"2021-11-04T00:54:46","date_gmt":"2021-11-04T00:54:46","guid":{"rendered":"http:\/\/rpdieselonline.com.br\/?page_id=683"},"modified":"2021-11-04T00:56:43","modified_gmt":"2021-11-04T00:56:43","slug":"valvula-de-esfera-bipartida-passagem-plena-classe-300","status":"publish","type":"page","link":"http:\/\/techsulbrasil.com.br\/index.php\/valvula-de-esfera-bipartida-passagem-plena-classe-300\/","title":{"rendered":"V\u00e1lvula de Esfera Bipartida Passagem Plena Classe 300"},"content":{"rendered":"\t\t<div data-elementor-type=\"wp-page\" data-elementor-id=\"683\" class=\"elementor elementor-683\" data-elementor-settings=\"[]\">\n\t\t\t\t\t\t<div class=\"elementor-inner\">\n\t\t\t\t\t\t\t<div class=\"elementor-section-wrap\">\n\t\t\t\t\t\t\t<section class=\"elementor-section elementor-top-section elementor-element elementor-element-907fa32 elementor-section-boxed elementor-section-height-default elementor-section-height-default\" data-id=\"907fa32\" data-element_type=\"section\">\n\t\t\t\t\t\t<div class=\"elementor-container elementor-column-gap-default\">\n\t\t\t\t\t\t\t<div class=\"elementor-row\">\n\t\t\t\t\t<div class=\"elementor-column elementor-col-100 elementor-top-column elementor-element elementor-element-6d7d3b9\" data-id=\"6d7d3b9\" data-element_type=\"column\">\n\t\t\t<div class=\"elementor-column-wrap elementor-element-populated\">\n\t\t\t\t\t\t\t<div class=\"elementor-widget-wrap\">\n\t\t\t\t\t\t<div class=\"elementor-element elementor-element-ae1918a elementor-widget elementor-widget-text-editor\" data-id=\"ae1918a\" data-element_type=\"widget\" data-widget_type=\"text-editor.default\">\n\t\t\t\t<div class=\"elementor-widget-container\">\n\t\t\t\t\t\t\t\t<div class=\"elementor-text-editor elementor-clearfix\">\n\t\t\t\t<table border=\"0\" width=\"100%\" cellspacing=\"0\" cellpadding=\"0\"><tbody><tr><td width=\"78%\"><table border=\"0\" width=\"570\" cellspacing=\"0\" cellpadding=\"0\"><tbody><tr><td width=\"228\"><img loading=\"lazy\" decoding=\"async\" class=\"alignnone size-full wp-image-686\" src=\"http:\/\/techsulbrasil.com.br\/wp-content\/uploads\/2021\/11\/bi300.jpg\" alt=\"\" width=\"225\" height=\"211\" \/><\/td><td align=\"left\" valign=\"top\" width=\"342\"><table border=\"0\" width=\"342\" cellspacing=\"0\" cellpadding=\"0\"><tbody><tr><td class=\"normalbold\" align=\"left\">\u00a0<\/td><\/tr><tr><td class=\"normalbold\" align=\"left\" bgcolor=\"#096D9C\"><strong class=\"titulo1\">Caracter\u00edsticas de Fabrica\u00e7\u00e3o<\/strong><\/td><\/tr><tr><td class=\"normalbold\" align=\"left\" width=\"342\"><strong>Constru\u00e7\u00e3o<\/strong><\/td><\/tr><tr><td class=\"normal\" align=\"left\">API Spec 6D<\/td><\/tr><tr><td align=\"left\">\u00a0<\/td><\/tr><tr><td class=\"normalbold\" align=\"left\"><strong>Testes<\/strong><\/td><\/tr><tr><td class=\"normal\" align=\"left\">BSI BS EN 12266<\/td><\/tr><tr><td align=\"left\">\u00a0<\/td><\/tr><tr><td align=\"left\" bgcolor=\"#096D9C\"><strong>\u00a0<span class=\"titulo1\">Materiais<\/span><\/strong><\/td><\/tr><tr><td align=\"center\"><table border=\"0\" width=\"342\" cellspacing=\"3\" cellpadding=\"0\"><tbody><tr valign=\"top\"><td bgcolor=\"#D7E8F1\" width=\"213\"><strong class=\"normalbold\">Corpo e Tampas<\/strong><br \/><span class=\"normal\">ASTM A 216 &#8211; WCB<br \/>ASTM A 351 &#8211; CF8<br \/>ASTM A 351 &#8211; CF8M<\/span><\/td><td bgcolor=\"#D7E8F1\" width=\"120\"><strong class=\"normalbold\">Esfera<\/strong><br \/><span class=\"normal\">ASTM A 351 &#8211; CF8<br \/>ASTM A 351 &#8211; CF8M<\/span><\/td><\/tr><tr valign=\"top\"><td bgcolor=\"#D7E8F1\"><strong class=\"normalbold\">Veda\u00e7\u00f5es<\/strong><br \/><span class=\"normal\">PTFE<br \/><\/span><\/td><td bgcolor=\"#D7E8F1\"><strong class=\"normalbold\">Haste<\/strong><br \/><span class=\"normal\">AISI 304<br \/>AISI 316<\/span><\/td><\/tr><tr valign=\"top\"><td bgcolor=\"#D7E8F1\"><strong class=\"normalbold\">Extremidades<\/strong><br \/><span class=\"normal\">Flange ASME\/ANSI B 16.5 Classe 300<br \/>Acabamento dos Flanges: MSS-SP-6 <\/span><\/td><td bgcolor=\"#D7E8F1\">\u00a0<\/td><\/tr><\/tbody><\/table><\/td><\/tr><\/tbody><\/table><\/td><\/tr><\/tbody><\/table><\/td><\/tr><tr><td colspan=\"2\"><table cellspacing=\"0\" cellpadding=\"0\"><tbody><tr align=\"center\"><td height=\"14\"><strong class=\"titulo1\">Informa\u00e7\u00f5es T\u00e9cnicas<\/strong><\/td><\/tr><tr align=\"center\"><td align=\"center\" valign=\"top\" height=\"268\"><div align=\"center\"><img loading=\"lazy\" decoding=\"async\" class=\"alignnone wp-image-685 size-full\" src=\"http:\/\/techsulbrasil.com.br\/wp-content\/uploads\/2021\/11\/esquema_bi300.gif\" alt=\"\" width=\"650\" height=\"268\" \/><\/div><\/td><\/tr><tr align=\"center\"><td align=\"center\" valign=\"top\" height=\"19\">\u00a0<\/td><\/tr><tr align=\"center\"><td align=\"center\" valign=\"top\" height=\"161\"><table width=\"652\" cellspacing=\"3\" cellpadding=\"0\"><tbody><tr align=\"center\" valign=\"center\" bgcolor=\"#d5efff\"><td colspan=\"17\" bgcolor=\"#096D9C\" height=\"14\"><strong class=\"titulo1\">V\u00e1lvula de Esfera Bipartida Passagem Plena Classe 300<\/strong><\/td><\/tr><tr align=\"center\"><td class=\"normalbold\" colspan=\"2\" valign=\"center\" bgcolor=\"#D7E8F1\" height=\"30\"><div align=\"center\"><em>BITOLA<\/em><\/div><\/td><td class=\"normalbold\" rowspan=\"2\" valign=\"center\" width=\"41\"><div align=\"center\"><em>PASS.<\/em><\/div><\/td><td class=\"normalbold\" rowspan=\"2\" valign=\"center\" bgcolor=\"#D7E8F1\" width=\"36\"><div align=\"center\"><em>A<\/em><\/div><\/td><td class=\"normalbold\" rowspan=\"2\" valign=\"center\" width=\"36\"><div align=\"center\"><em>B<\/em><\/div><\/td><td class=\"normalbold\" rowspan=\"2\" valign=\"center\" bgcolor=\"#D7E8F1\" width=\"29\"><div align=\"center\"><em>C<\/em><\/div><\/td><td class=\"normalbold\" rowspan=\"2\" valign=\"center\" width=\"26\"><div align=\"center\"><em>D<\/em><\/div><\/td><td class=\"normalbold\" rowspan=\"2\" valign=\"center\" bgcolor=\"#D7E8F1\" width=\"25\"><div align=\"center\"><em>E<\/em><\/div><\/td><td class=\"normalbold\" rowspan=\"2\" valign=\"center\" width=\"25\"><div align=\"center\"><em>F<\/em><\/div><\/td><td class=\"normalbold\" rowspan=\"2\" valign=\"center\" bgcolor=\"#D7E8F1\" width=\"36\"><div align=\"center\"><em>G<\/em><\/div><\/td><td class=\"normalbold\" rowspan=\"2\" valign=\"center\" width=\"36\"><div align=\"center\"><em>H<\/em><\/div><\/td><td class=\"normalbold\" rowspan=\"2\" valign=\"center\" bgcolor=\"#D7E8F1\" width=\"37\"><div align=\"center\"><em>I<\/em><\/div><\/td><td class=\"normalbold\" rowspan=\"2\" valign=\"center\" width=\"37\"><div align=\"center\"><em>J<\/em><\/div><\/td><td class=\"normalbold\" rowspan=\"2\" valign=\"center\" bgcolor=\"#D7E8F1\" width=\"19\"><div align=\"center\"><em>K<\/em><\/div><\/td><td class=\"normalbold\" rowspan=\"2\" valign=\"center\" width=\"31\"><div align=\"center\"><em>N\u00ba de Furos<\/em><\/div><\/td><td class=\"normalbold\" rowspan=\"2\" valign=\"center\" bgcolor=\"#D7E8F1\" width=\"39\"><div align=\"center\"><em>PESO<br \/>(Kg)<\/em><\/div><\/td><td class=\"normalbold\" rowspan=\"2\" valign=\"center\" width=\"79\"><div align=\"center\"><em>Coeficiente de Fluxo<br \/>Kv (m\u00b3\/h)<\/em><\/div><\/td><\/tr><tr align=\"center\" bgcolor=\"#D7E8F1\"><td class=\"normalbold\" valign=\"center\" width=\"35\" height=\"12\"><div align=\"center\"><em>POL.<\/em><\/div><\/td><td class=\"normalbold\" valign=\"center\" width=\"29\" height=\"12\"><div align=\"center\"><em>DN<\/em><\/div><\/td><\/tr><tr align=\"center\"><td class=\"normal\" bgcolor=\"#D7E8F1\" width=\"35\">2&#8243;<\/td><td class=\"normal\" bgcolor=\"#D7E8F1\" width=\"29\">50<\/td><td class=\"normal\" width=\"41\">50,8<\/td><td class=\"normal\" bgcolor=\"#D7E8F1\" width=\"36\">215,9<\/td><td class=\"normal\" width=\"36\">95,4<\/td><td class=\"normal\" bgcolor=\"#D7E8F1\" width=\"29\">22,4<\/td><td class=\"normal\" width=\"26\">138<\/td><td class=\"normal\" bgcolor=\"#D7E8F1\" width=\"25\">135<\/td><td class=\"normal\" width=\"25\">480<\/td><td class=\"normal\" bgcolor=\"#D7E8F1\" width=\"36\">91,9<\/td><td class=\"normal\" width=\"36\">165,1<\/td><td class=\"normal\" bgcolor=\"#D7E8F1\" width=\"37\">127,0<\/td><td class=\"normal\" width=\"37\">19,1<\/td><td class=\"normal\" bgcolor=\"#D7E8F1\" width=\"19\">50<\/td><td class=\"normal\" width=\"31\">8<\/td><td class=\"normal\" bgcolor=\"#D7E8F1\" width=\"39\">12,20<\/td><td class=\"normal\" width=\"79\">420<\/td><\/tr><tr align=\"center\"><td class=\"normal\" bgcolor=\"#D7E8F1\" width=\"35\">2.1\/2&#8243;<\/td><td class=\"normal\" bgcolor=\"#D7E8F1\" width=\"29\">65<\/td><td class=\"normal\" width=\"41\">63,0<\/td><td class=\"normal\" bgcolor=\"#D7E8F1\" width=\"36\">241,3<\/td><td class=\"normal\" width=\"36\">110,7<\/td><td class=\"normal\" bgcolor=\"#D7E8F1\" width=\"29\">25,4<\/td><td class=\"normal\" width=\"26\">148<\/td><td class=\"normal\" bgcolor=\"#D7E8F1\" width=\"25\">145<\/td><td class=\"normal\" width=\"25\">580<\/td><td class=\"normal\" bgcolor=\"#D7E8F1\" width=\"36\">104,6<\/td><td class=\"normal\" width=\"36\">190,5<\/td><td class=\"normal\" bgcolor=\"#D7E8F1\" width=\"37\">149,4<\/td><td class=\"normal\" width=\"37\">22,4<\/td><td class=\"normal\" bgcolor=\"#D7E8F1\" width=\"19\">50<\/td><td class=\"normal\" width=\"31\">8<\/td><td class=\"normal\" bgcolor=\"#D7E8F1\" width=\"39\">16,75<\/td><td class=\"normal\" width=\"79\">650<\/td><\/tr><tr align=\"center\"><td class=\"normal\" bgcolor=\"#D7E8F1\" width=\"35\">3&#8243;<\/td><td class=\"normal\" bgcolor=\"#D7E8F1\" width=\"29\">80<\/td><td class=\"normal\" width=\"41\">76,0<\/td><td class=\"normal\" bgcolor=\"#D7E8F1\" width=\"36\">282,5<\/td><td class=\"normal\" width=\"36\">135,5<\/td><td class=\"normal\" bgcolor=\"#D7E8F1\" width=\"29\">30,0<\/td><td class=\"normal\" width=\"26\">163<\/td><td class=\"normal\" bgcolor=\"#D7E8F1\" width=\"25\">159<\/td><td class=\"normal\" width=\"25\">580<\/td><td class=\"normal\" bgcolor=\"#D7E8F1\" width=\"36\">127,0<\/td><td class=\"normal\" width=\"36\">209,6<\/td><td class=\"normal\" bgcolor=\"#D7E8F1\" width=\"37\">168,2<\/td><td class=\"normal\" width=\"37\">22,4<\/td><td class=\"normal\" bgcolor=\"#D7E8F1\" width=\"19\">58<\/td><td class=\"normal\" width=\"31\">8<\/td><td class=\"normal\" bgcolor=\"#D7E8F1\" width=\"39\">27,70<\/td><td class=\"normal\" width=\"79\">1.120<\/td><\/tr><tr align=\"center\"><td class=\"normal\" bgcolor=\"#D7E8F1\" width=\"35\" height=\"12\">4&#8243;<\/td><td class=\"normal\" bgcolor=\"#D7E8F1\" width=\"29\">100<\/td><td class=\"normal\" width=\"41\">101,6<\/td><td class=\"normal\" bgcolor=\"#D7E8F1\" width=\"36\">304,8<\/td><td class=\"normal\" width=\"36\">126,1<\/td><td class=\"normal\" bgcolor=\"#D7E8F1\" width=\"29\">31,8<\/td><td class=\"normal\" width=\"26\">185<\/td><td class=\"normal\" bgcolor=\"#D7E8F1\" width=\"25\">181<\/td><td class=\"normal\" width=\"25\">580<\/td><td class=\"normal\" bgcolor=\"#D7E8F1\" width=\"36\">157,2<\/td><td class=\"normal\" width=\"36\">254,0<\/td><td class=\"normal\" bgcolor=\"#D7E8F1\" width=\"37\">200,2<\/td><td class=\"normal\" width=\"37\">22,4<\/td><td class=\"normal\" bgcolor=\"#D7E8F1\" width=\"19\">70<\/td><td class=\"normal\" width=\"31\">8<\/td><td class=\"normal\" bgcolor=\"#D7E8F1\" width=\"39\">42,0<\/td><td class=\"normal\" width=\"79\">1.980<\/td><\/tr><\/tbody><\/table><div class=\"normal\" align=\"left\"><br \/>\u2022 A vaz\u00e3o apresentada em Kv (m<em>\u00b3<\/em>\/h) corresponde a um diferencial de press\u00e3o (p) de 1 bar utilizando \u00e1gua como fluido de teste.<\/div><\/td><\/tr><\/tbody><\/table><\/td><\/tr><\/tbody><\/table>\t\t\t\t\t<\/div>\n\t\t\t\t\t\t<\/div>\n\t\t\t\t<\/div>\n\t\t\t\t\t\t<\/div>\n\t\t\t\t\t<\/div>\n\t\t<\/div>\n\t\t\t\t\t\t\t\t<\/div>\n\t\t\t\t\t<\/div>\n\t\t<\/section>\n\t\t\t\t\t\t<\/div>\n\t\t\t\t\t\t<\/div>\n\t\t\t\t\t<\/div>\n\t\t","protected":false},"excerpt":{"rendered":"<p>\u00a0 Caracter\u00edsticas de Fabrica\u00e7\u00e3o Constru\u00e7\u00e3o API Spec 6D \u00a0 Testes BSI BS EN 12266 \u00a0 \u00a0Materiais Corpo e TampasASTM A 216 &#8211; WCBASTM A 351 &#8211; CF8ASTM A 351 &#8211; CF8M EsferaASTM A 351 &#8211; CF8ASTM A 351 &#8211; CF8M Veda\u00e7\u00f5esPTFE HasteAISI 304AISI 316 ExtremidadesFlange ASME\/ANSI B 16.5 Classe 300Acabamento dos Flanges: MSS-SP-6 \u00a0 Informa\u00e7\u00f5es &hellip;<\/p>\n<p class=\"read-more\"> <a class=\"\" href=\"http:\/\/techsulbrasil.com.br\/index.php\/valvula-de-esfera-bipartida-passagem-plena-classe-300\/\"> <span class=\"screen-reader-text\">V\u00e1lvula de Esfera Bipartida Passagem Plena Classe 300<\/span> Leia mais &raquo;<\/a><\/p>\n","protected":false},"author":1,"featured_media":0,"parent":0,"menu_order":0,"comment_status":"closed","ping_status":"closed","template":"","meta":{"footnotes":""},"class_list":["post-683","page","type-page","status-publish","hentry"],"_links":{"self":[{"href":"http:\/\/techsulbrasil.com.br\/index.php\/wp-json\/wp\/v2\/pages\/683","targetHints":{"allow":["GET"]}}],"collection":[{"href":"http:\/\/techsulbrasil.com.br\/index.php\/wp-json\/wp\/v2\/pages"}],"about":[{"href":"http:\/\/techsulbrasil.com.br\/index.php\/wp-json\/wp\/v2\/types\/page"}],"author":[{"embeddable":true,"href":"http:\/\/techsulbrasil.com.br\/index.php\/wp-json\/wp\/v2\/users\/1"}],"replies":[{"embeddable":true,"href":"http:\/\/techsulbrasil.com.br\/index.php\/wp-json\/wp\/v2\/comments?post=683"}],"version-history":[{"count":4,"href":"http:\/\/techsulbrasil.com.br\/index.php\/wp-json\/wp\/v2\/pages\/683\/revisions"}],"predecessor-version":[{"id":689,"href":"http:\/\/techsulbrasil.com.br\/index.php\/wp-json\/wp\/v2\/pages\/683\/revisions\/689"}],"wp:attachment":[{"href":"http:\/\/techsulbrasil.com.br\/index.php\/wp-json\/wp\/v2\/media?parent=683"}],"curies":[{"name":"wp","href":"https:\/\/api.w.org\/{rel}","templated":true}]}}