{"id":690,"date":"2021-11-04T00:57:44","date_gmt":"2021-11-04T00:57:44","guid":{"rendered":"http:\/\/rpdieselonline.com.br\/?page_id=690"},"modified":"2021-11-04T00:59:20","modified_gmt":"2021-11-04T00:59:20","slug":"valvula-de-esfera-bipartida-passagem-plena-classe-150","status":"publish","type":"page","link":"http:\/\/techsulbrasil.com.br\/index.php\/valvula-de-esfera-bipartida-passagem-plena-classe-150\/","title":{"rendered":"V\u00e1lvula de Esfera Bipartida Passagem Plena Classe 150"},"content":{"rendered":"\t\t<div data-elementor-type=\"wp-page\" data-elementor-id=\"690\" class=\"elementor elementor-690\" data-elementor-settings=\"[]\">\n\t\t\t\t\t\t<div class=\"elementor-inner\">\n\t\t\t\t\t\t\t<div class=\"elementor-section-wrap\">\n\t\t\t\t\t\t\t<section class=\"elementor-section elementor-top-section elementor-element elementor-element-7314c53 elementor-section-boxed elementor-section-height-default elementor-section-height-default\" data-id=\"7314c53\" data-element_type=\"section\">\n\t\t\t\t\t\t<div class=\"elementor-container elementor-column-gap-default\">\n\t\t\t\t\t\t\t<div class=\"elementor-row\">\n\t\t\t\t\t<div class=\"elementor-column elementor-col-100 elementor-top-column elementor-element elementor-element-5ff883b\" data-id=\"5ff883b\" data-element_type=\"column\">\n\t\t\t<div class=\"elementor-column-wrap elementor-element-populated\">\n\t\t\t\t\t\t\t<div class=\"elementor-widget-wrap\">\n\t\t\t\t\t\t<div class=\"elementor-element elementor-element-f5694fb elementor-widget elementor-widget-heading\" data-id=\"f5694fb\" data-element_type=\"widget\" data-widget_type=\"heading.default\">\n\t\t\t\t<div class=\"elementor-widget-container\">\n\t\t\t<h2 class=\"elementor-heading-title elementor-size-default\">V\u00e1lvula de Esfera Bipartida Passagem Plena Classe 150<\/h2>\t\t<\/div>\n\t\t\t\t<\/div>\n\t\t\t\t\t\t<\/div>\n\t\t\t\t\t<\/div>\n\t\t<\/div>\n\t\t\t\t\t\t\t\t<\/div>\n\t\t\t\t\t<\/div>\n\t\t<\/section>\n\t\t\t\t<section class=\"elementor-section elementor-top-section elementor-element elementor-element-7893d8f elementor-section-boxed elementor-section-height-default elementor-section-height-default\" data-id=\"7893d8f\" data-element_type=\"section\">\n\t\t\t\t\t\t<div class=\"elementor-container elementor-column-gap-default\">\n\t\t\t\t\t\t\t<div class=\"elementor-row\">\n\t\t\t\t\t<div class=\"elementor-column elementor-col-100 elementor-top-column elementor-element elementor-element-966d2b2\" data-id=\"966d2b2\" data-element_type=\"column\">\n\t\t\t<div class=\"elementor-column-wrap elementor-element-populated\">\n\t\t\t\t\t\t\t<div class=\"elementor-widget-wrap\">\n\t\t\t\t\t\t<div class=\"elementor-element elementor-element-8c5c68c elementor-widget elementor-widget-text-editor\" data-id=\"8c5c68c\" data-element_type=\"widget\" data-widget_type=\"text-editor.default\">\n\t\t\t\t<div class=\"elementor-widget-container\">\n\t\t\t\t\t\t\t\t<div class=\"elementor-text-editor elementor-clearfix\">\n\t\t\t\t<table border=\"0\" width=\"100%\" cellspacing=\"0\" cellpadding=\"0\"><tbody><tr><td align=\"left\" valign=\"top\" width=\"78%\"><table border=\"0\" width=\"100%\" cellspacing=\"0\" cellpadding=\"0\"><tbody><tr><td><div align=\"center\"><img loading=\"lazy\" decoding=\"async\" class=\"alignnone size-full wp-image-585\" src=\"http:\/\/techsulbrasil.com.br\/wp-content\/uploads\/2021\/11\/bi150.jpg\" alt=\"\" width=\"219\" height=\"214\" \/><\/div><\/td><td width=\"61%\"><table border=\"0\" width=\"353\" cellspacing=\"0\" cellpadding=\"0\"><tbody><tr><td align=\"left\" bgcolor=\"#096D9C\"><strong class=\"titulo1\">Caracter\u00edsticas de Fabrica\u00e7\u00e3o<\/strong><\/td><\/tr><tr><td align=\"left\" width=\"353\"><strong>\u00a0<span class=\"normalbold\">Constru\u00e7\u00e3o<\/span><\/strong><\/td><\/tr><tr><td class=\"normal\" align=\"left\">API Spec 6D<\/td><\/tr><tr><td align=\"left\">\u00a0<\/td><\/tr><tr><td align=\"left\"><strong class=\"normalbold\">\u00a0Testes<\/strong><\/td><\/tr><tr><td class=\"normal\" align=\"left\">BSI BS EN 12266<\/td><\/tr><tr><td align=\"left\">\u00a0<\/td><\/tr><tr><td align=\"left\" bgcolor=\"#096D9C\"><strong class=\"titulo1\">Materiais<\/strong><\/td><\/tr><tr><td align=\"left\" valign=\"top\" height=\"132\"><table border=\"0\" width=\"353\" cellspacing=\"3\" cellpadding=\"0\"><tbody><tr valign=\"top\"><td bgcolor=\"#D7E8F1\" width=\"208\"><strong class=\"normalbold\">Corpo e Tampas<\/strong><br \/><span class=\"normal\">ASTM A 216 &#8211; WCB<br \/>ASTM A 351 &#8211; CF8<br \/>ASTM A 351 &#8211; CF8M<\/span><\/td><td bgcolor=\"#D7E8F1\" width=\"130\"><strong class=\"normalbold\">Esfera<\/strong><br \/><span class=\"normal\">ASTM A 351 &#8211; CF8<br \/>ASTM A 351 &#8211; CF8M<\/span><\/td><\/tr><tr valign=\"top\"><td bgcolor=\"#D7E8F1\"><strong class=\"normalbold\">Veda\u00e7\u00f5es<\/strong><br \/><span class=\"normal\">PTFE<br \/>COMP L<\/span><\/td><td bgcolor=\"#D7E8F1\"><strong class=\"normalbold\">Haste<\/strong><br \/><span class=\"normal\">ASTM A 351 &#8211; AISI 304<br \/>ASTM A 351 &#8211; AISI 316<\/span><\/td><\/tr><tr valign=\"top\"><td bgcolor=\"#D7E8F1\"><strong class=\"normalbold\">Extremidades<\/strong><br \/><span class=\"normal\">Flange ASME\/ANSI B 16.5 Classe 150<br \/>Acabamento dos Flanges: MSS-SP-6<\/span><\/td><td bgcolor=\"#D7E8F1\">\u00a0<\/td><\/tr><\/tbody><\/table><\/td><\/tr><\/tbody><\/table><\/td><\/tr><\/tbody><\/table><\/td><\/tr><tr><td colspan=\"2\" align=\"left\" valign=\"top\"><table cellspacing=\"0\" cellpadding=\"0\"><tbody><tr align=\"center\"><td bgcolor=\"#096D9C\" height=\"19\"><strong class=\"titulo1\">Informa\u00e7\u00f5es T\u00e9cnicas<\/strong><\/td><\/tr><tr align=\"center\"><td align=\"center\" valign=\"top\" height=\"196\"><img loading=\"lazy\" decoding=\"async\" class=\"alignnone wp-image-692 size-full\" src=\"http:\/\/techsulbrasil.com.br\/wp-content\/uploads\/2021\/11\/esquema_bi150.gif\" alt=\"\" width=\"600\" height=\"192\" \/><\/td><\/tr><tr align=\"center\"><td align=\"center\" valign=\"top\" height=\"19\">\u00a0<\/td><\/tr><tr align=\"center\"><td height=\"180\"><table width=\"731\" cellspacing=\"1\" cellpadding=\"0\"><tbody><tr align=\"center\" valign=\"center\" bgcolor=\"#d5efff\"><td colspan=\"17\" align=\"center\" bgcolor=\"#096D9C\" height=\"19\"><strong class=\"titulo1\">V\u00e1lvulas de Esfera Bipartida Passagem Plena Classe 150<\/strong><\/td><\/tr><tr align=\"center\"><td class=\"normal\" colspan=\"2\" valign=\"center\" bgcolor=\"#ffffff\" height=\"30\"><div align=\"center\"><em>BITOLA<\/em><\/div><\/td><td class=\"normal\" rowspan=\"2\" valign=\"center\" bgcolor=\"#ffffff\" width=\"37\"><div align=\"center\"><em>PASS.<\/em><\/div><\/td><td class=\"normal\" rowspan=\"2\" valign=\"center\" bgcolor=\"#ffffff\" width=\"36\"><div align=\"center\"><em>A<\/em><\/div><\/td><td class=\"normal\" rowspan=\"2\" valign=\"center\" bgcolor=\"#ffffff\" width=\"36\"><div align=\"center\"><em>B<\/em><\/div><\/td><td class=\"normal\" rowspan=\"2\" valign=\"center\" bgcolor=\"#ffffff\" width=\"33\"><div align=\"center\"><em>C<\/em><\/div><\/td><td class=\"normal\" rowspan=\"2\" valign=\"center\" bgcolor=\"#ffffff\" width=\"35\"><div align=\"center\"><em>D<\/em><\/div><\/td><td class=\"normal\" rowspan=\"2\" valign=\"center\" bgcolor=\"#ffffff\" width=\"27\"><div align=\"center\"><em>E<\/em><\/div><\/td><td class=\"normal\" rowspan=\"2\" valign=\"center\" bgcolor=\"#ffffff\" width=\"28\"><div align=\"center\"><em>F<\/em><\/div><\/td><td class=\"normal\" rowspan=\"2\" valign=\"center\" bgcolor=\"#ffffff\" width=\"31\"><div align=\"center\"><em>G<\/em><\/div><\/td><td class=\"normal\" rowspan=\"2\" valign=\"center\" bgcolor=\"#ffffff\" width=\"38\"><div align=\"center\"><em>H<\/em><\/div><\/td><td class=\"normal\" rowspan=\"2\" valign=\"center\" bgcolor=\"#ffffff\" width=\"37\"><div align=\"center\"><em>I<\/em><\/div><\/td><td class=\"normal\" rowspan=\"2\" valign=\"center\" bgcolor=\"#ffffff\" width=\"27\"><div align=\"center\"><em>J<\/em><\/div><\/td><td class=\"normal\" rowspan=\"2\" valign=\"center\" bgcolor=\"#ffffff\" width=\"27\"><div align=\"center\"><em>K<\/em><\/div><\/td><td class=\"normal\" rowspan=\"2\" valign=\"center\" bgcolor=\"#ffffff\" width=\"41\"><div align=\"center\"><em>N\u00ba de Furos<\/em><\/div><\/td><td class=\"normal\" rowspan=\"2\" valign=\"center\" bgcolor=\"#ffffff\" width=\"40\"><div align=\"center\"><em>PESO<br \/>(Kg)<\/em><\/div><\/td><td class=\"normal\" rowspan=\"2\" valign=\"center\" bgcolor=\"#ffffff\" width=\"80\"><div align=\"center\"><em>Coeficiente de<br \/>Fluxo<br \/>Kv (m\u00b3\/h)<\/em><\/div><\/td><\/tr><tr align=\"center\"><td class=\"normal\" valign=\"center\" bgcolor=\"#ffffff\" width=\"40\" height=\"12\"><div align=\"center\">POL.<\/div><\/td><td class=\"normal\" valign=\"center\" bgcolor=\"#ffffff\" width=\"26\" height=\"12\"><div align=\"center\"><em>DN<\/em><\/div><\/td><\/tr><tr align=\"center\"><td class=\"normal\" bgcolor=\"#d5efff\" width=\"40\">2&#8243;<\/td><td class=\"normal\" bgcolor=\"#d5efff\" width=\"26\">50<\/td><td class=\"normal\" bgcolor=\"#d5efff\" width=\"37\">50,8<\/td><td class=\"normal\" bgcolor=\"#d5efff\" width=\"36\">177,8<\/td><td class=\"normal\" bgcolor=\"#d5efff\" width=\"36\">89,0<\/td><td class=\"normal\" bgcolor=\"#d5efff\" width=\"33\">19,1<\/td><td class=\"normal\" bgcolor=\"#d5efff\" width=\"35\">104<\/td><td class=\"normal\" bgcolor=\"#d5efff\" width=\"27\">140<\/td><td class=\"normal\" bgcolor=\"#d5efff\" width=\"28\">267<\/td><td class=\"normal\" bgcolor=\"#d5efff\" width=\"31\">90,0<\/td><td class=\"normal\" bgcolor=\"#d5efff\" width=\"38\">152,4<\/td><td class=\"normal\" bgcolor=\"#d5efff\" width=\"37\">120,7<\/td><td class=\"normal\" bgcolor=\"#d5efff\" width=\"27\">19,1<\/td><td class=\"normal\" bgcolor=\"#d5efff\" width=\"27\">50<\/td><td class=\"normal\" bgcolor=\"#d5efff\" width=\"41\">4<\/td><td class=\"normal\" bgcolor=\"#d5efff\" width=\"40\">9,60<\/td><td class=\"normal\" bgcolor=\"#d5efff\" width=\"80\">420<\/td><\/tr><tr align=\"center\"><td class=\"normal\" bgcolor=\"#ffffff\" width=\"40\">2.1\/2&#8243;<\/td><td class=\"normal\" bgcolor=\"#ffffff\" width=\"26\">65<\/td><td class=\"normal\" bgcolor=\"#ffffff\" width=\"37\">63,0<\/td><td class=\"normal\" bgcolor=\"#ffffff\" width=\"36\">190,5<\/td><td class=\"normal\" bgcolor=\"#ffffff\" width=\"36\">82,9<\/td><td class=\"normal\" bgcolor=\"#ffffff\" width=\"33\">22,4<\/td><td class=\"normal\" bgcolor=\"#ffffff\" width=\"35\">115<\/td><td class=\"normal\" bgcolor=\"#ffffff\" width=\"27\">145<\/td><td class=\"normal\" bgcolor=\"#ffffff\" width=\"28\">267<\/td><td class=\"normal\" bgcolor=\"#ffffff\" width=\"31\">104,6<\/td><td class=\"normal\" bgcolor=\"#ffffff\" width=\"38\">177,8<\/td><td class=\"normal\" bgcolor=\"#ffffff\" width=\"37\">139,7<\/td><td class=\"normal\" bgcolor=\"#ffffff\" width=\"27\">19,1<\/td><td class=\"normal\" bgcolor=\"#ffffff\" width=\"27\">50<\/td><td class=\"normal\" bgcolor=\"#ffffff\" width=\"41\">4<\/td><td class=\"normal\" bgcolor=\"#ffffff\" width=\"40\">13,70<\/td><td class=\"normal\" bgcolor=\"#ffffff\" width=\"80\">650<\/td><\/tr><tr align=\"center\"><td class=\"normal\" bgcolor=\"#d5efff\" width=\"40\">3&#8243;<\/td><td class=\"normal\" bgcolor=\"#d5efff\" width=\"26\">80<\/td><td class=\"normal\" bgcolor=\"#d5efff\" width=\"37\">76,0<\/td><td class=\"normal\" bgcolor=\"#d5efff\" width=\"36\">203,2<\/td><td class=\"normal\" bgcolor=\"#d5efff\" width=\"36\">100,5<\/td><td class=\"normal\" bgcolor=\"#d5efff\" width=\"33\">23,9<\/td><td class=\"normal\" bgcolor=\"#d5efff\" width=\"35\">128<\/td><td class=\"normal\" bgcolor=\"#d5efff\" width=\"27\">158<\/td><td class=\"normal\" bgcolor=\"#d5efff\" width=\"28\">337<\/td><td class=\"normal\" bgcolor=\"#d5efff\" width=\"31\">127,0<\/td><td class=\"normal\" bgcolor=\"#d5efff\" width=\"38\">190,5<\/td><td class=\"normal\" bgcolor=\"#d5efff\" width=\"37\">152,4<\/td><td class=\"normal\" bgcolor=\"#d5efff\" width=\"27\">19,1<\/td><td class=\"normal\" bgcolor=\"#d5efff\" width=\"27\">58<\/td><td class=\"normal\" bgcolor=\"#d5efff\" width=\"41\">4<\/td><td class=\"normal\" bgcolor=\"#d5efff\" width=\"40\">18,50<\/td><td class=\"normal\" bgcolor=\"#d5efff\" width=\"80\">1.120<\/td><\/tr><tr align=\"center\"><td class=\"normal\" bgcolor=\"#ffffff\" width=\"40\">4&#8243;<\/td><td class=\"normal\" bgcolor=\"#ffffff\" width=\"26\">100<\/td><td class=\"normal\" bgcolor=\"#ffffff\" width=\"37\">101,6<\/td><td class=\"normal\" bgcolor=\"#ffffff\" width=\"36\">228,6<\/td><td class=\"normal\" bgcolor=\"#ffffff\" width=\"36\">114,3<\/td><td class=\"normal\" bgcolor=\"#ffffff\" width=\"33\">23,9<\/td><td class=\"normal\" bgcolor=\"#ffffff\" width=\"35\">185<\/td><td class=\"normal\" bgcolor=\"#ffffff\" width=\"27\">181<\/td><td class=\"normal\" bgcolor=\"#ffffff\" width=\"28\">580<\/td><td class=\"normal\" bgcolor=\"#ffffff\" width=\"31\">157,2<\/td><td class=\"normal\" bgcolor=\"#ffffff\" width=\"38\">228,6<\/td><td class=\"normal\" bgcolor=\"#ffffff\" width=\"37\">190,5<\/td><td class=\"normal\" bgcolor=\"#ffffff\" width=\"27\">19,1<\/td><td class=\"normal\" bgcolor=\"#ffffff\" width=\"27\">70<\/td><td class=\"normal\" bgcolor=\"#ffffff\" width=\"41\">8<\/td><td class=\"normal\" bgcolor=\"#ffffff\" width=\"40\">31,0<\/td><td class=\"normal\" bgcolor=\"#ffffff\" width=\"80\">1.980<\/td><\/tr><tr align=\"center\" bgcolor=\"#d5efff\"><td class=\"normal\">6&#8243;<\/td><td class=\"normal\">150<\/td><td class=\"normal\">152,4<\/td><td class=\"normal\">265,0<\/td><td class=\"normal\">133,5<\/td><td class=\"normal\">25,9<\/td><td class=\"normal\">257<\/td><td class=\"normal\">246<\/td><td class=\"normal\">580<\/td><td class=\"normal\">215,9<\/td><td class=\"normal\">280,0<\/td><td class=\"normal\">241,3<\/td><td class=\"normal\">22,4<\/td><td class=\"normal\">94<\/td><td class=\"normal\">8<\/td><td class=\"normal\">60,0<\/td><td class=\"normal\">4.600<\/td><\/tr><\/tbody><\/table><p class=\"normal\" align=\"left\">\u2022 A V\u00e1lvula de 6\u201d pode ser fornecida com duas op\u00e7\u00f5es de esfera: maci\u00e7a ou oca (aliviada).<br \/>Na tabela acima o peso apresenta-se para v\u00e1lvula maci\u00e7a, a V\u00e1lvula de 6\u201d com esfera oca possui peso de 48,0Kg. <br \/>\u2022 A vaz\u00e3o apresentada em Kv (m<em>\u00b3<\/em>\/h) corresponde a um diferencial de press\u00e3o (p) de 1 bar utilizando \u00e1gua como fluido de teste.<\/p><\/td><\/tr><\/tbody><\/table><\/td><\/tr><\/tbody><\/table>\t\t\t\t\t<\/div>\n\t\t\t\t\t\t<\/div>\n\t\t\t\t<\/div>\n\t\t\t\t\t\t<\/div>\n\t\t\t\t\t<\/div>\n\t\t<\/div>\n\t\t\t\t\t\t\t\t<\/div>\n\t\t\t\t\t<\/div>\n\t\t<\/section>\n\t\t\t\t\t\t<\/div>\n\t\t\t\t\t\t<\/div>\n\t\t\t\t\t<\/div>\n\t\t","protected":false},"excerpt":{"rendered":"<p>V\u00e1lvula de Esfera Bipartida Passagem Plena Classe 150 Caracter\u00edsticas de Fabrica\u00e7\u00e3o \u00a0Constru\u00e7\u00e3o API Spec 6D \u00a0 \u00a0Testes BSI BS EN 12266 \u00a0 Materiais Corpo e TampasASTM A 216 &#8211; WCBASTM A 351 &#8211; CF8ASTM A 351 &#8211; CF8M EsferaASTM A 351 &#8211; CF8ASTM A 351 &#8211; CF8M Veda\u00e7\u00f5esPTFECOMP L HasteASTM A 351 &#8211; AISI 304ASTM &hellip;<\/p>\n<p class=\"read-more\"> <a class=\"\" href=\"http:\/\/techsulbrasil.com.br\/index.php\/valvula-de-esfera-bipartida-passagem-plena-classe-150\/\"> <span class=\"screen-reader-text\">V\u00e1lvula de Esfera Bipartida Passagem Plena Classe 150<\/span> Leia mais &raquo;<\/a><\/p>\n","protected":false},"author":1,"featured_media":0,"parent":0,"menu_order":0,"comment_status":"closed","ping_status":"closed","template":"","meta":{"footnotes":""},"class_list":["post-690","page","type-page","status-publish","hentry"],"_links":{"self":[{"href":"http:\/\/techsulbrasil.com.br\/index.php\/wp-json\/wp\/v2\/pages\/690","targetHints":{"allow":["GET"]}}],"collection":[{"href":"http:\/\/techsulbrasil.com.br\/index.php\/wp-json\/wp\/v2\/pages"}],"about":[{"href":"http:\/\/techsulbrasil.com.br\/index.php\/wp-json\/wp\/v2\/types\/page"}],"author":[{"embeddable":true,"href":"http:\/\/techsulbrasil.com.br\/index.php\/wp-json\/wp\/v2\/users\/1"}],"replies":[{"embeddable":true,"href":"http:\/\/techsulbrasil.com.br\/index.php\/wp-json\/wp\/v2\/comments?post=690"}],"version-history":[{"count":7,"href":"http:\/\/techsulbrasil.com.br\/index.php\/wp-json\/wp\/v2\/pages\/690\/revisions"}],"predecessor-version":[{"id":698,"href":"http:\/\/techsulbrasil.com.br\/index.php\/wp-json\/wp\/v2\/pages\/690\/revisions\/698"}],"wp:attachment":[{"href":"http:\/\/techsulbrasil.com.br\/index.php\/wp-json\/wp\/v2\/media?parent=690"}],"curies":[{"name":"wp","href":"https:\/\/api.w.org\/{rel}","templated":true}]}}