{"id":699,"date":"2021-11-04T00:59:47","date_gmt":"2021-11-04T00:59:47","guid":{"rendered":"http:\/\/rpdieselonline.com.br\/?page_id=699"},"modified":"2021-11-04T01:01:14","modified_gmt":"2021-11-04T01:01:14","slug":"valvula-de-esfera-tripartida-flange-classe-300","status":"publish","type":"page","link":"http:\/\/techsulbrasil.com.br\/index.php\/valvula-de-esfera-tripartida-flange-classe-300\/","title":{"rendered":"V\u00e1lvula de Esfera Tripartida Flange Classe 300"},"content":{"rendered":"\t\t<div data-elementor-type=\"wp-page\" data-elementor-id=\"699\" class=\"elementor elementor-699\" data-elementor-settings=\"[]\">\n\t\t\t\t\t\t<div class=\"elementor-inner\">\n\t\t\t\t\t\t\t<div class=\"elementor-section-wrap\">\n\t\t\t\t\t\t\t<section class=\"elementor-section elementor-top-section elementor-element elementor-element-1c31a62 elementor-section-boxed elementor-section-height-default elementor-section-height-default\" data-id=\"1c31a62\" data-element_type=\"section\">\n\t\t\t\t\t\t<div class=\"elementor-container elementor-column-gap-default\">\n\t\t\t\t\t\t\t<div class=\"elementor-row\">\n\t\t\t\t\t<div class=\"elementor-column elementor-col-100 elementor-top-column elementor-element elementor-element-e1278c6\" data-id=\"e1278c6\" data-element_type=\"column\">\n\t\t\t<div class=\"elementor-column-wrap elementor-element-populated\">\n\t\t\t\t\t\t\t<div class=\"elementor-widget-wrap\">\n\t\t\t\t\t\t<div class=\"elementor-element elementor-element-9d85e4c elementor-widget elementor-widget-text-editor\" data-id=\"9d85e4c\" data-element_type=\"widget\" data-widget_type=\"text-editor.default\">\n\t\t\t\t<div class=\"elementor-widget-container\">\n\t\t\t\t\t\t\t\t<div class=\"elementor-text-editor elementor-clearfix\">\n\t\t\t\t<table border=\"0\" width=\"730\" cellspacing=\"0\" cellpadding=\"0\"><tbody><tr><td align=\"left\" valign=\"top\" width=\"570\"><table border=\"0\" width=\"570\" cellspacing=\"0\" cellpadding=\"0\"><tbody><tr><td colspan=\"2\">\u00a0<\/td><\/tr><tr><td width=\"239\"><div align=\"center\"><img loading=\"lazy\" decoding=\"async\" class=\"alignnone size-full wp-image-584\" src=\"http:\/\/techsulbrasil.com.br\/wp-content\/uploads\/2021\/11\/tri300flange.jpg\" alt=\"\" width=\"226\" height=\"240\" \/><\/div><\/td><td align=\"right\" valign=\"top\" width=\"331\"><table border=\"0\" width=\"331\" cellspacing=\"0\" cellpadding=\"0\"><tbody><tr><td align=\"left\" bgcolor=\"#096D9C\"><strong class=\"titulo1\">Caracter\u00edsticas de Fabrica\u00e7\u00e3o<\/strong><\/td><\/tr><tr><td align=\"left\" width=\"331\"><strong class=\"normalbold\">Constru\u00e7\u00e3o<\/strong><\/td><\/tr><tr><td class=\"normal\" align=\"left\">BSI BS EN ISO 17292<br \/>API Spec 6D<\/td><\/tr><tr><td align=\"left\" height=\"19\">\u00a0<\/td><\/tr><tr><td align=\"left\"><strong class=\"normalbold\">Testes<\/strong><\/td><\/tr><tr><td class=\"normal\" align=\"left\">BSI BS EN 12266<\/td><\/tr><tr><td align=\"left\" height=\"19\">\u00a0<\/td><\/tr><tr><td align=\"left\" bgcolor=\"#096D9C\"><strong class=\"titulo1\">Materiais<\/strong><\/td><\/tr><tr><td align=\"center\" height=\"19\"><table border=\"0\" width=\"331\" cellspacing=\"3\" cellpadding=\"0\"><tbody><tr valign=\"top\"><td bgcolor=\"#D7E8F1\" width=\"197\" height=\"48\"><div align=\"left\"><strong class=\"normalbold\">Corpo e Tampas<\/strong><br \/><span class=\"normal\">ASTM A 216 &#8211; WCB<br \/>ASTM A 351 &#8211; CF8<br \/>ASTM A 351 &#8211; CF8M<\/span><\/div><\/td><td bgcolor=\"#D7E8F1\" width=\"125\"><div align=\"left\"><strong class=\"normalbold\">Esfera<\/strong><br \/><span class=\"normal\">ASTM A 351 &#8211; CF8<br \/>ASTM A 351 &#8211; CF8M<\/span><\/div><\/td><\/tr><tr valign=\"top\"><td bgcolor=\"#D7E8F1\" height=\"36\"><strong class=\"normalbold\">Veda\u00e7\u00f5es<\/strong><br \/><span class=\"normal\">PTFE<\/span><\/td><td bgcolor=\"#D7E8F1\"><strong class=\"normalbold\">Haste<\/strong><br \/><span class=\"normal\">AISI 304<br \/>AISI 316<\/span><\/td><\/tr><tr valign=\"top\"><td bgcolor=\"#D7E8F1\" height=\"43\"><div align=\"left\"><span class=\"normal\"><strong class=\"normalbold\">Extremidades<\/strong><br \/>FLANGE ASME\/AISI B16.5 Classe 300<br \/><\/span><\/div><\/td><td bgcolor=\"#D7E8F1\"><div align=\"left\">\u00a0<\/div><\/td><\/tr><\/tbody><\/table><\/td><\/tr><\/tbody><\/table><\/td><\/tr><\/tbody><\/table><\/td><\/tr><tr><td colspan=\"2\" align=\"left\" valign=\"top\" height=\"656\"><table cellspacing=\"0\" cellpadding=\"0\"><tbody><tr align=\"center\"><td bgcolor=\"#096D9C\" width=\"733\" height=\"14\"><span class=\"titulo1\"><strong>Informa\u00e7\u00f5es T\u00e9cnicas<\/strong><\/span><\/td><\/tr><tr align=\"center\"><td height=\"19\">\u00a0<\/td><\/tr><tr align=\"center\"><td height=\"214\"><div align=\"center\"><img loading=\"lazy\" decoding=\"async\" class=\"alignnone wp-image-701 size-full\" src=\"http:\/\/techsulbrasil.com.br\/wp-content\/uploads\/2021\/11\/esquema_tri300flange.gif\" alt=\"\" width=\"600\" height=\"214\" \/><\/div><\/td><\/tr><tr align=\"center\"><td height=\"19\"><div align=\"center\">\u00a0<\/div><\/td><\/tr><tr align=\"center\"><td height=\"228\"><table width=\"728\" cellspacing=\"1\" cellpadding=\"0\"><tbody><tr align=\"center\" valign=\"center\" bgcolor=\"#d5efff\"><td colspan=\"19\" bgcolor=\"#096D9C\" height=\"14\"><strong class=\"titulo1\"><strong>V\u00e1lvula de Esfera Tripartida Passagem Reduzida Flange Classe 300<\/strong><\/strong><\/td><\/tr><tr align=\"center\"><td class=\"normal\" colspan=\"2\" valign=\"center\" bgcolor=\"#ffffff\" height=\"30\"><em>BITOLA<\/em><\/td><td class=\"normal\" rowspan=\"2\" valign=\"center\" bgcolor=\"#ffffff\" width=\"42\"><em>PASS.<\/em><\/td><td class=\"normal\" rowspan=\"2\" valign=\"center\" bgcolor=\"#ffffff\" width=\"42\"><em>A<\/em><\/td><td class=\"normal\" rowspan=\"2\" valign=\"center\" bgcolor=\"#ffffff\" width=\"42\"><em>B<\/em><\/td><td class=\"normal\" rowspan=\"2\" valign=\"center\" bgcolor=\"#ffffff\" width=\"35\"><em>C<\/em><\/td><td class=\"normal\" rowspan=\"2\" valign=\"center\" bgcolor=\"#ffffff\" width=\"35\"><em>D<\/em><\/td><td class=\"normal\" rowspan=\"2\" valign=\"center\" bgcolor=\"#ffffff\" width=\"35\"><em>E<\/em><\/td><td class=\"normal\" rowspan=\"2\" valign=\"center\" bgcolor=\"#ffffff\" width=\"35\"><em>F<\/em><\/td><td class=\"normal\" rowspan=\"2\" valign=\"center\" bgcolor=\"#ffffff\" width=\"43\"><em>G<\/em><\/td><td class=\"normal\" rowspan=\"2\" valign=\"center\" bgcolor=\"#ffffff\" width=\"43\"><em>H<\/em><\/td><td class=\"normal\" rowspan=\"2\" valign=\"center\" bgcolor=\"#ffffff\" width=\"36\"><em>I<\/em><\/td><td class=\"normal\" rowspan=\"2\" valign=\"center\" bgcolor=\"#ffffff\" width=\"50\"><em>N\u00ba de Furos<\/em><\/td><td class=\"normal\" rowspan=\"2\" valign=\"center\" bgcolor=\"#ffffff\" width=\"50\"><em>PESO<br \/>(Kg)<\/em><\/td><td class=\"normal\" rowspan=\"2\" valign=\"center\" bgcolor=\"#ffffff\" width=\"123\"><em>Coeficiente de<br \/>Fluxo<br \/>Kv (m\u00b3\/h)<\/em><\/td><\/tr><tr align=\"center\"><td class=\"normal\" valign=\"center\" bgcolor=\"#ffffff\" width=\"57\" height=\"12\"><em>POL.<\/em><\/td><td class=\"normal\" valign=\"center\" bgcolor=\"#ffffff\" width=\"42\" height=\"12\"><em>DN<\/em><\/td><\/tr><tr align=\"center\"><td class=\"normal\" bgcolor=\"#D7E8F1\" width=\"57\">1\/2&#8243;<\/td><td class=\"normal\" bgcolor=\"#D7E8F1\" width=\"42\">15<\/td><td class=\"normal\" bgcolor=\"#D7E8F1\" width=\"42\">11,1<\/td><td class=\"normal\" bgcolor=\"#D7E8F1\" width=\"42\">139,7<\/td><td class=\"normal\" bgcolor=\"#D7E8F1\" width=\"42\">21<\/td><td class=\"normal\" bgcolor=\"#D7E8F1\" width=\"35\">14,2<\/td><td class=\"normal\" bgcolor=\"#D7E8F1\" width=\"35\">46<\/td><td class=\"normal\" bgcolor=\"#D7E8F1\" width=\"35\">39<\/td><td class=\"normal\" bgcolor=\"#D7E8F1\" width=\"35\">125<\/td><td class=\"normal\" bgcolor=\"#D7E8F1\" width=\"43\">95,3<\/td><td class=\"normal\" bgcolor=\"#D7E8F1\" width=\"43\">66,6<\/td><td class=\"normal\" bgcolor=\"#D7E8F1\" width=\"36\">15,8<\/td><td class=\"normal\" bgcolor=\"#D7E8F1\" width=\"50\">4<\/td><td class=\"normal\" bgcolor=\"#D7E8F1\" width=\"50\">2,40<\/td><td class=\"normal\" bgcolor=\"#D7E8F1\" width=\"123\">5,0<\/td><\/tr><tr align=\"center\"><td class=\"normal\" bgcolor=\"#ffffff\" width=\"57\">3\/4&#8243;<\/td><td class=\"normal\" bgcolor=\"#ffffff\" width=\"42\">20<\/td><td class=\"normal\" bgcolor=\"#ffffff\" width=\"42\">14,0<\/td><td class=\"normal\" bgcolor=\"#ffffff\" width=\"42\">152,4<\/td><td class=\"normal\" bgcolor=\"#ffffff\" width=\"42\">25<\/td><td class=\"normal\" bgcolor=\"#ffffff\" width=\"35\">15,8<\/td><td class=\"normal\" bgcolor=\"#ffffff\" width=\"35\">48<\/td><td class=\"normal\" bgcolor=\"#ffffff\" width=\"35\">41<\/td><td class=\"normal\" bgcolor=\"#ffffff\" width=\"35\">125<\/td><td class=\"normal\" bgcolor=\"#ffffff\" width=\"43\">117,4<\/td><td class=\"normal\" bgcolor=\"#ffffff\" width=\"43\">82,6<\/td><td class=\"normal\" bgcolor=\"#ffffff\" width=\"36\">19,1<\/td><td class=\"normal\" bgcolor=\"#ffffff\" width=\"50\">4<\/td><td class=\"normal\" bgcolor=\"#ffffff\" width=\"50\">3,15<\/td><td class=\"normal\" bgcolor=\"#ffffff\" width=\"123\">9,8<\/td><\/tr><tr align=\"center\"><td class=\"normal\" bgcolor=\"#D7E8F1\" width=\"57\">1&#8243;<\/td><td class=\"normal\" bgcolor=\"#D7E8F1\" width=\"42\">25<\/td><td class=\"normal\" bgcolor=\"#D7E8F1\" width=\"42\">20,4<\/td><td class=\"normal\" bgcolor=\"#D7E8F1\" width=\"42\">165,1<\/td><td class=\"normal\" bgcolor=\"#D7E8F1\" width=\"42\">31<\/td><td class=\"normal\" bgcolor=\"#D7E8F1\" width=\"35\">17,5<\/td><td class=\"normal\" bgcolor=\"#D7E8F1\" width=\"35\">82<\/td><td class=\"normal\" bgcolor=\"#D7E8F1\" width=\"35\">51<\/td><td class=\"normal\" bgcolor=\"#D7E8F1\" width=\"35\">156<\/td><td class=\"normal\" bgcolor=\"#D7E8F1\" width=\"43\">124,0<\/td><td class=\"normal\" bgcolor=\"#D7E8F1\" width=\"43\">88,9<\/td><td class=\"normal\" bgcolor=\"#D7E8F1\" width=\"36\">19,1<\/td><td class=\"normal\" bgcolor=\"#D7E8F1\" width=\"50\">4<\/td><td class=\"normal\" bgcolor=\"#D7E8F1\" width=\"50\">4,94<\/td><td class=\"normal\" bgcolor=\"#D7E8F1\" width=\"123\">18,7<\/td><\/tr><tr align=\"center\"><td class=\"normal\" bgcolor=\"#ffffff\" width=\"57\">1.1\/4&#8243;<\/td><td class=\"normal\" bgcolor=\"#ffffff\" width=\"42\">32<\/td><td class=\"normal\" bgcolor=\"#ffffff\" width=\"42\">25,4<\/td><td class=\"normal\" bgcolor=\"#ffffff\" width=\"42\">177,8<\/td><td class=\"normal\" bgcolor=\"#ffffff\" width=\"42\">39<\/td><td class=\"normal\" bgcolor=\"#ffffff\" width=\"35\">19,1<\/td><td class=\"normal\" bgcolor=\"#ffffff\" width=\"35\">86<\/td><td class=\"normal\" bgcolor=\"#ffffff\" width=\"35\">60<\/td><td class=\"normal\" bgcolor=\"#ffffff\" width=\"35\">156<\/td><td class=\"normal\" bgcolor=\"#ffffff\" width=\"43\">133,4<\/td><td class=\"normal\" bgcolor=\"#ffffff\" width=\"43\">98,6<\/td><td class=\"normal\" bgcolor=\"#ffffff\" width=\"36\">19,1<\/td><td class=\"normal\" bgcolor=\"#ffffff\" width=\"50\">4<\/td><td class=\"normal\" bgcolor=\"#ffffff\" width=\"50\">5,80<\/td><td class=\"normal\" bgcolor=\"#ffffff\" width=\"123\">42,0<\/td><\/tr><tr align=\"center\"><td class=\"normal\" bgcolor=\"#D7E8F1\" width=\"57\">1.1\/2&#8243;<\/td><td class=\"normal\" bgcolor=\"#D7E8F1\" width=\"42\">40<\/td><td class=\"normal\" bgcolor=\"#D7E8F1\" width=\"42\">31,7<\/td><td class=\"normal\" bgcolor=\"#D7E8F1\" width=\"42\">190,5<\/td><td class=\"normal\" bgcolor=\"#D7E8F1\" width=\"42\">45,7<\/td><td class=\"normal\" bgcolor=\"#D7E8F1\" width=\"35\">20,6<\/td><td class=\"normal\" bgcolor=\"#D7E8F1\" width=\"35\">110<\/td><td class=\"normal\" bgcolor=\"#D7E8F1\" width=\"35\">73<\/td><td class=\"normal\" bgcolor=\"#D7E8F1\" width=\"35\">170<\/td><td class=\"normal\" bgcolor=\"#D7E8F1\" width=\"43\">155,5<\/td><td class=\"normal\" bgcolor=\"#D7E8F1\" width=\"43\">114,3<\/td><td class=\"normal\" bgcolor=\"#D7E8F1\" width=\"36\">22,4<\/td><td class=\"normal\" bgcolor=\"#D7E8F1\" width=\"50\">4<\/td><td class=\"normal\" bgcolor=\"#D7E8F1\" width=\"50\">8,50<\/td><td class=\"normal\" bgcolor=\"#D7E8F1\" width=\"123\">72<\/td><\/tr><tr align=\"center\"><td class=\"normal\" bgcolor=\"#ffffff\" width=\"57\">2&#8243;<\/td><td class=\"normal\" bgcolor=\"#ffffff\" width=\"42\">50<\/td><td class=\"normal\" bgcolor=\"#ffffff\" width=\"42\">38,0<\/td><td class=\"normal\" bgcolor=\"#ffffff\" width=\"42\">215,9<\/td><td class=\"normal\" bgcolor=\"#ffffff\" width=\"42\">52,5<\/td><td class=\"normal\" bgcolor=\"#ffffff\" width=\"35\">22,4<\/td><td class=\"normal\" bgcolor=\"#ffffff\" width=\"35\">113<\/td><td class=\"normal\" bgcolor=\"#ffffff\" width=\"35\">77<\/td><td class=\"normal\" bgcolor=\"#ffffff\" width=\"35\">170<\/td><td class=\"normal\" bgcolor=\"#ffffff\" width=\"43\">165,1<\/td><td class=\"normal\" bgcolor=\"#ffffff\" width=\"43\">127,0<\/td><td class=\"normal\" bgcolor=\"#ffffff\" width=\"36\">19,1<\/td><td class=\"normal\" bgcolor=\"#ffffff\" width=\"50\">8<\/td><td class=\"normal\" bgcolor=\"#ffffff\" width=\"50\">10,30<\/td><td class=\"normal\" bgcolor=\"#ffffff\" width=\"123\">107<\/td><\/tr><tr align=\"center\"><td class=\"normal\" bgcolor=\"#D7E8F1\" width=\"57\">2.1\/2&#8243;<\/td><td class=\"normal\" bgcolor=\"#D7E8F1\" width=\"42\">65<\/td><td class=\"normal\" bgcolor=\"#D7E8F1\" width=\"42\">50,8<\/td><td class=\"normal\" bgcolor=\"#D7E8F1\" width=\"42\">241,3<\/td><td class=\"normal\" bgcolor=\"#D7E8F1\" width=\"42\">63,8<\/td><td class=\"normal\" bgcolor=\"#D7E8F1\" width=\"35\">25,4<\/td><td class=\"normal\" bgcolor=\"#D7E8F1\" width=\"35\">125<\/td><td class=\"normal\" bgcolor=\"#D7E8F1\" width=\"35\">86<\/td><td class=\"normal\" bgcolor=\"#D7E8F1\" width=\"35\">256<\/td><td class=\"normal\" bgcolor=\"#D7E8F1\" width=\"43\">190,5<\/td><td class=\"normal\" bgcolor=\"#D7E8F1\" width=\"43\">149,4<\/td><td class=\"normal\" bgcolor=\"#D7E8F1\" width=\"36\">22,4<\/td><td class=\"normal\" bgcolor=\"#D7E8F1\" width=\"50\">8<\/td><td class=\"normal\" bgcolor=\"#D7E8F1\" width=\"50\">14,20<\/td><td class=\"normal\" bgcolor=\"#D7E8F1\" width=\"123\">185<\/td><\/tr><tr align=\"center\"><td class=\"normal\" bgcolor=\"#ffffff\" width=\"57\">3&#8243;<\/td><td class=\"normal\" bgcolor=\"#ffffff\" width=\"42\">80<\/td><td class=\"normal\" bgcolor=\"#ffffff\" width=\"42\">63,0<\/td><td class=\"normal\" bgcolor=\"#ffffff\" width=\"42\">282,5<\/td><td class=\"normal\" bgcolor=\"#ffffff\" width=\"42\">82,5<\/td><td class=\"normal\" bgcolor=\"#ffffff\" width=\"35\">28,5<\/td><td class=\"normal\" bgcolor=\"#ffffff\" width=\"35\">145<\/td><td class=\"normal\" bgcolor=\"#ffffff\" width=\"35\">116<\/td><td class=\"normal\" bgcolor=\"#ffffff\" width=\"35\">267<\/td><td class=\"normal\" bgcolor=\"#ffffff\" width=\"43\">209,6<\/td><td class=\"normal\" bgcolor=\"#ffffff\" width=\"43\">168,2<\/td><td class=\"normal\" bgcolor=\"#ffffff\" width=\"36\">22,4<\/td><td class=\"normal\" bgcolor=\"#ffffff\" width=\"50\">8<\/td><td class=\"normal\" bgcolor=\"#ffffff\" width=\"50\">22,60<\/td><td class=\"normal\" bgcolor=\"#ffffff\" width=\"123\">305<\/td><\/tr><\/tbody><\/table><br \/><table width=\"728\" cellspacing=\"1\" cellpadding=\"0\"><tbody><tr align=\"center\" valign=\"center\" bgcolor=\"#d5efff\"><td colspan=\"19\" bgcolor=\"#096D9C\" height=\"14\"><strong class=\"titulo1\"><strong>V\u00e1lvula de Esfera Tripartida Passagem Plena Flange Classe 300<\/strong><\/strong><\/td><\/tr><tr align=\"center\"><td class=\"normal\" colspan=\"2\" valign=\"center\" bgcolor=\"#ffffff\" height=\"30\"><em>BITOLA<\/em><\/td><td class=\"normal\" rowspan=\"2\" valign=\"center\" bgcolor=\"#ffffff\" width=\"49\"><em>PASS.<\/em><\/td><td class=\"normal\" rowspan=\"2\" valign=\"center\" bgcolor=\"#ffffff\" width=\"42\"><em>A<\/em><\/td><td class=\"normal\" rowspan=\"2\" valign=\"center\" bgcolor=\"#ffffff\" width=\"35\"><em>B<\/em><\/td><td class=\"normal\" rowspan=\"2\" valign=\"center\" bgcolor=\"#ffffff\" width=\"35\"><em>C<\/em><\/td><td class=\"normal\" rowspan=\"2\" valign=\"center\" bgcolor=\"#ffffff\" width=\"42\"><em>D<\/em><\/td><td class=\"normal\" rowspan=\"2\" valign=\"center\" bgcolor=\"#ffffff\" width=\"35\"><em>E<\/em><\/td><td class=\"normal\" rowspan=\"2\" valign=\"center\" bgcolor=\"#ffffff\" width=\"42\"><em>F<\/em><\/td><td class=\"normal\" rowspan=\"2\" valign=\"center\" bgcolor=\"#ffffff\" width=\"42\"><em>G<\/em><\/td><td class=\"normal\" rowspan=\"2\" valign=\"center\" bgcolor=\"#ffffff\" width=\"58\"><em>H<\/em><\/td><td class=\"normal\" rowspan=\"2\" valign=\"center\" bgcolor=\"#ffffff\" width=\"36\"><em>I<\/em><\/td><td class=\"normal\" rowspan=\"2\" valign=\"center\" bgcolor=\"#ffffff\" width=\"58\"><em>N\u00ba DE FUROS<\/em><\/td><td class=\"normal\" rowspan=\"2\" valign=\"center\" bgcolor=\"#ffffff\" width=\"50\"><em>PESO<br \/>(Kg)<\/em><\/td><td class=\"normal\" rowspan=\"2\" valign=\"center\" bgcolor=\"#ffffff\" width=\"101\"><em>Coeficiente<br \/>de Vaz\u00e3o<br \/>Kv (m\u00b3\/h)<\/em><\/td><\/tr><tr align=\"center\"><td class=\"normal\" valign=\"center\" bgcolor=\"#ffffff\" width=\"49\" height=\"12\"><em>POL.<\/em><\/td><td class=\"normal\" valign=\"center\" bgcolor=\"#ffffff\" width=\"36\" height=\"12\"><em>DN<\/em><\/td><\/tr><tr align=\"center\"><td class=\"normal\" bgcolor=\"#D7E8F1\" width=\"49\">1\/2&#8243;<\/td><td class=\"normal\" bgcolor=\"#D7E8F1\" width=\"36\">15<\/td><td class=\"normal\" bgcolor=\"#D7E8F1\" width=\"49\">14,0<\/td><td class=\"normal\" bgcolor=\"#D7E8F1\" width=\"42\">137,7<\/td><td class=\"normal\" bgcolor=\"#D7E8F1\" width=\"35\">25<\/td><td class=\"normal\" bgcolor=\"#D7E8F1\" width=\"35\">14,2<\/td><td class=\"normal\" bgcolor=\"#D7E8F1\" width=\"42\">48<\/td><td class=\"normal\" bgcolor=\"#D7E8F1\" width=\"35\">41<\/td><td class=\"normal\" bgcolor=\"#D7E8F1\" width=\"42\">125<\/td><td class=\"normal\" bgcolor=\"#D7E8F1\" width=\"42\">95,3<\/td><td class=\"normal\" bgcolor=\"#D7E8F1\" width=\"58\">66,6<\/td><td class=\"normal\" bgcolor=\"#D7E8F1\" width=\"36\">15,8<\/td><td class=\"normal\" bgcolor=\"#D7E8F1\" width=\"58\">4<\/td><td class=\"normal\" bgcolor=\"#D7E8F1\" width=\"50\">2,33<\/td><td class=\"normal\" bgcolor=\"#D7E8F1\" width=\"101\">14,6<\/td><\/tr><tr align=\"center\"><td class=\"normal\" bgcolor=\"#ffffff\" width=\"49\">3\/4&#8243;<\/td><td class=\"normal\" bgcolor=\"#ffffff\" width=\"36\">20<\/td><td class=\"normal\" bgcolor=\"#ffffff\" width=\"49\">20,4<\/td><td class=\"normal\" bgcolor=\"#ffffff\" width=\"42\">152,4<\/td><td class=\"normal\" bgcolor=\"#ffffff\" width=\"35\">31<\/td><td class=\"normal\" bgcolor=\"#ffffff\" width=\"35\">15,8<\/td><td class=\"normal\" bgcolor=\"#ffffff\" width=\"42\">82<\/td><td class=\"normal\" bgcolor=\"#ffffff\" width=\"35\">51<\/td><td class=\"normal\" bgcolor=\"#ffffff\" width=\"42\">156<\/td><td class=\"normal\" bgcolor=\"#ffffff\" width=\"42\">117,4<\/td><td class=\"normal\" bgcolor=\"#ffffff\" width=\"58\">82,6<\/td><td class=\"normal\" bgcolor=\"#ffffff\" width=\"36\">19,1<\/td><td class=\"normal\" bgcolor=\"#ffffff\" width=\"58\">4<\/td><td class=\"normal\" bgcolor=\"#ffffff\" width=\"50\">3,48<\/td><td class=\"normal\" bgcolor=\"#ffffff\" width=\"101\">27,8<\/td><\/tr><tr align=\"center\"><td class=\"normal\" bgcolor=\"#D7E8F1\" width=\"49\">1&#8243;<\/td><td class=\"normal\" bgcolor=\"#D7E8F1\" width=\"36\">25<\/td><td class=\"normal\" bgcolor=\"#D7E8F1\" width=\"49\">25,4<\/td><td class=\"normal\" bgcolor=\"#D7E8F1\" width=\"42\">165,1<\/td><td class=\"normal\" bgcolor=\"#D7E8F1\" width=\"35\">39<\/td><td class=\"normal\" bgcolor=\"#D7E8F1\" width=\"35\">17,5<\/td><td class=\"normal\" bgcolor=\"#D7E8F1\" width=\"42\">86<\/td><td class=\"normal\" bgcolor=\"#D7E8F1\" width=\"35\">60<\/td><td class=\"normal\" bgcolor=\"#D7E8F1\" width=\"42\">156<\/td><td class=\"normal\" bgcolor=\"#D7E8F1\" width=\"42\">124,0<\/td><td class=\"normal\" bgcolor=\"#D7E8F1\" width=\"58\">88,9<\/td><td class=\"normal\" bgcolor=\"#D7E8F1\" width=\"36\">19,1<\/td><td class=\"normal\" bgcolor=\"#D7E8F1\" width=\"58\">4<\/td><td class=\"normal\" bgcolor=\"#D7E8F1\" width=\"50\">4,95<\/td><td class=\"normal\" bgcolor=\"#D7E8F1\" width=\"101\">56,5<\/td><\/tr><tr align=\"center\"><td class=\"normal\" bgcolor=\"#ffffff\" width=\"49\">1.1\/4&#8243;<\/td><td class=\"normal\" bgcolor=\"#ffffff\" width=\"36\">32<\/td><td class=\"normal\" bgcolor=\"#ffffff\" width=\"49\">31,7<\/td><td class=\"normal\" bgcolor=\"#ffffff\" width=\"42\">177,8<\/td><td class=\"normal\" bgcolor=\"#ffffff\" width=\"35\">45,7<\/td><td class=\"normal\" bgcolor=\"#ffffff\" width=\"35\">19,1<\/td><td class=\"normal\" bgcolor=\"#ffffff\" width=\"42\">110<\/td><td class=\"normal\" bgcolor=\"#ffffff\" width=\"35\">73<\/td><td class=\"normal\" bgcolor=\"#ffffff\" width=\"42\">170<\/td><td class=\"normal\" bgcolor=\"#ffffff\" width=\"42\">133,4<\/td><td class=\"normal\" bgcolor=\"#ffffff\" width=\"58\">98,6<\/td><td class=\"normal\" bgcolor=\"#ffffff\" width=\"36\">19,1<\/td><td class=\"normal\" bgcolor=\"#ffffff\" width=\"58\">4<\/td><td class=\"normal\" bgcolor=\"#ffffff\" width=\"50\">6,34<\/td><td class=\"normal\" bgcolor=\"#ffffff\" width=\"101\">104<\/td><\/tr><tr align=\"center\"><td class=\"normal\" bgcolor=\"#D7E8F1\" width=\"49\">1.1\/2&#8243;<\/td><td class=\"normal\" bgcolor=\"#D7E8F1\" width=\"36\">40<\/td><td class=\"normal\" bgcolor=\"#D7E8F1\" width=\"49\">38,0<\/td><td class=\"normal\" bgcolor=\"#D7E8F1\" width=\"42\">190,5<\/td><td class=\"normal\" bgcolor=\"#D7E8F1\" width=\"35\">52,5<\/td><td class=\"normal\" bgcolor=\"#D7E8F1\" width=\"35\">20,6<\/td><td class=\"normal\" bgcolor=\"#D7E8F1\" width=\"42\">113<\/td><td class=\"normal\" bgcolor=\"#D7E8F1\" width=\"35\">77<\/td><td class=\"normal\" bgcolor=\"#D7E8F1\" width=\"42\">170<\/td><td class=\"normal\" bgcolor=\"#D7E8F1\" width=\"42\">155,5<\/td><td class=\"normal\" bgcolor=\"#D7E8F1\" width=\"58\">114,3<\/td><td class=\"normal\" bgcolor=\"#D7E8F1\" width=\"36\">22,4<\/td><td class=\"normal\" bgcolor=\"#D7E8F1\" width=\"58\">4<\/td><td class=\"normal\" bgcolor=\"#D7E8F1\" width=\"50\">8,30<\/td><td class=\"normal\" bgcolor=\"#D7E8F1\" width=\"101\">161<\/td><\/tr><tr align=\"center\"><td class=\"normal\" bgcolor=\"#ffffff\" width=\"49\">2&#8243;<\/td><td class=\"normal\" bgcolor=\"#ffffff\" width=\"36\">50<\/td><td class=\"normal\" bgcolor=\"#ffffff\" width=\"49\">50,8<\/td><td class=\"normal\" bgcolor=\"#ffffff\" width=\"42\">215,9<\/td><td class=\"normal\" bgcolor=\"#ffffff\" width=\"35\">63,8<\/td><td class=\"normal\" bgcolor=\"#ffffff\" width=\"35\">22,4<\/td><td class=\"normal\" bgcolor=\"#ffffff\" width=\"42\">125<\/td><td class=\"normal\" bgcolor=\"#ffffff\" width=\"35\">86<\/td><td class=\"normal\" bgcolor=\"#ffffff\" width=\"42\">256<\/td><td class=\"normal\" bgcolor=\"#ffffff\" width=\"42\">165,1<\/td><td class=\"normal\" bgcolor=\"#ffffff\" width=\"58\">127,0<\/td><td class=\"normal\" bgcolor=\"#ffffff\" width=\"36\">19,1<\/td><td class=\"normal\" bgcolor=\"#ffffff\" width=\"58\">8<\/td><td class=\"normal\" bgcolor=\"#ffffff\" width=\"50\">12,20<\/td><td class=\"normal\" bgcolor=\"#ffffff\" width=\"101\">278<\/td><\/tr><tr align=\"center\"><td class=\"normal\" bgcolor=\"#D7E8F1\" width=\"49\">2.1\/2&#8243;<\/td><td class=\"normal\" bgcolor=\"#D7E8F1\" width=\"36\">65<\/td><td class=\"normal\" bgcolor=\"#D7E8F1\" width=\"49\">63,0<\/td><td class=\"normal\" bgcolor=\"#D7E8F1\" width=\"42\">241,3<\/td><td class=\"normal\" bgcolor=\"#D7E8F1\" width=\"35\">82,5<\/td><td class=\"normal\" bgcolor=\"#D7E8F1\" width=\"35\">25,4<\/td><td class=\"normal\" bgcolor=\"#D7E8F1\" width=\"42\">145<\/td><td class=\"normal\" bgcolor=\"#D7E8F1\" width=\"35\">116<\/td><td class=\"normal\" bgcolor=\"#D7E8F1\" width=\"42\">267<\/td><td class=\"normal\" bgcolor=\"#D7E8F1\" width=\"42\">190,5<\/td><td class=\"normal\" bgcolor=\"#D7E8F1\" width=\"58\">149,4<\/td><td class=\"normal\" bgcolor=\"#D7E8F1\" width=\"36\">22,4<\/td><td class=\"normal\" bgcolor=\"#D7E8F1\" width=\"58\">8<\/td><td class=\"normal\" bgcolor=\"#D7E8F1\" width=\"50\">18,70<\/td><td class=\"normal\" bgcolor=\"#D7E8F1\" width=\"101\">460<\/td><\/tr><\/tbody><\/table><div align=\"left\"><br \/><span class=\"normal\">\u2022 A vaz\u00e3o apresentada em Kv (m<em>\u00b3<\/em>\/h) corresponde a um diferencial de press\u00e3o (p) de 1 bar utilizando \u00e1gua como fluido de teste.<\/span><\/div><\/td><\/tr><\/tbody><\/table><\/td><\/tr><\/tbody><\/table>\t\t\t\t\t<\/div>\n\t\t\t\t\t\t<\/div>\n\t\t\t\t<\/div>\n\t\t\t\t\t\t<\/div>\n\t\t\t\t\t<\/div>\n\t\t<\/div>\n\t\t\t\t\t\t\t\t<\/div>\n\t\t\t\t\t<\/div>\n\t\t<\/section>\n\t\t\t\t\t\t<\/div>\n\t\t\t\t\t\t<\/div>\n\t\t\t\t\t<\/div>\n\t\t","protected":false},"excerpt":{"rendered":"<p>\u00a0 Caracter\u00edsticas de Fabrica\u00e7\u00e3o Constru\u00e7\u00e3o BSI BS EN ISO 17292API Spec 6D \u00a0 Testes BSI BS EN 12266 \u00a0 Materiais Corpo e TampasASTM A 216 &#8211; WCBASTM A 351 &#8211; CF8ASTM A 351 &#8211; CF8M EsferaASTM A 351 &#8211; CF8ASTM A 351 &#8211; CF8M Veda\u00e7\u00f5esPTFE HasteAISI 304AISI 316 ExtremidadesFLANGE ASME\/AISI B16.5 Classe 300 \u00a0 Informa\u00e7\u00f5es &hellip;<\/p>\n<p class=\"read-more\"> <a class=\"\" href=\"http:\/\/techsulbrasil.com.br\/index.php\/valvula-de-esfera-tripartida-flange-classe-300\/\"> <span class=\"screen-reader-text\">V\u00e1lvula de Esfera Tripartida Flange Classe 300<\/span> Leia mais &raquo;<\/a><\/p>\n","protected":false},"author":1,"featured_media":0,"parent":0,"menu_order":0,"comment_status":"closed","ping_status":"closed","template":"","meta":{"footnotes":""},"class_list":["post-699","page","type-page","status-publish","hentry"],"_links":{"self":[{"href":"http:\/\/techsulbrasil.com.br\/index.php\/wp-json\/wp\/v2\/pages\/699","targetHints":{"allow":["GET"]}}],"collection":[{"href":"http:\/\/techsulbrasil.com.br\/index.php\/wp-json\/wp\/v2\/pages"}],"about":[{"href":"http:\/\/techsulbrasil.com.br\/index.php\/wp-json\/wp\/v2\/types\/page"}],"author":[{"embeddable":true,"href":"http:\/\/techsulbrasil.com.br\/index.php\/wp-json\/wp\/v2\/users\/1"}],"replies":[{"embeddable":true,"href":"http:\/\/techsulbrasil.com.br\/index.php\/wp-json\/wp\/v2\/comments?post=699"}],"version-history":[{"count":4,"href":"http:\/\/techsulbrasil.com.br\/index.php\/wp-json\/wp\/v2\/pages\/699\/revisions"}],"predecessor-version":[{"id":704,"href":"http:\/\/techsulbrasil.com.br\/index.php\/wp-json\/wp\/v2\/pages\/699\/revisions\/704"}],"wp:attachment":[{"href":"http:\/\/techsulbrasil.com.br\/index.php\/wp-json\/wp\/v2\/media?parent=699"}],"curies":[{"name":"wp","href":"https:\/\/api.w.org\/{rel}","templated":true}]}}