{"id":770,"date":"2021-11-06T18:34:08","date_gmt":"2021-11-06T18:34:08","guid":{"rendered":"http:\/\/techsulbrasil.com.br\/?page_id=770"},"modified":"2021-11-06T18:38:27","modified_gmt":"2021-11-06T18:38:27","slug":"valvula-globo-classe-300","status":"publish","type":"page","link":"http:\/\/techsulbrasil.com.br\/index.php\/valvula-globo-classe-300\/","title":{"rendered":"Valvula Globo Classe 300"},"content":{"rendered":"\t\t<div data-elementor-type=\"wp-page\" data-elementor-id=\"770\" class=\"elementor elementor-770\" data-elementor-settings=\"[]\">\n\t\t\t\t\t\t<div class=\"elementor-inner\">\n\t\t\t\t\t\t\t<div class=\"elementor-section-wrap\">\n\t\t\t\t\t\t\t<section class=\"elementor-section elementor-top-section elementor-element elementor-element-3266817 elementor-section-boxed elementor-section-height-default elementor-section-height-default\" data-id=\"3266817\" data-element_type=\"section\">\n\t\t\t\t\t\t<div class=\"elementor-container elementor-column-gap-default\">\n\t\t\t\t\t\t\t<div class=\"elementor-row\">\n\t\t\t\t\t<div class=\"elementor-column elementor-col-100 elementor-top-column elementor-element elementor-element-45d9c27\" data-id=\"45d9c27\" data-element_type=\"column\">\n\t\t\t<div class=\"elementor-column-wrap elementor-element-populated\">\n\t\t\t\t\t\t\t<div class=\"elementor-widget-wrap\">\n\t\t\t\t\t\t<div class=\"elementor-element elementor-element-1879e0d elementor-widget elementor-widget-text-editor\" data-id=\"1879e0d\" data-element_type=\"widget\" data-widget_type=\"text-editor.default\">\n\t\t\t\t<div class=\"elementor-widget-container\">\n\t\t\t\t\t\t\t\t<div class=\"elementor-text-editor elementor-clearfix\">\n\t\t\t\t<table border=\"0\" width=\"744\" cellspacing=\"0\" cellpadding=\"0\"><tbody><tr><td align=\"left\" valign=\"top\" height=\"150\"><table border=\"0\" width=\"100%\" cellspacing=\"0\" cellpadding=\"0\"><tbody><tr><td width=\"78%\"><table border=\"0\" width=\"100%\" cellspacing=\"0\" cellpadding=\"0\"><tbody><tr><td class=\"titulo1\" colspan=\"2\" bgcolor=\"#096D9C\">Valvula Globo Classe 300<\/td><\/tr><tr><td width=\"33%\"><img loading=\"lazy\" decoding=\"async\" class=\"alignnone size-full wp-image-772\" src=\"http:\/\/techsulbrasil.com.br\/wp-content\/uploads\/2021\/11\/valvula-de-globo.gif\" alt=\"\" width=\"208\" height=\"300\" \/><\/td><td class=\"normal\" width=\"67%\"><p>V\u00e1lvula globo em a\u00e7o carbono fundido ASTM A 216 Gr. WCB; classe 300 lbs; tampa aparafusada; haste com rosca trapezoidal externa e volante ascendente; extremidades flangeadas padr\u00e3o ANSI B 16.5; face com ressalto; face a face padr\u00e3o ANSIB16.10; internos em a\u00e7o inoxid\u00e1vel.<\/p><p><span class=\"normalbold\">Press\u00e3o de trabalho sem choque<\/span><\/p><p>Vapor a 449\u00ba C &#8211; 300 lbs\/pol<br \/>\u00c1gua, \u00f3leo e g\u00e1s a 40\u00ba C &#8211; 740 lbs\/pol<\/p><p><span class=\"normalbold\">Teste Hidrost\u00e1tico<\/span><\/p><p>Corpo &#8211; 1125 lbs\/pol<br \/>Sede &#8211; 815 lbs\/pol<\/p><\/td><\/tr><\/tbody><\/table><\/td><\/tr><tr><td colspan=\"2\"><table border=\"0\" width=\"730\" cellspacing=\"0\" cellpadding=\"0\"><tbody><tr><td class=\"titulo1\" colspan=\"2\" bgcolor=\"#096D9C\">Especifica\u00e7\u00f5es T\u00e9cnicas<\/td><\/tr><tr><td width=\"330\"><img loading=\"lazy\" decoding=\"async\" class=\"alignnone wp-image-773 size-full\" src=\"http:\/\/techsulbrasil.com.br\/wp-content\/uploads\/2021\/11\/globo300-1.gif\" alt=\"\" width=\"330\" height=\"475\" \/><\/td><td align=\"left\" valign=\"top\" width=\"400\"><p><img loading=\"lazy\" decoding=\"async\" class=\"alignnone wp-image-774 size-full\" src=\"http:\/\/techsulbrasil.com.br\/wp-content\/uploads\/2021\/11\/globo300-2.gif\" alt=\"\" width=\"400\" height=\"326\" \/><\/p><p class=\"normalbold\">\u00a0<\/p><\/td><\/tr><tr><td colspan=\"2\"><img loading=\"lazy\" decoding=\"async\" class=\"alignnone wp-image-775 size-full\" src=\"http:\/\/techsulbrasil.com.br\/wp-content\/uploads\/2021\/11\/globo300-3.gif\" alt=\"\" width=\"730\" height=\"174\" \/><\/td><\/tr><\/tbody><\/table><\/td><\/tr><\/tbody><\/table><\/td><\/tr><tr><td align=\"right\" valign=\"top\"><img loading=\"lazy\" decoding=\"async\" src=\"file:\/\/\/C:\/Users\/crist\/Documents\/net2ftp-1635013629\/imagens\/c3.gif\" width=\"10\" height=\"10\" \/><\/td><td align=\"center\" valign=\"top\">\u00a0<\/td><td align=\"left\" valign=\"top\"><img loading=\"lazy\" decoding=\"async\" src=\"file:\/\/\/C:\/Users\/crist\/Documents\/net2ftp-1635013629\/imagens\/c2.gif\" width=\"10\" height=\"10\" \/><\/td><\/tr><tr><td colspan=\"3\" height=\"22\">\u00a0<\/td><\/tr><\/tbody><\/table>\t\t\t\t\t<\/div>\n\t\t\t\t\t\t<\/div>\n\t\t\t\t<\/div>\n\t\t\t\t\t\t<\/div>\n\t\t\t\t\t<\/div>\n\t\t<\/div>\n\t\t\t\t\t\t\t\t<\/div>\n\t\t\t\t\t<\/div>\n\t\t<\/section>\n\t\t\t\t\t\t<\/div>\n\t\t\t\t\t\t<\/div>\n\t\t\t\t\t<\/div>\n\t\t","protected":false},"excerpt":{"rendered":"<p>Valvula Globo Classe 300 V\u00e1lvula globo em a\u00e7o carbono fundido ASTM A 216 Gr. WCB; classe 300 lbs; tampa aparafusada; haste com rosca trapezoidal externa e volante ascendente; extremidades flangeadas padr\u00e3o ANSI B 16.5; face com ressalto; face a face padr\u00e3o ANSIB16.10; internos em a\u00e7o inoxid\u00e1vel. Press\u00e3o de trabalho sem choque Vapor a 449\u00ba C &hellip;<\/p>\n<p class=\"read-more\"> <a class=\"\" href=\"http:\/\/techsulbrasil.com.br\/index.php\/valvula-globo-classe-300\/\"> <span class=\"screen-reader-text\">Valvula Globo Classe 300<\/span> Leia mais &raquo;<\/a><\/p>\n","protected":false},"author":1,"featured_media":0,"parent":0,"menu_order":0,"comment_status":"closed","ping_status":"closed","template":"","meta":{"footnotes":""},"class_list":["post-770","page","type-page","status-publish","hentry"],"_links":{"self":[{"href":"http:\/\/techsulbrasil.com.br\/index.php\/wp-json\/wp\/v2\/pages\/770","targetHints":{"allow":["GET"]}}],"collection":[{"href":"http:\/\/techsulbrasil.com.br\/index.php\/wp-json\/wp\/v2\/pages"}],"about":[{"href":"http:\/\/techsulbrasil.com.br\/index.php\/wp-json\/wp\/v2\/types\/page"}],"author":[{"embeddable":true,"href":"http:\/\/techsulbrasil.com.br\/index.php\/wp-json\/wp\/v2\/users\/1"}],"replies":[{"embeddable":true,"href":"http:\/\/techsulbrasil.com.br\/index.php\/wp-json\/wp\/v2\/comments?post=770"}],"version-history":[{"count":4,"href":"http:\/\/techsulbrasil.com.br\/index.php\/wp-json\/wp\/v2\/pages\/770\/revisions"}],"predecessor-version":[{"id":778,"href":"http:\/\/techsulbrasil.com.br\/index.php\/wp-json\/wp\/v2\/pages\/770\/revisions\/778"}],"wp:attachment":[{"href":"http:\/\/techsulbrasil.com.br\/index.php\/wp-json\/wp\/v2\/media?parent=770"}],"curies":[{"name":"wp","href":"https:\/\/api.w.org\/{rel}","templated":true}]}}