{"id":807,"date":"2021-11-06T19:08:51","date_gmt":"2021-11-06T19:08:51","guid":{"rendered":"http:\/\/techsulbrasil.com.br\/?page_id=807"},"modified":"2021-11-06T19:13:01","modified_gmt":"2021-11-06T19:13:01","slug":"valvula-gaveta-classe-125","status":"publish","type":"page","link":"http:\/\/techsulbrasil.com.br\/index.php\/valvula-gaveta-classe-125\/","title":{"rendered":"V\u00e1lvula Gaveta Classe 125"},"content":{"rendered":"\t\t<div data-elementor-type=\"wp-page\" data-elementor-id=\"807\" class=\"elementor elementor-807\" data-elementor-settings=\"[]\">\n\t\t\t\t\t\t<div class=\"elementor-inner\">\n\t\t\t\t\t\t\t<div class=\"elementor-section-wrap\">\n\t\t\t\t\t\t\t<section class=\"elementor-section elementor-top-section elementor-element elementor-element-fab8d06 elementor-section-boxed elementor-section-height-default elementor-section-height-default\" data-id=\"fab8d06\" data-element_type=\"section\">\n\t\t\t\t\t\t<div class=\"elementor-container elementor-column-gap-default\">\n\t\t\t\t\t\t\t<div class=\"elementor-row\">\n\t\t\t\t\t<div class=\"elementor-column elementor-col-100 elementor-top-column elementor-element elementor-element-7a3ff6b\" data-id=\"7a3ff6b\" data-element_type=\"column\">\n\t\t\t<div class=\"elementor-column-wrap elementor-element-populated\">\n\t\t\t\t\t\t\t<div class=\"elementor-widget-wrap\">\n\t\t\t\t\t\t<div class=\"elementor-element elementor-element-71c681e elementor-widget elementor-widget-text-editor\" data-id=\"71c681e\" data-element_type=\"widget\" data-widget_type=\"text-editor.default\">\n\t\t\t\t<div class=\"elementor-widget-container\">\n\t\t\t\t\t\t\t\t<div class=\"elementor-text-editor elementor-clearfix\">\n\t\t\t\t<table border=\"0\" width=\"744\" cellspacing=\"0\" cellpadding=\"0\"><tbody><tr><td align=\"left\" valign=\"top\" height=\"150\"><table border=\"0\" width=\"100%\" cellspacing=\"0\" cellpadding=\"0\"><tbody><tr><td width=\"78%\"><table border=\"0\" width=\"100%\" cellspacing=\"0\" cellpadding=\"0\"><tbody><tr><td class=\"titulo1\" colspan=\"2\" bgcolor=\"#096D9C\">V\u00e1lvula Gaveta Classe 125<\/td><\/tr><tr><td width=\"26%\"><img loading=\"lazy\" decoding=\"async\" class=\"alignnone size-full wp-image-809\" src=\"http:\/\/techsulbrasil.com.br\/wp-content\/uploads\/2021\/11\/gaveta125b-1.gif\" alt=\"\" width=\"148\" height=\"300\" \/><\/td><td class=\"normal\" width=\"74%\">V\u00e1lvula gaveta em ferro fundido ASTM A 126 B; classe 125 lbs; haste ascendente com rosca trapezoidal externa e castelo aparafusado (OS &amp; Y); volante fixo; extremidades flangeadas padr\u00e3o ANSI B 16.1; face plana; face a face padr\u00e3o ANSIB16.10; internos em inox.<br \/><br \/><span class=\"normalbold\">Press\u00e3o de trabalho sem choque<\/span><br \/><br \/>Vapor &#8211; 125 lbs\/pol\u00b2<br \/>\u00c1gua, \u00f3leo e g\u00e1s a 40\u00ba C &#8211; 200 lbs\/pol\u00b2<br \/><br \/><span class=\"normalbold\">Teste Hidrost\u00e1tico<\/span><br \/><br \/>Corpo &#8211; 350 lbs\/pol\u00b2<br \/>Sede &#8211; 200 lbs\/pol\u00b2<\/td><\/tr><\/tbody><\/table><\/td><\/tr><tr><td colspan=\"2\"><table border=\"0\" width=\"730\" cellspacing=\"0\" cellpadding=\"0\"><tbody><tr><td class=\"titulo1\" colspan=\"2\" bgcolor=\"#096D9C\">Especifica\u00e7\u00f5es T\u00e9cnicas<\/td><\/tr><tr><td width=\"330\"><img loading=\"lazy\" decoding=\"async\" class=\"alignnone wp-image-810 size-full\" src=\"http:\/\/techsulbrasil.com.br\/wp-content\/uploads\/2021\/11\/gaveta125b-1-1.gif\" alt=\"\" width=\"330\" height=\"559\" \/><\/td><td align=\"left\" valign=\"top\" width=\"400\"><p><img loading=\"lazy\" decoding=\"async\" class=\"alignnone wp-image-811 size-full\" src=\"http:\/\/techsulbrasil.com.br\/wp-content\/uploads\/2021\/11\/gaveta125b-2.gif\" alt=\"\" width=\"400\" height=\"338\" \/><\/p><p class=\"normalbold\">\u00a0<\/p><\/td><\/tr><tr><td colspan=\"2\"><img loading=\"lazy\" decoding=\"async\" class=\"alignnone wp-image-812 size-full\" src=\"http:\/\/techsulbrasil.com.br\/wp-content\/uploads\/2021\/11\/gaveta125b-3.gif\" alt=\"\" width=\"730\" height=\"184\" \/><\/td><\/tr><\/tbody><\/table><\/td><\/tr><\/tbody><\/table><\/td><\/tr><tr><td align=\"right\" valign=\"top\"><img loading=\"lazy\" decoding=\"async\" src=\"file:\/\/\/C:\/Users\/crist\/Documents\/net2ftp-1635013629\/imagens\/c3.gif\" width=\"10\" height=\"10\" \/><\/td><td align=\"center\" valign=\"top\">\u00a0<\/td><td align=\"left\" valign=\"top\"><img loading=\"lazy\" decoding=\"async\" src=\"file:\/\/\/C:\/Users\/crist\/Documents\/net2ftp-1635013629\/imagens\/c2.gif\" width=\"10\" height=\"10\" \/><\/td><\/tr><tr><td colspan=\"3\" height=\"22\">\u00a0<\/td><\/tr><\/tbody><\/table>\t\t\t\t\t<\/div>\n\t\t\t\t\t\t<\/div>\n\t\t\t\t<\/div>\n\t\t\t\t\t\t<\/div>\n\t\t\t\t\t<\/div>\n\t\t<\/div>\n\t\t\t\t\t\t\t\t<\/div>\n\t\t\t\t\t<\/div>\n\t\t<\/section>\n\t\t\t\t\t\t<\/div>\n\t\t\t\t\t\t<\/div>\n\t\t\t\t\t<\/div>\n\t\t","protected":false},"excerpt":{"rendered":"<p>V\u00e1lvula Gaveta Classe 125 V\u00e1lvula gaveta em ferro fundido ASTM A 126 B; classe 125 lbs; haste ascendente com rosca trapezoidal externa e castelo aparafusado (OS &amp; Y); volante fixo; extremidades flangeadas padr\u00e3o ANSI B 16.1; face plana; face a face padr\u00e3o ANSIB16.10; internos em inox. Press\u00e3o de trabalho sem choque Vapor &#8211; 125 lbs\/pol\u00b2\u00c1gua, &hellip;<\/p>\n<p class=\"read-more\"> <a class=\"\" href=\"http:\/\/techsulbrasil.com.br\/index.php\/valvula-gaveta-classe-125\/\"> <span class=\"screen-reader-text\">V\u00e1lvula Gaveta Classe 125<\/span> Leia mais &raquo;<\/a><\/p>\n","protected":false},"author":1,"featured_media":0,"parent":0,"menu_order":0,"comment_status":"closed","ping_status":"closed","template":"","meta":{"footnotes":""},"class_list":["post-807","page","type-page","status-publish","hentry"],"_links":{"self":[{"href":"http:\/\/techsulbrasil.com.br\/index.php\/wp-json\/wp\/v2\/pages\/807","targetHints":{"allow":["GET"]}}],"collection":[{"href":"http:\/\/techsulbrasil.com.br\/index.php\/wp-json\/wp\/v2\/pages"}],"about":[{"href":"http:\/\/techsulbrasil.com.br\/index.php\/wp-json\/wp\/v2\/types\/page"}],"author":[{"embeddable":true,"href":"http:\/\/techsulbrasil.com.br\/index.php\/wp-json\/wp\/v2\/users\/1"}],"replies":[{"embeddable":true,"href":"http:\/\/techsulbrasil.com.br\/index.php\/wp-json\/wp\/v2\/comments?post=807"}],"version-history":[{"count":10,"href":"http:\/\/techsulbrasil.com.br\/index.php\/wp-json\/wp\/v2\/pages\/807\/revisions"}],"predecessor-version":[{"id":821,"href":"http:\/\/techsulbrasil.com.br\/index.php\/wp-json\/wp\/v2\/pages\/807\/revisions\/821"}],"wp:attachment":[{"href":"http:\/\/techsulbrasil.com.br\/index.php\/wp-json\/wp\/v2\/media?parent=807"}],"curies":[{"name":"wp","href":"https:\/\/api.w.org\/{rel}","templated":true}]}}