{"id":822,"date":"2021-11-06T19:13:45","date_gmt":"2021-11-06T19:13:45","guid":{"rendered":"http:\/\/techsulbrasil.com.br\/?page_id=822"},"modified":"2021-11-06T19:16:28","modified_gmt":"2021-11-06T19:16:28","slug":"valvula-gaveta-classe-150","status":"publish","type":"page","link":"http:\/\/techsulbrasil.com.br\/index.php\/valvula-gaveta-classe-150\/","title":{"rendered":"V\u00e1lvula Gaveta Classe 150"},"content":{"rendered":"\t\t<div data-elementor-type=\"wp-page\" data-elementor-id=\"822\" class=\"elementor elementor-822\" data-elementor-settings=\"[]\">\n\t\t\t\t\t\t<div class=\"elementor-inner\">\n\t\t\t\t\t\t\t<div class=\"elementor-section-wrap\">\n\t\t\t\t\t\t\t<section class=\"elementor-section elementor-top-section elementor-element elementor-element-fb302b0 elementor-section-boxed elementor-section-height-default elementor-section-height-default\" data-id=\"fb302b0\" data-element_type=\"section\">\n\t\t\t\t\t\t<div class=\"elementor-container elementor-column-gap-default\">\n\t\t\t\t\t\t\t<div class=\"elementor-row\">\n\t\t\t\t\t<div class=\"elementor-column elementor-col-100 elementor-top-column elementor-element elementor-element-d2e2e5d\" data-id=\"d2e2e5d\" data-element_type=\"column\">\n\t\t\t<div class=\"elementor-column-wrap elementor-element-populated\">\n\t\t\t\t\t\t\t<div class=\"elementor-widget-wrap\">\n\t\t\t\t\t\t<div class=\"elementor-element elementor-element-43b6dad elementor-widget elementor-widget-text-editor\" data-id=\"43b6dad\" data-element_type=\"widget\" data-widget_type=\"text-editor.default\">\n\t\t\t\t<div class=\"elementor-widget-container\">\n\t\t\t\t\t\t\t\t<div class=\"elementor-text-editor elementor-clearfix\">\n\t\t\t\t<table border=\"0\" width=\"744\" cellspacing=\"0\" cellpadding=\"0\"><tbody><tr><td align=\"left\" valign=\"top\" height=\"150\"><table border=\"0\" width=\"100%\" cellspacing=\"0\" cellpadding=\"0\"><tbody><tr><td width=\"78%\"><table border=\"0\" width=\"100%\" cellspacing=\"0\" cellpadding=\"0\"><tbody><tr><td class=\"titulo1\" colspan=\"2\" bgcolor=\"#096D9C\">V\u00e1lvula Gaveta Classe 150<\/td><\/tr><tr><td width=\"25%\"><img loading=\"lazy\" decoding=\"async\" class=\"alignnone size-full wp-image-824\" src=\"http:\/\/techsulbrasil.com.br\/wp-content\/uploads\/2021\/11\/gaveta150-1.gif\" alt=\"\" width=\"142\" height=\"300\" \/><\/td><td class=\"normal\" width=\"75%\">V\u00e1lvula gaveta em a\u00e7o carbono fundido ASTM A 216 GR. WCB; classe 150 lbs; haste ascendente com rosca trapezoidal externa e castelo aparafusado (OS &amp; Y); volante fixo; extremidades flangeadas padr\u00e3o ANSI B 16.5; face com ressalto; face a face padr\u00e3o ANSIB16.10; internos em a\u00e7o inoxid\u00e1vel.<br \/><br \/><span class=\"normalbold\">Press\u00e3o de trabalho sem choque <\/span><br \/><br \/>Vapor a 297 \u00baC &#8211; 150 lbs\/pol\u00b2<br \/>\u00c1gua, \u00f3leo e g\u00e1s a 40 \u00baC &#8211; 285 lbs\/pol\u00b2<br \/><br \/><span class=\"normalbold\">Teste Hidrost\u00e1tico<\/span><br \/><br \/>Corpo &#8211; 450 lbs\/pol\u00b2<br \/>Sede &#8211; 315 lbs\/pol\u00b2<\/td><\/tr><\/tbody><\/table><\/td><\/tr><tr><td colspan=\"2\"><table border=\"0\" width=\"730\" cellspacing=\"0\" cellpadding=\"0\"><tbody><tr><td class=\"titulo1\" colspan=\"2\" bgcolor=\"#096D9C\">Especifica\u00e7\u00f5es T\u00e9cnicas<\/td><\/tr><tr><td width=\"330\"><img loading=\"lazy\" decoding=\"async\" class=\"alignnone wp-image-825 size-full\" src=\"http:\/\/techsulbrasil.com.br\/wp-content\/uploads\/2021\/11\/gaveta150-1-1.gif\" alt=\"\" width=\"330\" height=\"556\" \/><\/td><td align=\"left\" valign=\"top\" width=\"400\"><p><img loading=\"lazy\" decoding=\"async\" class=\"alignnone wp-image-826 size-full\" src=\"http:\/\/techsulbrasil.com.br\/wp-content\/uploads\/2021\/11\/gaveta150-2.gif\" alt=\"\" width=\"400\" height=\"361\" \/><\/p><p class=\"normalbold\">\u00a0<\/p><\/td><\/tr><tr><td colspan=\"2\"><img loading=\"lazy\" decoding=\"async\" class=\"alignnone wp-image-827 size-full\" src=\"http:\/\/techsulbrasil.com.br\/wp-content\/uploads\/2021\/11\/gaveta150-3.gif\" alt=\"\" width=\"730\" height=\"175\" \/><\/td><\/tr><\/tbody><\/table><\/td><\/tr><\/tbody><\/table><\/td><\/tr><tr><td align=\"right\" valign=\"top\"><img loading=\"lazy\" decoding=\"async\" src=\"file:\/\/\/C:\/Users\/crist\/Documents\/net2ftp-1635013629\/imagens\/c3.gif\" width=\"10\" height=\"10\" \/><\/td><td align=\"center\" valign=\"top\">\u00a0<\/td><td align=\"left\" valign=\"top\"><img loading=\"lazy\" decoding=\"async\" src=\"file:\/\/\/C:\/Users\/crist\/Documents\/net2ftp-1635013629\/imagens\/c2.gif\" width=\"10\" height=\"10\" \/><\/td><\/tr><\/tbody><\/table>\t\t\t\t\t<\/div>\n\t\t\t\t\t\t<\/div>\n\t\t\t\t<\/div>\n\t\t\t\t\t\t<\/div>\n\t\t\t\t\t<\/div>\n\t\t<\/div>\n\t\t\t\t\t\t\t\t<\/div>\n\t\t\t\t\t<\/div>\n\t\t<\/section>\n\t\t\t\t\t\t<\/div>\n\t\t\t\t\t\t<\/div>\n\t\t\t\t\t<\/div>\n\t\t","protected":false},"excerpt":{"rendered":"<p>V\u00e1lvula Gaveta Classe 150 V\u00e1lvula gaveta em a\u00e7o carbono fundido ASTM A 216 GR. WCB; classe 150 lbs; haste ascendente com rosca trapezoidal externa e castelo aparafusado (OS &amp; Y); volante fixo; extremidades flangeadas padr\u00e3o ANSI B 16.5; face com ressalto; face a face padr\u00e3o ANSIB16.10; internos em a\u00e7o inoxid\u00e1vel. Press\u00e3o de trabalho sem choque &hellip;<\/p>\n<p class=\"read-more\"> <a class=\"\" href=\"http:\/\/techsulbrasil.com.br\/index.php\/valvula-gaveta-classe-150\/\"> <span class=\"screen-reader-text\">V\u00e1lvula Gaveta Classe 150<\/span> Leia mais &raquo;<\/a><\/p>\n","protected":false},"author":1,"featured_media":0,"parent":0,"menu_order":0,"comment_status":"closed","ping_status":"closed","template":"","meta":{"footnotes":""},"class_list":["post-822","page","type-page","status-publish","hentry"],"_links":{"self":[{"href":"http:\/\/techsulbrasil.com.br\/index.php\/wp-json\/wp\/v2\/pages\/822","targetHints":{"allow":["GET"]}}],"collection":[{"href":"http:\/\/techsulbrasil.com.br\/index.php\/wp-json\/wp\/v2\/pages"}],"about":[{"href":"http:\/\/techsulbrasil.com.br\/index.php\/wp-json\/wp\/v2\/types\/page"}],"author":[{"embeddable":true,"href":"http:\/\/techsulbrasil.com.br\/index.php\/wp-json\/wp\/v2\/users\/1"}],"replies":[{"embeddable":true,"href":"http:\/\/techsulbrasil.com.br\/index.php\/wp-json\/wp\/v2\/comments?post=822"}],"version-history":[{"count":7,"href":"http:\/\/techsulbrasil.com.br\/index.php\/wp-json\/wp\/v2\/pages\/822\/revisions"}],"predecessor-version":[{"id":833,"href":"http:\/\/techsulbrasil.com.br\/index.php\/wp-json\/wp\/v2\/pages\/822\/revisions\/833"}],"wp:attachment":[{"href":"http:\/\/techsulbrasil.com.br\/index.php\/wp-json\/wp\/v2\/media?parent=822"}],"curies":[{"name":"wp","href":"https:\/\/api.w.org\/{rel}","templated":true}]}}